{"id":165311,"date":"2026-05-05T14:27:28","date_gmt":"2026-05-05T12:27:28","guid":{"rendered":"https:\/\/secureus.se\/hid-omnikey-5022cl-smart-card-reader-dark-blue\/"},"modified":"2026-05-05T17:45:18","modified_gmt":"2026-05-05T15:45:18","slug":"hid-omnikey-5022cl-smart-card-reader-dark-blue","status":"publish","type":"product","link":"https:\/\/secureus.se\/fi\/hid-omnikey-5022cl-smart-card-reader-dark-blue\/","title":{"rendered":"HID Omnikey 5022CL Smart Card Reader &#8211; Dark Blue"},"content":{"rendered":"<p>HID Omnikey 5022 -\u00e4lykortinlukija on kaksoisliit\u00e4nt\u00e4inen, tietokoneeseen kytketty lukija, jolla on luku-\/kirjoitusominaisuudet 13,56 MHz:n tunnistetietojen, kuten iClassin, DESFiren ja Mifaren, kautta.<\/p>\n<ul>\n<li>Toimii 13,56 MHz:n taajuudella<\/li>\n<li>ISO 14443 A\/B- ja ISO 15693 -yhteensopiva<\/li>\n<li>Valmistajan osanumero: R50220318-DB<\/li>\n<\/ul>\n<p>\n <strong><br \/>\n Tuotteen paino:<br \/>\n 0,06 kg<br \/>\n <\/strong>\n <\/p>","protected":false},"excerpt":{"rendered":"<p>The HID Omnikey 5022 Smart Card Reader is a dual interface PC-linked reader with read\/writing capabilities through 13.56 MHz credentials such as iClass, DESFire and Mifare. Operates at 13.56MHz frequency<\/p>","protected":false},"featured_media":165307,"template":"","meta":{"_acf_changed":false},"product_brand":[],"product_cat":[5132],"product_tag":[],"class_list":{"0":"post-165311","1":"product","2":"type-product","3":"status-publish","4":"has-post-thumbnail","6":"product_cat-lasare-passersystem","7":"pa_brands-hid","8":"tm-no-options","10":"first","11":"instock","12":"sale","13":"taxable","14":"shipping-taxable","15":"purchasable","16":"product-type-simple"},"acf":[],"_links":{"self":[{"href":"https:\/\/secureus.se\/fi\/wp-json\/wp\/v2\/product\/165311","targetHints":{"allow":["GET"]}}],"collection":[{"href":"https:\/\/secureus.se\/fi\/wp-json\/wp\/v2\/product"}],"about":[{"href":"https:\/\/secureus.se\/fi\/wp-json\/wp\/v2\/types\/product"}],"wp:featuredmedia":[{"embeddable":true,"href":"https:\/\/secureus.se\/fi\/wp-json\/wp\/v2\/media\/165307"}],"wp:attachment":[{"href":"https:\/\/secureus.se\/fi\/wp-json\/wp\/v2\/media?parent=165311"}],"wp:term":[{"taxonomy":"product_brand","embeddable":true,"href":"https:\/\/secureus.se\/fi\/wp-json\/wp\/v2\/product_brand?post=165311"},{"taxonomy":"product_cat","embeddable":true,"href":"https:\/\/secureus.se\/fi\/wp-json\/wp\/v2\/product_cat?post=165311"},{"taxonomy":"product_tag","embeddable":true,"href":"https:\/\/secureus.se\/fi\/wp-json\/wp\/v2\/product_tag?post=165311"}],"curies":[{"name":"wp","href":"https:\/\/api.w.org\/{rel}","templated":true}]}}