{"id":165316,"date":"2026-05-05T14:27:28","date_gmt":"2026-05-05T12:27:28","guid":{"rendered":"https:\/\/secureus.se\/honeywell-voyager-1202g-cordless-laser-usb-scanner-kit\/"},"modified":"2026-05-05T17:10:54","modified_gmt":"2026-05-05T15:10:54","slug":"honeywell-voyager-1202g-cordless-laser-usb-scanner-kit","status":"publish","type":"product","link":"https:\/\/secureus.se\/fi\/honeywell-voyager-1202g-cordless-laser-usb-scanner-kit\/","title":{"rendered":"Honeywell Voyager 1202G langaton laser-USB-skanneripaketti"},"content":{"rendered":"<p>Honeywell Voyager 1202G USB-yksiriviskanneri hy\u00f6dynt\u00e4\u00e4 Bluetooth 2.1 -langattoman tekniikan tuomaa vapautta tarjotakseen t\u00e4ydellisen joustavuuden tehokkaaseen, handsfree- ja k\u00e4dess\u00e4 pidett\u00e4v\u00e4\u00e4n skannaukseen. 1202G pystyy skannaamaan tehokkaasti k\u00e4yt\u00e4nn\u00f6ss\u00e4 kaikkia lineaarisia viivakoodeja tihe\u00e4st\u00e4 3,5 miliin asti, ja vaihdettava akku voidaan vaihtaa nopeasti ja helposti jatkuvaa k\u00e4ytt\u00f6\u00e4 varten.<\/p>\n<ul>\n<li>Jalusta sis\u00e4ltyy hintaan<\/li>\n<li>Rajoittamaton liikkuminen jopa 10 metrin et\u00e4isyydell\u00e4 tukikohdasta<\/li>\n<li>Mitat: 18,4 cm x 9,1 cm x 6,1 cm (K x L x S)<\/li>\n<li>Tuetut liit\u00e4nn\u00e4t: USB, RS232, Keyboard Wedge, IBM 46xx (RS485)<\/li>\n<li>Skannausnopeus: jopa 45 000 skannausta yhdell\u00e4 latauksella<\/li>\n<\/ul>\n<p>\n <strong><br \/>\n Tuotteen paino:<br \/>\n 1,00 kg<br \/>\n <\/strong>\n <\/p>","protected":false},"excerpt":{"rendered":"<p>The Honeywell Voyager 1202G USB single-line scanner incorporates the freedom of Bluetooth 2.1 wireless technology to offer complete flexibility for high-performance, hands-free and handheld scanning. The 1202G can \u2018aggressively\u2019 scan<\/p>","protected":false},"featured_media":165315,"template":"","meta":{"_acf_changed":false},"product_brand":[],"product_cat":[5132],"product_tag":[],"class_list":{"0":"post-165316","1":"product","2":"type-product","3":"status-publish","4":"has-post-thumbnail","6":"product_cat-lasare-passersystem","7":"tm-no-options","9":"first","10":"outofstock","11":"sale","12":"taxable","13":"shipping-taxable","14":"purchasable","15":"product-type-simple"},"acf":[],"_links":{"self":[{"href":"https:\/\/secureus.se\/fi\/wp-json\/wp\/v2\/product\/165316","targetHints":{"allow":["GET"]}}],"collection":[{"href":"https:\/\/secureus.se\/fi\/wp-json\/wp\/v2\/product"}],"about":[{"href":"https:\/\/secureus.se\/fi\/wp-json\/wp\/v2\/types\/product"}],"wp:featuredmedia":[{"embeddable":true,"href":"https:\/\/secureus.se\/fi\/wp-json\/wp\/v2\/media\/165315"}],"wp:attachment":[{"href":"https:\/\/secureus.se\/fi\/wp-json\/wp\/v2\/media?parent=165316"}],"wp:term":[{"taxonomy":"product_brand","embeddable":true,"href":"https:\/\/secureus.se\/fi\/wp-json\/wp\/v2\/product_brand?post=165316"},{"taxonomy":"product_cat","embeddable":true,"href":"https:\/\/secureus.se\/fi\/wp-json\/wp\/v2\/product_cat?post=165316"},{"taxonomy":"product_tag","embeddable":true,"href":"https:\/\/secureus.se\/fi\/wp-json\/wp\/v2\/product_tag?post=165316"}],"curies":[{"name":"wp","href":"https:\/\/api.w.org\/{rel}","templated":true}]}}