{"id":165340,"date":"2026-05-05T14:27:18","date_gmt":"2026-05-05T12:27:18","guid":{"rendered":"https:\/\/secureus.se\/pac-blue-22118-oneprox-gs3-hf-vandal-resistant-reader\/"},"modified":"2026-05-05T17:49:21","modified_gmt":"2026-05-05T15:49:21","slug":"pac-blue-22118-oneprox-gs3-hf-vandal-resistant-reader","status":"publish","type":"product","link":"https:\/\/secureus.se\/fi\/pac-blue-22118-oneprox-gs3-hf-vandal-resistant-reader\/","title":{"rendered":"PAC Blue 22118 OneProx GS3 HF Vandal Resistant Reader"},"content":{"rendered":"<p>PAC blue OneProx GS3 -korkeataajuinen ilkivaltasuojattu lukija on kest\u00e4v\u00e4, tunkeutumisluokiteltu kulunvalvontalukija, joka on suunniteltu toimimaan vaativimmissakin k\u00e4ytt\u00f6ymp\u00e4rist\u00f6iss\u00e4. Lukija on IP67-luokiteltu ja siin\u00e4 on turvaluokka 3, mik\u00e4 varmistaa korkean suojaustason kaikkina aikoina.<\/p>\n<ul>\n<li>Yhteensopiva PAC:n, KeyPAC:n ja monien Wiegand-varianttien kanssa<\/li>\n<li>40 mm:n lukuet\u00e4isyys<\/li>\n<li>Elinik\u00e4inen takuu elektroniikkavikoja vastaan<\/li>\n<\/ul>\n<p>\n <strong><br \/>\n Tuotteen paino:<br \/>\n 0,50 kg<br \/>\n <\/strong>\n <\/p>\n<p>\n <strong>Hinta alkaen 382,20 \u20ac<\/strong>\n <\/p>","protected":false},"excerpt":{"rendered":"<p>The PAC blue OneProx GS3 high-frequency vandal-resistant reader is a robust, intruder-graded access reader and is designed to work in the most demanding of operating environments. This reader is IP67<\/p>","protected":false},"featured_media":165339,"template":"","meta":{"_acf_changed":false},"product_brand":[],"product_cat":[5132],"product_tag":[],"class_list":{"0":"post-165340","1":"product","2":"type-product","3":"status-publish","4":"has-post-thumbnail","6":"product_cat-lasare-passersystem","7":"pa_brands-pac","8":"tm-no-options","10":"first","11":"outofstock","12":"sale","13":"taxable","14":"shipping-taxable","15":"purchasable","16":"product-type-simple"},"acf":[],"_links":{"self":[{"href":"https:\/\/secureus.se\/fi\/wp-json\/wp\/v2\/product\/165340","targetHints":{"allow":["GET"]}}],"collection":[{"href":"https:\/\/secureus.se\/fi\/wp-json\/wp\/v2\/product"}],"about":[{"href":"https:\/\/secureus.se\/fi\/wp-json\/wp\/v2\/types\/product"}],"wp:featuredmedia":[{"embeddable":true,"href":"https:\/\/secureus.se\/fi\/wp-json\/wp\/v2\/media\/165339"}],"wp:attachment":[{"href":"https:\/\/secureus.se\/fi\/wp-json\/wp\/v2\/media?parent=165340"}],"wp:term":[{"taxonomy":"product_brand","embeddable":true,"href":"https:\/\/secureus.se\/fi\/wp-json\/wp\/v2\/product_brand?post=165340"},{"taxonomy":"product_cat","embeddable":true,"href":"https:\/\/secureus.se\/fi\/wp-json\/wp\/v2\/product_cat?post=165340"},{"taxonomy":"product_tag","embeddable":true,"href":"https:\/\/secureus.se\/fi\/wp-json\/wp\/v2\/product_tag?post=165340"}],"curies":[{"name":"wp","href":"https:\/\/api.w.org\/{rel}","templated":true}]}}