{"id":165342,"date":"2026-05-05T14:27:27","date_gmt":"2026-05-05T12:27:27","guid":{"rendered":"https:\/\/secureus.se\/hid-5355agk00-proxpro-card-reader-with-keypad\/"},"modified":"2026-05-05T17:45:42","modified_gmt":"2026-05-05T15:45:42","slug":"hid-5355agk00-proxpro-card-reader-with-keypad","status":"publish","type":"product","link":"https:\/\/secureus.se\/fi\/hid-5355agk00-proxpro-card-reader-with-keypad\/","title":{"rendered":"HID 5355AGK00 ProxPro Card Reader with Keypad"},"content":{"rendered":"<p>Hanki HID 5355AGK00 PROXPRO -kortinlukija n\u00e4pp\u00e4imist\u00f6ll\u00e4 sovelluksiin, jotka vaativat suurempaa lukuet\u00e4isyytt\u00e4. Sen tyylik\u00e4s kotelo mahdollistaa helpon asennuksen sis\u00e4- tai ulkotiloihin.<\/p>\n<ul>\n<li>Saatavilla Wiegand-, sarja- (RS-232\/RS-422) tai kello- ja dataliit\u00e4nn\u00e4ll\u00e4.<\/li>\n<li>Saatavilla on valinnainen lasikiinnityssarja lukijan asentamiseen lasin taakse.<\/li>\n<li>\u00a0N\u00e4pp\u00e4imist\u00f6n ja kortin tiedot voidaan l\u00e4hett\u00e4\u00e4 samalla kaapelilla tai erillisell\u00e4 kaapelilla k\u00e4ytt\u00e4m\u00e4ll\u00e4 2\/7- tai 3 x 4 -matriisia.<\/li>\n<\/ul>\n<p>\n <strong><br \/>\n Tuotteen paino:<br \/>\n 0,34 kg<br \/>\n <\/strong>\n <\/p>","protected":false},"excerpt":{"rendered":"<p>Get HID 5355AGK00 PROXPRO Card READER WITH KEYPAD\u00a0 for appilcations requiring a larger read range. Its attractive enclosure allows easy mounting indoors or out. Available with Wiegand, Serial (RS-232\/RS-422) or<\/p>","protected":false},"featured_media":165341,"template":"","meta":{"_acf_changed":false},"product_brand":[],"product_cat":[5132],"product_tag":[],"class_list":{"0":"post-165342","1":"product","2":"type-product","3":"status-publish","4":"has-post-thumbnail","6":"product_cat-lasare-passersystem","7":"pa_brands-hid","8":"tm-no-options","10":"first","11":"outofstock","12":"sale","13":"taxable","14":"shipping-taxable","15":"purchasable","16":"product-type-simple"},"acf":[],"_links":{"self":[{"href":"https:\/\/secureus.se\/fi\/wp-json\/wp\/v2\/product\/165342","targetHints":{"allow":["GET"]}}],"collection":[{"href":"https:\/\/secureus.se\/fi\/wp-json\/wp\/v2\/product"}],"about":[{"href":"https:\/\/secureus.se\/fi\/wp-json\/wp\/v2\/types\/product"}],"wp:featuredmedia":[{"embeddable":true,"href":"https:\/\/secureus.se\/fi\/wp-json\/wp\/v2\/media\/165341"}],"wp:attachment":[{"href":"https:\/\/secureus.se\/fi\/wp-json\/wp\/v2\/media?parent=165342"}],"wp:term":[{"taxonomy":"product_brand","embeddable":true,"href":"https:\/\/secureus.se\/fi\/wp-json\/wp\/v2\/product_brand?post=165342"},{"taxonomy":"product_cat","embeddable":true,"href":"https:\/\/secureus.se\/fi\/wp-json\/wp\/v2\/product_cat?post=165342"},{"taxonomy":"product_tag","embeddable":true,"href":"https:\/\/secureus.se\/fi\/wp-json\/wp\/v2\/product_tag?post=165342"}],"curies":[{"name":"wp","href":"https:\/\/api.w.org\/{rel}","templated":true}]}}