{"id":165358,"date":"2026-05-05T14:27:27","date_gmt":"2026-05-05T12:27:27","guid":{"rendered":"https:\/\/secureus.se\/hid-omnikey-6121-mobile-usb-reader-r61210320-2\/"},"modified":"2026-05-05T17:11:13","modified_gmt":"2026-05-05T15:11:13","slug":"hid-omnikey-6121-mobile-usb-reader-r61210320-2","status":"publish","type":"product","link":"https:\/\/secureus.se\/fi\/hid-omnikey-6121-mobile-usb-reader-r61210320-2\/","title":{"rendered":"HID Omnikey 6121 Mobile USB Reader, R61210320-2"},"content":{"rendered":"<p>HID Omnikey 6121 Mobile USB Reader on suunniteltu lukemaan ja kirjoittamaan 13,56 MHz:n kontaktittomia \u00e4lykortteja ja SIM-kortin kokoisia kontaktillisia \u00e4lykortteja. N\u00e4m\u00e4 kompaktit kaksoisliit\u00e4nt\u00e4iset lukijat yhdistyv\u00e4t useimpiin t\u00e4rkeimpiin k\u00e4ytt\u00f6j\u00e4rjestelmiin USB-portin kautta nopeaa tiedonsiirtoa varten.<\/p>\n<ul>\n<li>Keskim\u00e4\u00e4r\u00e4inen k\u00e4ytt\u00f6ik\u00e4 30 000 asetusta<\/li>\n<li>ISO 7816- ja CCID-yhteensopiva<\/li>\n<li>Yhteensopiva useimpien t\u00e4rkeimpien k\u00e4ytt\u00f6j\u00e4rjestelmien kanssa<\/li>\n<li>Valmistajan osanumero: R61210320-2<\/li>\n<\/ul>\n<p>\n <strong><br \/>\n Tuotteen paino:<br \/>\n 0,20 kg<br \/>\n <\/strong>\n <\/p>","protected":false},"excerpt":{"rendered":"<p>The HID Omnikey 6121 Mobile USB Reader is designed to read and write to 13.56 MHz contactless smart cards and SIM-sized contact smart cards. These compact dual-interface readers link to<\/p>","protected":false},"featured_media":165357,"template":"","meta":{"_acf_changed":false},"product_brand":[],"product_cat":[5132],"product_tag":[],"class_list":{"0":"post-165358","1":"product","2":"type-product","3":"status-publish","4":"has-post-thumbnail","6":"product_cat-lasare-passersystem","7":"tm-no-options","9":"first","10":"outofstock","11":"sale","12":"taxable","13":"shipping-taxable","14":"purchasable","15":"product-type-simple"},"acf":[],"_links":{"self":[{"href":"https:\/\/secureus.se\/fi\/wp-json\/wp\/v2\/product\/165358","targetHints":{"allow":["GET"]}}],"collection":[{"href":"https:\/\/secureus.se\/fi\/wp-json\/wp\/v2\/product"}],"about":[{"href":"https:\/\/secureus.se\/fi\/wp-json\/wp\/v2\/types\/product"}],"wp:featuredmedia":[{"embeddable":true,"href":"https:\/\/secureus.se\/fi\/wp-json\/wp\/v2\/media\/165357"}],"wp:attachment":[{"href":"https:\/\/secureus.se\/fi\/wp-json\/wp\/v2\/media?parent=165358"}],"wp:term":[{"taxonomy":"product_brand","embeddable":true,"href":"https:\/\/secureus.se\/fi\/wp-json\/wp\/v2\/product_brand?post=165358"},{"taxonomy":"product_cat","embeddable":true,"href":"https:\/\/secureus.se\/fi\/wp-json\/wp\/v2\/product_cat?post=165358"},{"taxonomy":"product_tag","embeddable":true,"href":"https:\/\/secureus.se\/fi\/wp-json\/wp\/v2\/product_tag?post=165358"}],"curies":[{"name":"wp","href":"https:\/\/api.w.org\/{rel}","templated":true}]}}