{"id":165360,"date":"2026-05-05T14:27:18","date_gmt":"2026-05-05T12:27:18","guid":{"rendered":"https:\/\/secureus.se\/pac-black-20119-oneprox-gs3-hf-panel-mount-reader\/"},"modified":"2026-05-05T17:23:22","modified_gmt":"2026-05-05T15:23:22","slug":"pac-black-20119-oneprox-gs3-hf-panel-mount-reader","status":"publish","type":"product","link":"https:\/\/secureus.se\/fi\/pac-black-20119-oneprox-gs3-hf-panel-mount-reader\/","title":{"rendered":"PAC Black 20119 OneProx GS3 HF Panel Mount Reader"},"content":{"rendered":"<p>Musta PAC OneProx GS3 -korkeataajuinen paneeliin asennettava lukija on suunniteltu sopimaan alkuper\u00e4isiin ovikelmupaneeleihin, mik\u00e4 tekee siit\u00e4 helpon j\u00e4lkiasennusvaihtoehdon integroitavaksi ovipuhelimiin ja muihin j\u00e4rjestelmiin. Lukija on suunniteltu my\u00f6s toimimaan vaativimmissakin k\u00e4ytt\u00f6ymp\u00e4rist\u00f6iss\u00e4, ja sill\u00e4 on IP65-luokitus, mik\u00e4 tekee siit\u00e4 s\u00e4\u00e4nkest\u00e4v\u00e4n sek\u00e4 sis\u00e4- ett\u00e4 ulkotiloissa. T\u00e4m\u00e4 lukija on korkeataajuinen versio OneProx GS3 -matalataajuisesta paneeliin asennettavasta lukijasta.<\/p>\n<ul>\n<li>Yhteensopiva PAC Opsin, PAC Ops Liten ja monien Wiegand-varianttien kanssa<\/li>\n<li>20 mm:n lukuet\u00e4isyys<\/li>\n<li>Elinik\u00e4inen takuu elektroniikkavikoja vastaan<\/li>\n<\/ul>\n<p>\n <strong><br \/>\n Tuotteen paino:<br \/>\n 0,50 kg<br \/>\n <\/strong>\n <\/p>\n<p>\n <strong>Hinta alkaen 277,20 \u20ac<\/strong>\n <\/p>","protected":false},"excerpt":{"rendered":"<p>The PAC black OneProx GS3 high-frequency panel mount reader.is designed to fit OEM door entry panels which makes it an easy retrofit reader option for integration with intercoms and other<\/p>","protected":false},"featured_media":165359,"template":"","meta":{"_acf_changed":false},"product_brand":[],"product_cat":[5132],"product_tag":[],"class_list":{"0":"post-165360","1":"product","2":"type-product","3":"status-publish","4":"has-post-thumbnail","6":"product_cat-lasare-passersystem","7":"tm-no-options","9":"first","10":"outofstock","11":"sale","12":"taxable","13":"shipping-taxable","14":"purchasable","15":"product-type-simple"},"acf":[],"_links":{"self":[{"href":"https:\/\/secureus.se\/fi\/wp-json\/wp\/v2\/product\/165360","targetHints":{"allow":["GET"]}}],"collection":[{"href":"https:\/\/secureus.se\/fi\/wp-json\/wp\/v2\/product"}],"about":[{"href":"https:\/\/secureus.se\/fi\/wp-json\/wp\/v2\/types\/product"}],"wp:featuredmedia":[{"embeddable":true,"href":"https:\/\/secureus.se\/fi\/wp-json\/wp\/v2\/media\/165359"}],"wp:attachment":[{"href":"https:\/\/secureus.se\/fi\/wp-json\/wp\/v2\/media?parent=165360"}],"wp:term":[{"taxonomy":"product_brand","embeddable":true,"href":"https:\/\/secureus.se\/fi\/wp-json\/wp\/v2\/product_brand?post=165360"},{"taxonomy":"product_cat","embeddable":true,"href":"https:\/\/secureus.se\/fi\/wp-json\/wp\/v2\/product_cat?post=165360"},{"taxonomy":"product_tag","embeddable":true,"href":"https:\/\/secureus.se\/fi\/wp-json\/wp\/v2\/product_tag?post=165360"}],"curies":[{"name":"wp","href":"https:\/\/api.w.org\/{rel}","templated":true}]}}