{"id":165372,"date":"2026-05-05T14:27:24","date_gmt":"2026-05-05T12:27:24","guid":{"rendered":"https:\/\/secureus.se\/hid-signo-express-20-reader-x3\/"},"modified":"2026-05-05T17:47:02","modified_gmt":"2026-05-05T15:47:02","slug":"hid-signo-express-20-reader-x3","status":"publish","type":"product","link":"https:\/\/secureus.se\/fi\/hid-signo-express-20-reader-x3\/","title":{"rendered":"HID\u00ae Signo\u2122 Express 20 Reader X3"},"content":{"rendered":"<p>Esittelyss\u00e4 HID\u00ae Signo\u2122 Express 20 X3 -lukija: virtaviivainen ratkaisusi turvalliseen fyysiseen kulunvalvontaan. Se on suunniteltu joustavuutta ja edullisuutta silm\u00e4ll\u00e4 pit\u00e4en ja tarjoaa tarpeisiisi r\u00e4\u00e4t\u00e4l\u00f6ityj\u00e4 olennaisia ominaisuuksia.<\/p>\n<p>P\u00e4\u00e4set alkuun muutamassa minuutissa valmiiksi m\u00e4\u00e4ritettyjen asetusten avulla suoraan pakkauksesta. Hy\u00f6dynn\u00e4 huomattavaa Seos\u00ae-suorituskyky\u00e4, joka varmistaa parhaan mahdollisen k\u00e4ytt\u00f6kokemuksen niin fyysisi\u00e4 kortteja kuin mobiilitunnisteitakin k\u00e4ytett\u00e4ess\u00e4.<\/p>\n<p>With support for industry-leading Seos\u00ae credential technology, enjoy robust encryption and unrivaled privacy protection. Seamlessly integrate mobile access via Bluetooth LE and NFC technologies, meeting the demands of today&#8217;s mobile-first world.<\/p>\n<p>Standardoitu Wiegand-l\u00e4ht\u00f6 ja liittimet yksinkertaistavat asennusta, ja Bluetooth LE -ominaisuus mahdollistaa helpon p\u00e4ivityksen ja hallinnan. Yhteensopiva HID Reader Managerin kanssa k\u00e4tev\u00e4\u00e4 konfigurointia ja laiteohjelmistop\u00e4ivityksi\u00e4 varten kent\u00e4ll\u00e4.<\/p>\n<p>Valmistajan osanumero: 20XTKK-X3-000000<\/p>\n<p>\n <strong><br \/>\n Tuotteen paino:<br \/>\n 0,50 kg<br \/>\n <\/strong>\n <\/p>\n<p>\n <strong>Hinta alkaen 107,99 \u20ac<\/strong>\n <\/p>","protected":false},"excerpt":{"rendered":"<p>Esittelyss\u00e4 HID\u00ae Signo\u2122 Express 20 X3 -lukija: virtaviivainen ratkaisusi turvalliseen fyysiseen kulunvalvontaan. Se on suunniteltu joustavuutta ja edullisuutta silm\u00e4ll\u00e4 pit\u00e4en ja tarjoaa tarpeisiisi r\u00e4\u00e4t\u00e4l\u00f6ityj\u00e4 olennaisia ominaisuuksia.<\/p>","protected":false},"featured_media":165371,"template":"","meta":{"_acf_changed":false},"product_brand":[],"product_cat":[5132],"product_tag":[],"class_list":{"0":"post-165372","1":"product","2":"type-product","3":"status-publish","4":"has-post-thumbnail","6":"product_cat-lasare-passersystem","7":"pa_brands-hid","8":"tm-no-options","10":"first","11":"outofstock","12":"sale","13":"taxable","14":"shipping-taxable","15":"purchasable","16":"product-type-simple"},"acf":[],"_links":{"self":[{"href":"https:\/\/secureus.se\/fi\/wp-json\/wp\/v2\/product\/165372","targetHints":{"allow":["GET"]}}],"collection":[{"href":"https:\/\/secureus.se\/fi\/wp-json\/wp\/v2\/product"}],"about":[{"href":"https:\/\/secureus.se\/fi\/wp-json\/wp\/v2\/types\/product"}],"wp:featuredmedia":[{"embeddable":true,"href":"https:\/\/secureus.se\/fi\/wp-json\/wp\/v2\/media\/165371"}],"wp:attachment":[{"href":"https:\/\/secureus.se\/fi\/wp-json\/wp\/v2\/media?parent=165372"}],"wp:term":[{"taxonomy":"product_brand","embeddable":true,"href":"https:\/\/secureus.se\/fi\/wp-json\/wp\/v2\/product_brand?post=165372"},{"taxonomy":"product_cat","embeddable":true,"href":"https:\/\/secureus.se\/fi\/wp-json\/wp\/v2\/product_cat?post=165372"},{"taxonomy":"product_tag","embeddable":true,"href":"https:\/\/secureus.se\/fi\/wp-json\/wp\/v2\/product_tag?post=165372"}],"curies":[{"name":"wp","href":"https:\/\/api.w.org\/{rel}","templated":true}]}}