{"id":165374,"date":"2026-05-05T14:27:25","date_gmt":"2026-05-05T12:27:25","guid":{"rendered":"https:\/\/secureus.se\/pac-12182-ds1-reader\/"},"modified":"2026-05-05T17:11:23","modified_gmt":"2026-05-05T15:11:23","slug":"pac-12182-ds1-reader","status":"publish","type":"product","link":"https:\/\/secureus.se\/fi\/pac-12182-ds1-reader\/","title":{"rendered":"PAC 12182 DS1 Reader"},"content":{"rendered":"<p>Korkeataajuinen PAC DS1 -lukija yhdist\u00e4\u00e4 PAC:n ainutlaatuisen One prox smart (Ops) -teknologian alan johtaviin MIFARE- ja DESFIRE EV1 -tunnistuslaitteiden salausprotokolliin saavuttaakseen korkeimman mahdollisen RFID-p\u00e4\u00e4syoikeuksien valvonnan tietoturvan. T\u00e4m\u00e4 yhdistelm\u00e4 tarjoaa vertaansa vailla olevan turvallisuuden, koska tunnistuslaitetta ei voi kloonata kuten monia matalataajuisia tunnistuslaitteita. T\u00e4m\u00e4 lukija on tarkoitettu vain sis\u00e4k\u00e4ytt\u00f6\u00f6n.<\/p>\n<ul>\n<li>Yhteensopiva PAC Opsin, PAC Ops Liten ja kolmannen osapuolen tunnistetietojen kanssa (Wiegandin kautta)<\/li>\n<li>45 mm:n lukuet\u00e4isyys<\/li>\n<li>1 vuoden takuu elektroniikkavikoja vastaan<\/li>\n<\/ul>\n<p>\n <strong><br \/>\n Tuotteen paino:<br \/>\n 0,50 kg<br \/>\n <\/strong>\n <\/p>\n<p>\n <strong>Hinta alkaen 153,30 \u20ac<\/strong>\n <\/p>","protected":false},"excerpt":{"rendered":"<p>The high-frequency PAC DS1 reader combines PACs unique One prox smart (Ops) technology with industry-leading MIFARE and DESFIRE EV1 ID device encryption protocols to achieve the highest standard of RFID<\/p>","protected":false},"featured_media":165373,"template":"","meta":{"_acf_changed":false},"product_brand":[],"product_cat":[5132],"product_tag":[],"class_list":{"0":"post-165374","1":"product","2":"type-product","3":"status-publish","4":"has-post-thumbnail","6":"product_cat-lasare-passersystem","7":"tm-no-options","9":"first","10":"outofstock","11":"sale","12":"taxable","13":"shipping-taxable","14":"purchasable","15":"product-type-simple"},"acf":[],"_links":{"self":[{"href":"https:\/\/secureus.se\/fi\/wp-json\/wp\/v2\/product\/165374","targetHints":{"allow":["GET"]}}],"collection":[{"href":"https:\/\/secureus.se\/fi\/wp-json\/wp\/v2\/product"}],"about":[{"href":"https:\/\/secureus.se\/fi\/wp-json\/wp\/v2\/types\/product"}],"wp:featuredmedia":[{"embeddable":true,"href":"https:\/\/secureus.se\/fi\/wp-json\/wp\/v2\/media\/165373"}],"wp:attachment":[{"href":"https:\/\/secureus.se\/fi\/wp-json\/wp\/v2\/media?parent=165374"}],"wp:term":[{"taxonomy":"product_brand","embeddable":true,"href":"https:\/\/secureus.se\/fi\/wp-json\/wp\/v2\/product_brand?post=165374"},{"taxonomy":"product_cat","embeddable":true,"href":"https:\/\/secureus.se\/fi\/wp-json\/wp\/v2\/product_cat?post=165374"},{"taxonomy":"product_tag","embeddable":true,"href":"https:\/\/secureus.se\/fi\/wp-json\/wp\/v2\/product_tag?post=165374"}],"curies":[{"name":"wp","href":"https:\/\/api.w.org\/{rel}","templated":true}]}}