{"id":165376,"date":"2026-05-05T14:27:18","date_gmt":"2026-05-05T12:27:18","guid":{"rendered":"https:\/\/secureus.se\/wavelynx-apex-ax-20-ascent-single-gang-access-reader\/"},"modified":"2026-05-05T17:22:53","modified_gmt":"2026-05-05T15:22:53","slug":"wavelynx-apex-ax-20-ascent-single-gang-access-reader","status":"publish","type":"product","link":"https:\/\/secureus.se\/fi\/wavelynx-apex-ax-20-ascent-single-gang-access-reader\/","title":{"rendered":"Wavelynx APEX AX-20 Ascent Single Gang Access Reader"},"content":{"rendered":"<p>AX-20 Ascent yhdist\u00e4\u00e4 modernin p\u00e4\u00e4sytekniikan ja vanhojen laitteiden tuen tyylikk\u00e4\u00e4ss\u00e4, yhden ryhm\u00e4n j\u00e4rjestelm\u00e4ss\u00e4. Se tarjoaa yhteensopivuuden mobiililaitteiden, korttien ja puettavien tunnistetietojen kanssa, edistyneen salauksen ja OSDP Autodetect -ominaisuuden helppoja p\u00e4ivityksi\u00e4 varten.<\/p>\n<ul>\n<li>Nousualue tukee vain HF- ja BLE-tunnuksia\u00a0<\/li>\n<li>Toimii 13,56 MHz:n taajuudella<\/li>\n<li>2 tuuman lukuet\u00e4isyys<\/li>\n<li>LED-valopalkki lukijan yl\u00e4osassa<\/li>\n<\/ul>\n<p>Valmistajan osanumero: AX-20-A-ST-CWL1<\/p>\n<p>\n <strong><br \/>\n Tuotteen paino:<br \/>\n 0.38 kg<br \/>\n <\/strong>\n <\/p>","protected":false},"excerpt":{"rendered":"<p>The AX-20 Ascent combines modern access tech with legacy support in a sleek, single gang design. It offers mobile, card, and wearable credential compatibility, advanced encryption, and OSDP Autodetect for<\/p>","protected":false},"featured_media":165375,"template":"","meta":{"_acf_changed":false},"product_brand":[],"product_cat":[5132],"product_tag":[],"class_list":{"0":"post-165376","1":"product","2":"type-product","3":"status-publish","4":"has-post-thumbnail","6":"product_cat-lasare-passersystem","7":"tm-no-options","9":"first","10":"instock","11":"sale","12":"taxable","13":"shipping-taxable","14":"purchasable","15":"product-type-simple"},"acf":[],"_links":{"self":[{"href":"https:\/\/secureus.se\/fi\/wp-json\/wp\/v2\/product\/165376","targetHints":{"allow":["GET"]}}],"collection":[{"href":"https:\/\/secureus.se\/fi\/wp-json\/wp\/v2\/product"}],"about":[{"href":"https:\/\/secureus.se\/fi\/wp-json\/wp\/v2\/types\/product"}],"wp:featuredmedia":[{"embeddable":true,"href":"https:\/\/secureus.se\/fi\/wp-json\/wp\/v2\/media\/165375"}],"wp:attachment":[{"href":"https:\/\/secureus.se\/fi\/wp-json\/wp\/v2\/media?parent=165376"}],"wp:term":[{"taxonomy":"product_brand","embeddable":true,"href":"https:\/\/secureus.se\/fi\/wp-json\/wp\/v2\/product_brand?post=165376"},{"taxonomy":"product_cat","embeddable":true,"href":"https:\/\/secureus.se\/fi\/wp-json\/wp\/v2\/product_cat?post=165376"},{"taxonomy":"product_tag","embeddable":true,"href":"https:\/\/secureus.se\/fi\/wp-json\/wp\/v2\/product_tag?post=165376"}],"curies":[{"name":"wp","href":"https:\/\/api.w.org\/{rel}","templated":true}]}}