{"id":165382,"date":"2026-05-05T14:27:18","date_gmt":"2026-05-05T12:27:18","guid":{"rendered":"https:\/\/secureus.se\/wavelynx-ethos-et10-standard-mullion-reader-w-hfproxble\/"},"modified":"2026-05-05T17:49:46","modified_gmt":"2026-05-05T15:49:46","slug":"wavelynx-ethos-et10-standard-mullion-reader-w-hfproxble","status":"publish","type":"product","link":"https:\/\/secureus.se\/fi\/wavelynx-ethos-et10-standard-mullion-reader-w-hfproxble\/","title":{"rendered":"Wavelynx Ethos ET10 Standard Mullion Reader w\/ HF+Prox+BLE"},"content":{"rendered":"<p>Wavelynx Ethos ET10 on kompakti ja eritt\u00e4in turvallinen pystypalkkilukija, joka on suunniteltu nykyaikaisiin kulunvalvontaj\u00e4rjestelmiin. Edistyneen salauksen ja useiden tunnistetietojen tuen, mukaan lukien mobiilik\u00e4yt\u00f6n NFC:n ja Bluetooth\u00ae:n kautta, ansiosta se tarjoaa tulevaisuudenkest\u00e4v\u00e4n ratkaisun turvalliseen kulunvalvontaan.<\/p>\n<p>T\u00e4rkeimm\u00e4t ominaisuudet:<\/p>\n<ul>\n<li>Ohut runkorakenne saumattomaan asennukseen ovenkarmeihin ja kapeisiin tiloihin<\/li>\n<li>Tukee l\u00e4hiet\u00e4isyyden kortteja, \u00e4lykortteja ja mobiilitunnisteita<\/li>\n<li>Mobiilivalmis NFC- ja Bluetooth\u00ae-yhteensopivuudella kosketuksetonta k\u00e4ytt\u00f6\u00e4 varten<\/li>\n<li>S\u00e4\u00e4nkest\u00e4v\u00e4 (IP65-luokiteltu) luotettavaan sis\u00e4- ja ulkok\u00e4ytt\u00f6\u00f6n<\/li>\n<li>Yhteensopiva OSDP- ja Wiegand-protokollien kanssa helppoa integrointia varten<\/li>\n<\/ul>\n<p>Valmistajan osanumero: ET10-7WS-CWL1<\/p>\n<p>\n <strong><br \/>\n Tuotteen paino:<br \/>\n 0,50 kg<br \/>\n <\/strong>\n <\/p>","protected":false},"excerpt":{"rendered":"<p>The Wavelynx Ethos ET10 is a compact, high-security mullion reader designed for modern access control systems. With advanced encryption and support for multiple credential types, including mobile access via NFC<\/p>","protected":false},"featured_media":165381,"template":"","meta":{"_acf_changed":false},"product_brand":[],"product_cat":[5132],"product_tag":[],"class_list":{"0":"post-165382","1":"product","2":"type-product","3":"status-publish","4":"has-post-thumbnail","6":"product_cat-lasare-passersystem","7":"pa_brands-wavelynx","8":"tm-no-options","10":"first","11":"instock","12":"sale","13":"taxable","14":"shipping-taxable","15":"purchasable","16":"product-type-simple"},"acf":[],"_links":{"self":[{"href":"https:\/\/secureus.se\/fi\/wp-json\/wp\/v2\/product\/165382","targetHints":{"allow":["GET"]}}],"collection":[{"href":"https:\/\/secureus.se\/fi\/wp-json\/wp\/v2\/product"}],"about":[{"href":"https:\/\/secureus.se\/fi\/wp-json\/wp\/v2\/types\/product"}],"wp:featuredmedia":[{"embeddable":true,"href":"https:\/\/secureus.se\/fi\/wp-json\/wp\/v2\/media\/165381"}],"wp:attachment":[{"href":"https:\/\/secureus.se\/fi\/wp-json\/wp\/v2\/media?parent=165382"}],"wp:term":[{"taxonomy":"product_brand","embeddable":true,"href":"https:\/\/secureus.se\/fi\/wp-json\/wp\/v2\/product_brand?post=165382"},{"taxonomy":"product_cat","embeddable":true,"href":"https:\/\/secureus.se\/fi\/wp-json\/wp\/v2\/product_cat?post=165382"},{"taxonomy":"product_tag","embeddable":true,"href":"https:\/\/secureus.se\/fi\/wp-json\/wp\/v2\/product_tag?post=165382"}],"curies":[{"name":"wp","href":"https:\/\/api.w.org\/{rel}","templated":true}]}}