{"id":165387,"date":"2026-05-05T14:27:26","date_gmt":"2026-05-05T12:27:26","guid":{"rendered":"https:\/\/secureus.se\/wavelynx-apex-ax-10-ascent-mullion-access-reader\/"},"modified":"2026-05-05T17:12:34","modified_gmt":"2026-05-05T15:12:34","slug":"wavelynx-apex-ax-10-ascent-mullion-access-reader","status":"publish","type":"product","link":"https:\/\/secureus.se\/fi\/wavelynx-apex-ax-10-ascent-mullion-access-reader\/","title":{"rendered":"Wavelynx APEX AX-10 Ascent Mullion Access Reader"},"content":{"rendered":"<p>AX-10 Ascent on ohut ja kest\u00e4v\u00e4 RFID-lukija, joka tukee mobiili-, kortti- ja puettavia tunnistetietoja. Edistyneen salauksen, peukaloinnin tunnistuksen ja OSDP-tuen ansiosta se tarjoaa turvallisen ja tulevaisuuden vaatimukset t\u00e4ytt\u00e4v\u00e4n p\u00e4\u00e4synhallinnan kompaktissa pystypalkkirakenteessa \u2013 ihanteellinen nykyaikaisiin rakennuksiin ja j\u00e4rjestelm\u00e4p\u00e4ivityksiin.<\/p>\n<ul>\n<li>Nousualue tukee vain HF- ja BLE-tunnuksia<\/li>\n<li>Toimii 13,56 MHz:n taajuudella<\/li>\n<li>2 tuuman lukuet\u00e4isyys<\/li>\n<li>LED-valopalkki lukijan yl\u00e4osassa<\/li>\n<\/ul>\n<p>Valmistajan osanumero: AX-10-A-ST-CWL1<\/p>\n<p>\n <strong><br \/>\n Tuotteen paino:<br \/>\n 0.38 kg<br \/>\n <\/strong>\n <\/p>","protected":false},"excerpt":{"rendered":"<p>The AX-10 Ascent is a slim, durable RFID reader that supports mobile, card, and wearable credentials. With advanced encryption, tamper detection, and OSDP support, it offers secure, future-ready access control<\/p>","protected":false},"featured_media":165386,"template":"","meta":{"_acf_changed":false},"product_brand":[],"product_cat":[5132],"product_tag":[],"class_list":{"0":"post-165387","1":"product","2":"type-product","3":"status-publish","4":"has-post-thumbnail","6":"product_cat-lasare-passersystem","7":"tm-no-options","9":"first","10":"instock","11":"sale","12":"taxable","13":"shipping-taxable","14":"purchasable","15":"product-type-simple"},"acf":[],"_links":{"self":[{"href":"https:\/\/secureus.se\/fi\/wp-json\/wp\/v2\/product\/165387","targetHints":{"allow":["GET"]}}],"collection":[{"href":"https:\/\/secureus.se\/fi\/wp-json\/wp\/v2\/product"}],"about":[{"href":"https:\/\/secureus.se\/fi\/wp-json\/wp\/v2\/types\/product"}],"wp:featuredmedia":[{"embeddable":true,"href":"https:\/\/secureus.se\/fi\/wp-json\/wp\/v2\/media\/165386"}],"wp:attachment":[{"href":"https:\/\/secureus.se\/fi\/wp-json\/wp\/v2\/media?parent=165387"}],"wp:term":[{"taxonomy":"product_brand","embeddable":true,"href":"https:\/\/secureus.se\/fi\/wp-json\/wp\/v2\/product_brand?post=165387"},{"taxonomy":"product_cat","embeddable":true,"href":"https:\/\/secureus.se\/fi\/wp-json\/wp\/v2\/product_cat?post=165387"},{"taxonomy":"product_tag","embeddable":true,"href":"https:\/\/secureus.se\/fi\/wp-json\/wp\/v2\/product_tag?post=165387"}],"curies":[{"name":"wp","href":"https:\/\/api.w.org\/{rel}","templated":true}]}}