{"id":165414,"date":"2026-05-05T14:27:21","date_gmt":"2026-05-05T12:27:21","guid":{"rendered":"https:\/\/secureus.se\/hid-signo-40-keypad-reader-pigtail-connection\/"},"modified":"2026-05-05T17:48:00","modified_gmt":"2026-05-05T15:48:00","slug":"hid-signo-40-keypad-reader-pigtail-connection","status":"publish","type":"product","link":"https:\/\/secureus.se\/fi\/hid-signo-40-keypad-reader-pigtail-connection\/","title":{"rendered":"HID\u00ae Signo\u2122 40 Keypad Reader &#8211; Pigtail Connection"},"content":{"rendered":"<p>HID Signo 40 -n\u00e4pp\u00e4imist\u00f6lukija sopii erinomaisesti korkean turvallisuuden yrityksille, sill\u00e4 se tarjoaa monivaiheisen todennuksen paremman turvallisuuden takaamiseksi. T\u00e4m\u00e4 sein\u00e4kytkimeen asennettava lukija tarjoaa lis\u00e4suojaa k\u00e4ytt\u00e4m\u00e4ll\u00e4 n\u00e4pp\u00e4imist\u00f6\u00e4 ja kontaktitonta lukijaa samanaikaisesti seuraavien 2,4 GHz:n, 13,56 MHz:n ja 125 kHz:n tekniikoiden avulla:<\/p>\n<ul>\n<li>iCLASS Seos\u00ae<\/li>\n<li>iCLASS, iCLASS SE\u00ae, CEPAS<\/li>\n<li>MIFARE\u2122 Classic, MIFARE\u2122 DESFire\u2122<\/li>\n<li>HID Prox\u00ae, Indala Prox\u00ae, AWID Prox\u00ae, EM Prox\u00ae<\/li>\n<\/ul>\n<p>Pigtail-liit\u00e4nt\u00e4<\/p>\n<p>Valmistajan osanumero: 40KNKS-00-000000<\/p>\n<p>\n <strong><br \/>\n Tuotteen paino:<br \/>\n 0,50 kg<br \/>\n <\/strong>\n <\/p>\n<p>\n <strong>Hinta alkaen 420,00 \u20ac<\/strong>\n <\/p>","protected":false},"excerpt":{"rendered":"<p>The HID Signo 40 Keypad Reader is ideal for high security businesses, offering multi-factor authentication for increased security. This wall switch box mounted reader provides added protection using keypad and<\/p>","protected":false},"featured_media":165409,"template":"","meta":{"_acf_changed":false},"product_brand":[],"product_cat":[5132],"product_tag":[],"class_list":{"0":"post-165414","1":"product","2":"type-product","3":"status-publish","4":"has-post-thumbnail","6":"product_cat-lasare-passersystem","7":"pa_brands-hid","8":"tm-no-options","10":"first","11":"instock","12":"sale","13":"taxable","14":"shipping-taxable","15":"purchasable","16":"product-type-simple"},"acf":[],"_links":{"self":[{"href":"https:\/\/secureus.se\/fi\/wp-json\/wp\/v2\/product\/165414","targetHints":{"allow":["GET"]}}],"collection":[{"href":"https:\/\/secureus.se\/fi\/wp-json\/wp\/v2\/product"}],"about":[{"href":"https:\/\/secureus.se\/fi\/wp-json\/wp\/v2\/types\/product"}],"wp:featuredmedia":[{"embeddable":true,"href":"https:\/\/secureus.se\/fi\/wp-json\/wp\/v2\/media\/165409"}],"wp:attachment":[{"href":"https:\/\/secureus.se\/fi\/wp-json\/wp\/v2\/media?parent=165414"}],"wp:term":[{"taxonomy":"product_brand","embeddable":true,"href":"https:\/\/secureus.se\/fi\/wp-json\/wp\/v2\/product_brand?post=165414"},{"taxonomy":"product_cat","embeddable":true,"href":"https:\/\/secureus.se\/fi\/wp-json\/wp\/v2\/product_cat?post=165414"},{"taxonomy":"product_tag","embeddable":true,"href":"https:\/\/secureus.se\/fi\/wp-json\/wp\/v2\/product_tag?post=165414"}],"curies":[{"name":"wp","href":"https:\/\/api.w.org\/{rel}","templated":true}]}}