{"id":165422,"date":"2026-05-05T14:27:23","date_gmt":"2026-05-05T12:27:23","guid":{"rendered":"https:\/\/secureus.se\/rf-ideas-pcprox-plus-82-access-control-reader-80582aku\/"},"modified":"2026-05-05T17:19:42","modified_gmt":"2026-05-05T15:19:42","slug":"rf-ideas-pcprox-plus-82-access-control-reader-80582aku","status":"publish","type":"product","link":"https:\/\/secureus.se\/fi\/rf-ideas-pcprox-plus-82-access-control-reader-80582aku\/","title":{"rendered":"RF IDeas pcProx Plus 82 Access Control Reader &#8211; 80582AKU"},"content":{"rendered":"<p>Hy\u00f6dynn\u00e4 olemassa olevia ty\u00f6ntekij\u00f6iden henkil\u00f6kortteja integroimalla ne fyysisen turvallisuuden ulkopuolisiin sovelluksiin. RF IDeas pcProx Plus 82 -kulunvalvontalukijamme tarjoaa l\u00e4hes rajattomat mahdollisuudet k\u00e4ytt\u00e4jien tunnistamiseen ja todennukseen.<\/p>\n<ul>\n<li>K\u00e4ytt\u00e4\u00e4 kutsuttavaa DLL-tiedostoa tai muita suoria integrointimenetelmi\u00e4 n\u00e4pp\u00e4inpainallusten sijaan.<\/li>\n<li>Eritt\u00e4in konfiguroitavissa ja pystyy k\u00e4sittelem\u00e4\u00e4n samanaikaisesti mit\u00e4 tahansa kahta k\u00e4ytett\u00e4viss\u00e4 olevaa teknologiaa.<\/li>\n<li>Alhainen hinta.<\/li>\n<\/ul>\n<p>\n <strong><br \/>\n Tuotteen paino:<br \/>\n 0,50 kg<br \/>\n <\/strong>\n <\/p>","protected":false},"excerpt":{"rendered":"<p>Leverage your existing employee ID badges by integrating them into applications beyond physical security. Our RF IDeas pcProx Plus 82 Access Control Reader offer nearly limitless possibilities for user identification<\/p>","protected":false},"featured_media":165421,"template":"","meta":{"_acf_changed":false},"product_brand":[],"product_cat":[5132],"product_tag":[],"class_list":{"0":"post-165422","1":"product","2":"type-product","3":"status-publish","4":"has-post-thumbnail","6":"product_cat-lasare-passersystem","7":"tm-no-options","9":"first","10":"outofstock","11":"sale","12":"taxable","13":"shipping-taxable","14":"purchasable","15":"product-type-simple"},"acf":[],"_links":{"self":[{"href":"https:\/\/secureus.se\/fi\/wp-json\/wp\/v2\/product\/165422","targetHints":{"allow":["GET"]}}],"collection":[{"href":"https:\/\/secureus.se\/fi\/wp-json\/wp\/v2\/product"}],"about":[{"href":"https:\/\/secureus.se\/fi\/wp-json\/wp\/v2\/types\/product"}],"wp:featuredmedia":[{"embeddable":true,"href":"https:\/\/secureus.se\/fi\/wp-json\/wp\/v2\/media\/165421"}],"wp:attachment":[{"href":"https:\/\/secureus.se\/fi\/wp-json\/wp\/v2\/media?parent=165422"}],"wp:term":[{"taxonomy":"product_brand","embeddable":true,"href":"https:\/\/secureus.se\/fi\/wp-json\/wp\/v2\/product_brand?post=165422"},{"taxonomy":"product_cat","embeddable":true,"href":"https:\/\/secureus.se\/fi\/wp-json\/wp\/v2\/product_cat?post=165422"},{"taxonomy":"product_tag","embeddable":true,"href":"https:\/\/secureus.se\/fi\/wp-json\/wp\/v2\/product_tag?post=165422"}],"curies":[{"name":"wp","href":"https:\/\/api.w.org\/{rel}","templated":true}]}}