{"id":165426,"date":"2026-05-05T14:27:23","date_gmt":"2026-05-05T12:27:23","guid":{"rendered":"https:\/\/secureus.se\/wavelynx-apex-ax-25-summit-single-gang-keypad-access-reader\/"},"modified":"2026-05-05T17:19:43","modified_gmt":"2026-05-05T15:19:43","slug":"wavelynx-apex-ax-25-summit-single-gang-keypad-access-reader","status":"publish","type":"product","link":"https:\/\/secureus.se\/fi\/wavelynx-apex-ax-25-summit-single-gang-keypad-access-reader\/","title":{"rendered":"Wavelynx APEX AX-25 Summit Single Gang Keypad Access Reader"},"content":{"rendered":"<p>AX-25 Summit tarjoaa turvallisen ja joustavan p\u00e4\u00e4syn PIN-koodeille, korteille, mobiilitunnisteille ja puettaville laitteille \u2013 kaikki tyylikk\u00e4\u00e4ss\u00e4, yksirivisess\u00e4 muodossa. Se on rakennettu sek\u00e4 moderneille ett\u00e4 vanhoille j\u00e4rjestelmille ja siin\u00e4 on OSDP-automaattitunnistus, vahva salaus, peukalointisuojaus ja et\u00e4p\u00e4ivitykset.<\/p>\n<ul>\n<li>Summit Range tukee HF-, BLE- ja Prox-tunnistetietoja, mik\u00e4 mahdollistaa migraatioprojektit vanhoilla Prox-tunnistetiedoilla.<\/li>\n<li>Toimii 13,56 MHz:n taajuudella<\/li>\n<li>2 tuuman lukuet\u00e4isyys<\/li>\n<li>LED-valopalkki lukijan yl\u00e4osassa<\/li>\n<\/ul>\n<p>Valmistajan osanumero: AC-WL-AX-25-S-ST-CWL1<\/p>\n<p>\n <strong><br \/>\n Tuotteen paino:<br \/>\n 0.38 kg<br \/>\n <\/strong>\n <\/p>","protected":false},"excerpt":{"rendered":"<p>The AX-25 Summit delivers secure, flexible access with support for PINs, cards, mobile credentials, and wearables\u2014all in a sleek, single gang design. Built for modern and legacy systems, it features<\/p>","protected":false},"featured_media":165425,"template":"","meta":{"_acf_changed":false},"product_brand":[],"product_cat":[5132],"product_tag":[],"class_list":{"0":"post-165426","1":"product","2":"type-product","3":"status-publish","4":"has-post-thumbnail","6":"product_cat-lasare-passersystem","7":"tm-no-options","9":"first","10":"instock","11":"sale","12":"taxable","13":"shipping-taxable","14":"purchasable","15":"product-type-simple"},"acf":[],"_links":{"self":[{"href":"https:\/\/secureus.se\/fi\/wp-json\/wp\/v2\/product\/165426","targetHints":{"allow":["GET"]}}],"collection":[{"href":"https:\/\/secureus.se\/fi\/wp-json\/wp\/v2\/product"}],"about":[{"href":"https:\/\/secureus.se\/fi\/wp-json\/wp\/v2\/types\/product"}],"wp:featuredmedia":[{"embeddable":true,"href":"https:\/\/secureus.se\/fi\/wp-json\/wp\/v2\/media\/165425"}],"wp:attachment":[{"href":"https:\/\/secureus.se\/fi\/wp-json\/wp\/v2\/media?parent=165426"}],"wp:term":[{"taxonomy":"product_brand","embeddable":true,"href":"https:\/\/secureus.se\/fi\/wp-json\/wp\/v2\/product_brand?post=165426"},{"taxonomy":"product_cat","embeddable":true,"href":"https:\/\/secureus.se\/fi\/wp-json\/wp\/v2\/product_cat?post=165426"},{"taxonomy":"product_tag","embeddable":true,"href":"https:\/\/secureus.se\/fi\/wp-json\/wp\/v2\/product_tag?post=165426"}],"curies":[{"name":"wp","href":"https:\/\/api.w.org\/{rel}","templated":true}]}}