{"id":165447,"date":"2026-05-05T14:27:17","date_gmt":"2026-05-05T12:27:17","guid":{"rendered":"https:\/\/secureus.se\/hid-omnikey-5427-ck-dual-frequency-card-reader-with-ble-apple-wallet\/"},"modified":"2026-05-05T17:50:01","modified_gmt":"2026-05-05T15:50:01","slug":"hid-omnikey-5427-ck-dual-frequency-card-reader-with-ble-apple-wallet","status":"publish","type":"product","link":"https:\/\/secureus.se\/fi\/hid-omnikey-5427-ck-dual-frequency-card-reader-with-ble-apple-wallet\/","title":{"rendered":"HID Omnikey 5427 CK Dual Frequency Card Reader with BLE &amp; Apple Wallet"},"content":{"rendered":"<p>HID Omnikey 5427CK -kaksoistaajuuskortinlukija Bluetooth-liit\u00e4nn\u00e4ll\u00e4 ja Apple Wallet -toiminnolla optimoi tunnistetietojen lukemisen CCID-tuen, n\u00e4pp\u00e4imist\u00f6kiilan ja Bluetooth-liit\u00e4nt\u00f6jen avulla integroitua tunnistetietojen lukua varten. T\u00e4m\u00e4 lukija tarjoaa monitasoisen suojauksen ja samanaikaisen iCLASS-, Seos- ja HID Mobile Access -tunnistetietojen tuen.<\/p>\n<ul>\n<li>N\u00e4pp\u00e4imist\u00f6 Wedge -liit\u00e4nt\u00e4<\/li>\n<li>Bluetooth-liit\u00e4nt\u00e4<\/li>\n<li>Apple Wallet -yhteensopiva<\/li>\n<li>Saatavilla lukijakorttina sulautettuihin sovelluksiin<\/li>\n<li>Tietorakenteiden ja tulostustilojen joustava konfigurointi<\/li>\n<li>USB-liit\u00e4nt\u00e4<\/li>\n<li>Valmistajan osanumero: R54270111-UNI<\/li>\n<\/ul>\n<p>\n <strong><br \/>\n Tuotteen paino:<br \/>\n 0,20 kg<br \/>\n <\/strong>\n <\/p>","protected":false},"excerpt":{"rendered":"<p>The HID Omnikey 5427CK Dual-Frequency Card Reader with Bluetooth Interface &amp; Apple wallet functionality\u00a0optimises credential reading with CCID support, keyboard wedge and Bluetooth interfaces for integrated credential reading. This reader<\/p>","protected":false},"featured_media":165446,"template":"","meta":{"_acf_changed":false},"product_brand":[],"product_cat":[5132],"product_tag":[],"class_list":{"0":"post-165447","1":"product","2":"type-product","3":"status-publish","4":"has-post-thumbnail","6":"product_cat-lasare-passersystem","7":"pa_brands-hid","8":"tm-no-options","10":"first","11":"instock","12":"sale","13":"taxable","14":"shipping-taxable","15":"purchasable","16":"product-type-simple"},"acf":[],"_links":{"self":[{"href":"https:\/\/secureus.se\/fi\/wp-json\/wp\/v2\/product\/165447","targetHints":{"allow":["GET"]}}],"collection":[{"href":"https:\/\/secureus.se\/fi\/wp-json\/wp\/v2\/product"}],"about":[{"href":"https:\/\/secureus.se\/fi\/wp-json\/wp\/v2\/types\/product"}],"wp:featuredmedia":[{"embeddable":true,"href":"https:\/\/secureus.se\/fi\/wp-json\/wp\/v2\/media\/165446"}],"wp:attachment":[{"href":"https:\/\/secureus.se\/fi\/wp-json\/wp\/v2\/media?parent=165447"}],"wp:term":[{"taxonomy":"product_brand","embeddable":true,"href":"https:\/\/secureus.se\/fi\/wp-json\/wp\/v2\/product_brand?post=165447"},{"taxonomy":"product_cat","embeddable":true,"href":"https:\/\/secureus.se\/fi\/wp-json\/wp\/v2\/product_cat?post=165447"},{"taxonomy":"product_tag","embeddable":true,"href":"https:\/\/secureus.se\/fi\/wp-json\/wp\/v2\/product_tag?post=165447"}],"curies":[{"name":"wp","href":"https:\/\/api.w.org\/{rel}","templated":true}]}}