{"id":165455,"date":"2026-05-05T14:27:17","date_gmt":"2026-05-05T12:27:17","guid":{"rendered":"https:\/\/secureus.se\/pac-20117-black-oneprox-gs3-lf-panel-mount-reader\/"},"modified":"2026-05-05T17:50:11","modified_gmt":"2026-05-05T15:50:11","slug":"pac-20117-black-oneprox-gs3-lf-panel-mount-reader","status":"publish","type":"product","link":"https:\/\/secureus.se\/fi\/pac-20117-black-oneprox-gs3-lf-panel-mount-reader\/","title":{"rendered":"PAC 20117 Black OneProx GS3 LF Panel Mount Reader"},"content":{"rendered":"<p>PAC-musta OneProx GS3 -matalataajuinen paneeliin asennettava lukija on helppo j\u00e4lkiasennusvaihtoehto, sill\u00e4 se on suunniteltu sopimaan alkuper\u00e4isiin oviaukkojen paneeleihin. Lukija on suunniteltu toimimaan my\u00f6s vaativimmissa k\u00e4ytt\u00f6ymp\u00e4rist\u00f6iss\u00e4, ja sen IP65-luokitus tekee siit\u00e4 s\u00e4\u00e4nkest\u00e4v\u00e4n sek\u00e4 sis\u00e4- ett\u00e4 ulkotiloissa.<\/p>\n<ul>\n<li>Yhteensopiva PAC:n, KeyPAC:n ja monien Wiegand-varianttien kanssa<\/li>\n<li>45 mm:n lukuet\u00e4isyys<\/li>\n<li>Elinik\u00e4inen takuu elektroniikkavikoja vastaan<\/li>\n<\/ul>\n<p>\n <strong><br \/>\n Tuotteen paino:<br \/>\n 0,10 kg<br \/>\n <\/strong>\n <\/p>\n<p>\n <strong>Hinta alkaen 293,40 \u20ac<\/strong>\n <\/p>","protected":false},"excerpt":{"rendered":"<p>The PAC black OneProx GS3 low-frequency panel mount reader is an easy retrofit reader option, as it\u2019s designed to fit OEM door entry panels. Also designed to work in the<\/p>","protected":false},"featured_media":165454,"template":"","meta":{"_acf_changed":false},"product_brand":[],"product_cat":[5132],"product_tag":[],"class_list":{"0":"post-165455","1":"product","2":"type-product","3":"status-publish","4":"has-post-thumbnail","6":"product_cat-lasare-passersystem","7":"pa_brands-pac","8":"tm-no-options","10":"first","11":"outofstock","12":"sale","13":"taxable","14":"shipping-taxable","15":"purchasable","16":"product-type-simple"},"acf":[],"_links":{"self":[{"href":"https:\/\/secureus.se\/fi\/wp-json\/wp\/v2\/product\/165455","targetHints":{"allow":["GET"]}}],"collection":[{"href":"https:\/\/secureus.se\/fi\/wp-json\/wp\/v2\/product"}],"about":[{"href":"https:\/\/secureus.se\/fi\/wp-json\/wp\/v2\/types\/product"}],"wp:featuredmedia":[{"embeddable":true,"href":"https:\/\/secureus.se\/fi\/wp-json\/wp\/v2\/media\/165454"}],"wp:attachment":[{"href":"https:\/\/secureus.se\/fi\/wp-json\/wp\/v2\/media?parent=165455"}],"wp:term":[{"taxonomy":"product_brand","embeddable":true,"href":"https:\/\/secureus.se\/fi\/wp-json\/wp\/v2\/product_brand?post=165455"},{"taxonomy":"product_cat","embeddable":true,"href":"https:\/\/secureus.se\/fi\/wp-json\/wp\/v2\/product_cat?post=165455"},{"taxonomy":"product_tag","embeddable":true,"href":"https:\/\/secureus.se\/fi\/wp-json\/wp\/v2\/product_tag?post=165455"}],"curies":[{"name":"wp","href":"https:\/\/api.w.org\/{rel}","templated":true}]}}