{"id":165471,"date":"2026-05-05T14:27:16","date_gmt":"2026-05-05T12:27:16","guid":{"rendered":"https:\/\/secureus.se\/stid-architect-modular-mifare-desfire-standard-reader\/"},"modified":"2026-05-05T17:19:50","modified_gmt":"2026-05-05T15:19:50","slug":"stid-architect-modular-mifare-desfire-standard-reader","status":"publish","type":"product","link":"https:\/\/secureus.se\/fi\/stid-architect-modular-mifare-desfire-standard-reader\/","title":{"rendered":"STid Architect\u00ae Modular MIFARE\u00ae &amp; DESFire\u00ae Standard Reader"},"content":{"rendered":"<p>STid Architect Modular -standardilukija tarjoaa upean k\u00e4ytt\u00f6kokemuksen ja yll\u00e4pit\u00e4\u00e4 samalla korkean turvallisuustason. T\u00e4m\u00e4 lukija on eritt\u00e4in kest\u00e4v\u00e4 ilkivaltaa vastaan, kest\u00e4\u00e4 vaativissa ulko-olosuhteissa ja toimii 13,56 MHz:n taajuudella. Osana STidin palkittua Architect-sarjaa t\u00e4m\u00e4 lukija luo t\u00e4ydellisen yhdistelm\u00e4n korkeaa turvallisuutta ja skaalautuvuutta.<\/p>\n<ul>\n<li>Turvallinen RFID- ja NFC-lukija<\/li>\n<li>Kest\u00e4v\u00e4 vaativissa ulko-olosuhteissa<\/li>\n<li>Jopa 8 cm:n lukuet\u00e4isyys<\/li>\n<\/ul>\n<p>Valmistajan osanumero: ARC-R31-A\/PH5-3i\/1<\/p>\n<p>\n <strong><br \/>\n Tuotteen paino:<br \/>\n 1,00 kg<br \/>\n <\/strong>\n <\/p>\n<p>\n <strong>Hinta alkaen 180,00 \u20ac<\/strong>\n <\/p>","protected":false},"excerpt":{"rendered":"<p>The STid Architect Modular standard access reader delivers a spectacular user experience while maintaining high levels of security. This reader is highly resistant to vandalism, tough in harsh outdoor environments<\/p>","protected":false},"featured_media":165467,"template":"","meta":{"_acf_changed":false},"product_brand":[],"product_cat":[5132],"product_tag":[],"class_list":{"0":"post-165471","1":"product","2":"type-product","3":"status-publish","4":"has-post-thumbnail","6":"product_cat-lasare-passersystem","7":"tm-no-options","9":"first","10":"instock","11":"sale","12":"taxable","13":"shipping-taxable","14":"purchasable","15":"product-type-simple"},"acf":[],"_links":{"self":[{"href":"https:\/\/secureus.se\/fi\/wp-json\/wp\/v2\/product\/165471","targetHints":{"allow":["GET"]}}],"collection":[{"href":"https:\/\/secureus.se\/fi\/wp-json\/wp\/v2\/product"}],"about":[{"href":"https:\/\/secureus.se\/fi\/wp-json\/wp\/v2\/types\/product"}],"wp:featuredmedia":[{"embeddable":true,"href":"https:\/\/secureus.se\/fi\/wp-json\/wp\/v2\/media\/165467"}],"wp:attachment":[{"href":"https:\/\/secureus.se\/fi\/wp-json\/wp\/v2\/media?parent=165471"}],"wp:term":[{"taxonomy":"product_brand","embeddable":true,"href":"https:\/\/secureus.se\/fi\/wp-json\/wp\/v2\/product_brand?post=165471"},{"taxonomy":"product_cat","embeddable":true,"href":"https:\/\/secureus.se\/fi\/wp-json\/wp\/v2\/product_cat?post=165471"},{"taxonomy":"product_tag","embeddable":true,"href":"https:\/\/secureus.se\/fi\/wp-json\/wp\/v2\/product_tag?post=165471"}],"curies":[{"name":"wp","href":"https:\/\/api.w.org\/{rel}","templated":true}]}}