{"id":165500,"date":"2026-05-05T14:27:16","date_gmt":"2026-05-05T12:27:16","guid":{"rendered":"https:\/\/secureus.se\/elatec-techtracer-lite-kit\/"},"modified":"2026-05-05T17:19:52","modified_gmt":"2026-05-05T15:19:52","slug":"elatec-techtracer-lite-kit","status":"publish","type":"product","link":"https:\/\/secureus.se\/fi\/elatec-techtracer-lite-kit\/","title":{"rendered":"Elatec TechTracer Lite Kit"},"content":{"rendered":"<p>Elatec TechTracer mahdollistaa yleisimpien matala- ja korkeataajuisten RFID-teknologioiden tunnistamisen paikan p\u00e4\u00e4ll\u00e4. Yksinkertaisesti n\u00e4ytt\u00e4m\u00e4ll\u00e4 asiakkaan RFID-kortti lukijalle, t\u00e4m\u00e4 TechTracer n\u00e4ytt\u00e4\u00e4 k\u00e4yt\u00f6ss\u00e4 olevan RFID-teknologian tiedot tietokoneella. Kest\u00e4v\u00e4\u00e4n koteloon pakattu kompakti laite tarjoaa myyntiedustajille tehokkaan ja helposti mukana kuljetettavan ty\u00f6kalun.<\/p>\n<ul>\n<li>Toimii nelj\u00e4ll\u00e4 taajuudella: 125 kHz, 134,2 kHz, 13,56 MHz, 2,4 GHz<\/li>\n<li>Lukee samanaikaisesti yli kuuttakymment\u00e4 transponderiteknologiaa (esim. HID Prox, HID iCLASS, MIFARE Classic, MIFARE DESFire jne.)<\/li>\n<li>Plug and play (ei tarvita lis\u00e4ohjelmistoja, ajureita tai asennuksia)<\/li>\n<\/ul>\n<p>\u00a0<\/p>\n<p>\n <strong><br \/>\n Tuotteen paino:<br \/>\n 2.00 kg<br \/>\n <\/strong>\n <\/p>","protected":false},"excerpt":{"rendered":"<p>The Elatec TechTracer enables on-site identification\u00a0of the most common low frequency and high-frequency RFID technologies. Simply by presenting the customers RFID card to the reader, this TechTracer displays details of<\/p>","protected":false},"featured_media":165498,"template":"","meta":{"_acf_changed":false},"product_brand":[],"product_cat":[5132],"product_tag":[],"class_list":{"0":"post-165500","1":"product","2":"type-product","3":"status-publish","4":"has-post-thumbnail","6":"product_cat-lasare-passersystem","7":"tm-no-options","9":"first","10":"outofstock","11":"sale","12":"taxable","13":"shipping-taxable","14":"purchasable","15":"product-type-simple"},"acf":[],"_links":{"self":[{"href":"https:\/\/secureus.se\/fi\/wp-json\/wp\/v2\/product\/165500","targetHints":{"allow":["GET"]}}],"collection":[{"href":"https:\/\/secureus.se\/fi\/wp-json\/wp\/v2\/product"}],"about":[{"href":"https:\/\/secureus.se\/fi\/wp-json\/wp\/v2\/types\/product"}],"wp:featuredmedia":[{"embeddable":true,"href":"https:\/\/secureus.se\/fi\/wp-json\/wp\/v2\/media\/165498"}],"wp:attachment":[{"href":"https:\/\/secureus.se\/fi\/wp-json\/wp\/v2\/media?parent=165500"}],"wp:term":[{"taxonomy":"product_brand","embeddable":true,"href":"https:\/\/secureus.se\/fi\/wp-json\/wp\/v2\/product_brand?post=165500"},{"taxonomy":"product_cat","embeddable":true,"href":"https:\/\/secureus.se\/fi\/wp-json\/wp\/v2\/product_cat?post=165500"},{"taxonomy":"product_tag","embeddable":true,"href":"https:\/\/secureus.se\/fi\/wp-json\/wp\/v2\/product_tag?post=165500"}],"curies":[{"name":"wp","href":"https:\/\/api.w.org\/{rel}","templated":true}]}}