{"id":165505,"date":"2026-05-05T14:27:15","date_gmt":"2026-05-05T12:27:15","guid":{"rendered":"https:\/\/secureus.se\/stid-arc-one-mullion-mifare-desfire-bluetooth-reader\/"},"modified":"2026-05-05T17:50:50","modified_gmt":"2026-05-05T15:50:50","slug":"stid-arc-one-mullion-mifare-desfire-bluetooth-reader","status":"publish","type":"product","link":"https:\/\/secureus.se\/fi\/stid-arc-one-mullion-mifare-desfire-bluetooth-reader\/","title":{"rendered":"STid Arc One Mullion MIFARE\u00ae, DESFire\u00ae &amp; Bluetooth Reader"},"content":{"rendered":"<p>Arc One Mullion -lukija on suunniteltu erityisesti pieniin tiloihin, kuten ovenkarmeihin tai ahtaisiin asennuksiin, ja se on helppo integroida mihin tahansa asennusymp\u00e4rist\u00f6\u00f6n. Lukija on s\u00e4\u00e4nkest\u00e4v\u00e4 ja siin\u00e4 on vedenpit\u00e4v\u00e4 elektroniikka, ja se sopii erinomaisesti sek\u00e4 sis\u00e4- ett\u00e4 ulkoymp\u00e4rist\u00f6ihin. Arc One Mullion -lukija toimii 13,56 MHz:n taajuudella ja on yksi markkinoiden turvallisimmista ja kompakteimmista lukijoista.<\/p>\n<ul>\n<li>Maailman palkituin kulunvalvonnan lukija<\/li>\n<li>Suunniteltu pieniin tiloihin<\/li>\n<li>Jopa 6 cm:n lukuet\u00e4isyys<\/li>\n<\/ul>\n<p>Valmistajan osanumero: ARC1-R31-B\/PH5-3i\/1<\/p>\n<p>\n <strong><br \/>\n Tuotteen paino:<br \/>\n 1,00 kg<br \/>\n <\/strong>\n <\/p>","protected":false},"excerpt":{"rendered":"<p>Specifically designed to fit into small spaces such as door frames or narrow mounting, the Arc One Mullion reader is easy to incorporate into any installation environment. The reader is<\/p>","protected":false},"featured_media":165501,"template":"","meta":{"_acf_changed":false},"product_brand":[],"product_cat":[5132],"product_tag":[],"class_list":{"0":"post-165505","1":"product","2":"type-product","3":"status-publish","4":"has-post-thumbnail","6":"product_cat-lasare-passersystem","7":"pa_brands-stid","8":"tm-no-options","10":"first","11":"instock","12":"sale","13":"taxable","14":"shipping-taxable","15":"purchasable","16":"product-type-simple"},"acf":[],"_links":{"self":[{"href":"https:\/\/secureus.se\/fi\/wp-json\/wp\/v2\/product\/165505","targetHints":{"allow":["GET"]}}],"collection":[{"href":"https:\/\/secureus.se\/fi\/wp-json\/wp\/v2\/product"}],"about":[{"href":"https:\/\/secureus.se\/fi\/wp-json\/wp\/v2\/types\/product"}],"wp:featuredmedia":[{"embeddable":true,"href":"https:\/\/secureus.se\/fi\/wp-json\/wp\/v2\/media\/165501"}],"wp:attachment":[{"href":"https:\/\/secureus.se\/fi\/wp-json\/wp\/v2\/media?parent=165505"}],"wp:term":[{"taxonomy":"product_brand","embeddable":true,"href":"https:\/\/secureus.se\/fi\/wp-json\/wp\/v2\/product_brand?post=165505"},{"taxonomy":"product_cat","embeddable":true,"href":"https:\/\/secureus.se\/fi\/wp-json\/wp\/v2\/product_cat?post=165505"},{"taxonomy":"product_tag","embeddable":true,"href":"https:\/\/secureus.se\/fi\/wp-json\/wp\/v2\/product_tag?post=165505"}],"curies":[{"name":"wp","href":"https:\/\/api.w.org\/{rel}","templated":true}]}}