{"id":41442,"date":"2022-08-24T14:54:40","date_gmt":"2022-08-24T12:54:40","guid":{"rendered":"https:\/\/secureus.se\/produkt\/pclink-5wp-usb\/"},"modified":"2026-01-06T20:50:34","modified_gmt":"2026-01-06T19:50:34","slug":"dsc-programming-interface-usb-pclink","status":"publish","type":"product","link":"https:\/\/secureus.se\/fi\/dsc-programming-interface-usb-pclink\/","title":{"rendered":"DSC-ohjelmointiliit\u00e4nt\u00e4 USB PCLINK-5WP USB"},"content":{"rendered":"<p><strong>DSC-ohjelmointiliit\u00e4nt\u00e4 USB PCLINK-5WP<\/strong> on tehokas ja k\u00e4ytt\u00e4j\u00e4yst\u00e4v\u00e4llinen USB-kaapeli, jonka avulla on helppo kytke\u00e4 DSC-h\u00e4lytysj\u00e4rjestelm\u00e4t tietokoneeseen ohjelmointia ja valvontaa varten.<\/p>\n<p>T\u00e4m\u00e4 kaapeli on yhteensopiva kaikkien DSC-keskusyksik\u00f6iden ja h\u00e4lytysl\u00e4hettimien kanssa, mukaan lukien BGSM-120, joten se on monipuolinen ratkaisu sek\u00e4 uusiin asennuksiin ett\u00e4 olemassa oleviin j\u00e4rjestelmiin.<\/p>\n<p>DSC Programming Interface USB:n avulla k\u00e4ytt\u00e4j\u00e4t voivat tehokkaasti hallita ja mukauttaa turvaj\u00e4rjestelmi\u00e4\u00e4n tietokoneen kautta, mik\u00e4 lis\u00e4\u00e4 ohjelmoinnin ja et\u00e4valvonnan mukavuutta ja tehokkuutta.<\/p>\n<p>Kaapeli mahdollistaa my\u00f6s helpon integroinnin h\u00e4lytyksen varmistus- ja j\u00e4rjestelm\u00e4nvalvontaohjelmistoon.<\/p>\n<p>PowerSeries Neo tarjoaa ylivertaista joustavuutta, sill\u00e4 se pystyy valvomaan jopa 128 vy\u00f6hykett\u00e4 langattomasti ja laitteistoittain sek\u00e4 mahdollisuuden k\u00e4ytt\u00e4\u00e4 jopa 8 osiota, jotka on mukautettu erilaisiin tietoturvaratkaisuihin.<\/p>\n<p>DSC-ohjelmointirajapinnan USB:n avulla saat paitsi k\u00e4yt\u00e4nn\u00f6llisen ratkaisun ohjelmointiin, my\u00f6s t\u00e4rke\u00e4n komponentin tehokkaassa ja joustavassa turvaj\u00e4rjestelm\u00e4ss\u00e4.<\/p>","protected":false},"excerpt":{"rendered":"<p>DSC-ohjelmointirajapinta USB PCLINK-5WP on USB-kaapeli PC:hen liitt\u00e4mist\u00e4 varten ja on yhteensopiva kaikkien DSC-keskuslaitteiden ja h\u00e4lytysl\u00e4hettimien kanssa.<\/p>","protected":false},"featured_media":141729,"template":"","meta":{"_acf_changed":false},"product_brand":[],"product_cat":[3332,1322],"product_tag":[3311,3031],"class_list":{"0":"post-41442","1":"product","2":"type-product","3":"status-publish","4":"has-post-thumbnail","6":"product_cat-tillbehor","7":"product_cat-dsc-larm-neo-power-hybridlarm","8":"product_tag-dsc-neo-svensk-manual","9":"product_tag-neo-ovriga-tillbehor","10":"product_shipping_class-postnord-varubrev","11":"pa_brands-4dsc","12":"pa_dsc-neo-hybridlarm-ovriga-tillbehor","13":"tm-has-options","15":"first","16":"outofstock","17":"sale","18":"featured","19":"taxable","20":"shipping-taxable","21":"purchasable","22":"product-type-simple"},"acf":[],"_links":{"self":[{"href":"https:\/\/secureus.se\/fi\/wp-json\/wp\/v2\/product\/41442","targetHints":{"allow":["GET"]}}],"collection":[{"href":"https:\/\/secureus.se\/fi\/wp-json\/wp\/v2\/product"}],"about":[{"href":"https:\/\/secureus.se\/fi\/wp-json\/wp\/v2\/types\/product"}],"wp:featuredmedia":[{"embeddable":true,"href":"https:\/\/secureus.se\/fi\/wp-json\/wp\/v2\/media\/141729"}],"wp:attachment":[{"href":"https:\/\/secureus.se\/fi\/wp-json\/wp\/v2\/media?parent=41442"}],"wp:term":[{"taxonomy":"product_brand","embeddable":true,"href":"https:\/\/secureus.se\/fi\/wp-json\/wp\/v2\/product_brand?post=41442"},{"taxonomy":"product_cat","embeddable":true,"href":"https:\/\/secureus.se\/fi\/wp-json\/wp\/v2\/product_cat?post=41442"},{"taxonomy":"product_tag","embeddable":true,"href":"https:\/\/secureus.se\/fi\/wp-json\/wp\/v2\/product_tag?post=41442"}],"curies":[{"name":"wp","href":"https:\/\/api.w.org\/{rel}","templated":true}]}}