{"id":41443,"date":"2022-08-17T12:51:07","date_gmt":"2022-08-17T10:51:07","guid":{"rendered":"https:\/\/secureus.se\/produkt\/larmdekal-nookbox-matt-47x73-mm\/"},"modified":"2026-03-14T22:14:00","modified_gmt":"2026-03-14T21:14:00","slug":"larmdekal-nookbox-matt-47x73-mm","status":"publish","type":"product","link":"https:\/\/secureus.se\/fi\/larmdekal-nookbox-matt-47x73-mm\/","title":{"rendered":"H\u00e4lytystarra \u2013 NookBox Mitat: 47\u00d773 mm"},"content":{"rendered":"<p>H\u00e4lytystarra NookBox-murtoh\u00e4lytinj\u00e4rjestelm\u00e4\u00e4n, itseliimautuva ja kaksipuolinen, kiinnitett\u00e4v\u00e4ksi esimerkiksi ikkunoihin ja oviin. Painettu molemmille puolille katsomista varten sek\u00e4 sis\u00e4lt\u00e4 ett\u00e4 ulkoa.<\/p>\n<p>Mitat: 47\u00d773 mm<\/p>","protected":false},"excerpt":{"rendered":"<p>H\u00e4lytystarra NookBox-murtoh\u00e4lytinj\u00e4rjestelm\u00e4\u00e4n, itseliimautuva ja kaksipuolinen, kiinnitett\u00e4v\u00e4ksi esimerkiksi ikkunoihin ja oviin. Painettu molemmille puolille katsomista varten sek\u00e4 sis\u00e4lt\u00e4 ett\u00e4 ulkoa.<\/p>\n<p>Mitat: 47\u00d773 mm<\/p>","protected":false},"featured_media":134580,"template":"","meta":{"_acf_changed":false},"product_brand":[],"product_cat":[1323],"product_tag":[],"class_list":{"0":"post-41443","1":"product","2":"type-product","3":"status-publish","4":"has-post-thumbnail","6":"product_cat-larmdekaler","7":"product_shipping_class-dekaler-skyltar","8":"tm-no-options","10":"first","11":"instock","12":"sale","13":"featured","14":"taxable","15":"shipping-taxable","16":"purchasable","17":"product-type-simple"},"acf":[],"_links":{"self":[{"href":"https:\/\/secureus.se\/fi\/wp-json\/wp\/v2\/product\/41443","targetHints":{"allow":["GET"]}}],"collection":[{"href":"https:\/\/secureus.se\/fi\/wp-json\/wp\/v2\/product"}],"about":[{"href":"https:\/\/secureus.se\/fi\/wp-json\/wp\/v2\/types\/product"}],"wp:featuredmedia":[{"embeddable":true,"href":"https:\/\/secureus.se\/fi\/wp-json\/wp\/v2\/media\/134580"}],"wp:attachment":[{"href":"https:\/\/secureus.se\/fi\/wp-json\/wp\/v2\/media?parent=41443"}],"wp:term":[{"taxonomy":"product_brand","embeddable":true,"href":"https:\/\/secureus.se\/fi\/wp-json\/wp\/v2\/product_brand?post=41443"},{"taxonomy":"product_cat","embeddable":true,"href":"https:\/\/secureus.se\/fi\/wp-json\/wp\/v2\/product_cat?post=41443"},{"taxonomy":"product_tag","embeddable":true,"href":"https:\/\/secureus.se\/fi\/wp-json\/wp\/v2\/product_tag?post=41443"}],"curies":[{"name":"wp","href":"https:\/\/api.w.org\/{rel}","templated":true}]}}