{"id":41464,"date":"2022-07-14T16:25:59","date_gmt":"2022-07-14T14:25:59","guid":{"rendered":"https:\/\/secureus.se\/produkt\/tagg-nyckelbricka-merkurius-em4200\/"},"modified":"2026-01-06T20:50:11","modified_gmt":"2026-01-06T19:50:11","slug":"tagg-nyckelbricka-merkurius-em4200","status":"publish","type":"product","link":"https:\/\/secureus.se\/fi\/tagg-nyckelbricka-merkurius-em4200\/","title":{"rendered":"Tunniste\/avaimenper\u00e4 Merkurius EM4200"},"content":{"rendered":"<p>&quot;Merkurius&quot; RFID-tunniste on joustava ja pieni tunniste, jonka mitat ovat 31x40x4,4 mm. Se on valmistettu kovasta ABS-materiaalista, jossa on mukava pinta, joka sopii t\u00e4ydellisesti sek\u00e4 kaiverrukseen ett\u00e4 v\u00e4rilogoihin.<\/p>\n<p>Pyrimme nopeisiin toimituksiin ja jos tarrat ovat varastossa, voimme toimittaa ne 1-3 p\u00e4iv\u00e4ss\u00e4. Jos tunnisteet on r\u00e4\u00e4t\u00e4l\u00f6it\u00e4v\u00e4 yksil\u00f6llisesti tilauksesi mukaan, toimitusaika on noin 2 viikkoa. Haluamme varmistaa, ett\u00e4 jokainen tunniste vastaa erityisi\u00e4 tarpeitasi ja vaatimuksiasi, mink\u00e4 vuoksi k\u00e4yt\u00e4mme aikaa r\u00e4\u00e4t\u00e4l\u00f6idyn ratkaisun luomiseen.<\/p>\n<p>Ota yhteytt\u00e4 jo t\u00e4n\u00e4\u00e4n keskustellaksesi projekti-ideoistasi ja saadaksesi tarpeisiisi sopiva RFID-tunnisteratkaisu. &quot;Merkurius&quot; RFID -tunnisteen avulla nostat tietoturvasi ja tunnistamisesi uudelle tasolle. Tilaa nyt ja koe luotettavan tuotteemme edut, jotka on suunniteltu vastaamaan erityistarpeitasi.<\/p>\n<p>&quot;Merkurius&quot; RFID-tunnisteeseen voidaan joko kiinnitt\u00e4\u00e4 toiselle puolelle valkoinen &quot;rengas&quot; esimerkiksi logoa tai numeroa varten tai se voi olla t\u00e4ysin samanv\u00e4rinen, mutta my\u00f6s t\u00e4\u00e4ll\u00e4 logon ja numeron painatusmahdollisuus. .<\/p>\n<p>Pyrimme nopeisiin toimituksiin ja jos tarrat ovat varastossa, voimme toimittaa ne 1-3 p\u00e4iv\u00e4ss\u00e4. Jos tunnisteet on r\u00e4\u00e4t\u00e4l\u00f6it\u00e4v\u00e4 yksil\u00f6llisesti tilauksesi mukaan, toimitusaika on noin 2 viikkoa. Haluamme varmistaa, ett\u00e4 jokainen tunniste vastaa erityisi\u00e4 tarpeitasi ja vaatimuksiasi, mink\u00e4 vuoksi k\u00e4yt\u00e4mme aikaa r\u00e4\u00e4t\u00e4l\u00f6idyn ratkaisun luomiseen.<\/p>\n<p>Ota yhteytt\u00e4 jo t\u00e4n\u00e4\u00e4n keskustellaksesi projekti-ideoistasi ja saadaksesi tarpeisiisi sopiva RFID-tunnisteratkaisu. &quot;Merkurius&quot; RFID -tunnisteen avulla nostat tietoturvasi ja tunnistamisesi uudelle tasolle. Tilaa nyt ja koe luotettavan tuotteemme edut, jotka on suunniteltu vastaamaan erityistarpeitasi.<\/p>\n<p>RFID-tunnisteita voidaan k\u00e4ytt\u00e4\u00e4:<br \/>\nPass-j\u00e4rjestelm\u00e4<br \/>\nVierailijaj\u00e4rjestelm\u00e4<br \/>\nPyykin varaus<br \/>\nH\u00e4lytys ja turvallisuus<\/p>\n<p>&quot;Merkurius&quot; RFID-tunnisteiden edut:<br \/>\nT\u00e4ysin valinnainen suunnittelu ja ilmainen oikoluku, kunnes olet tyytyv\u00e4inen<br \/>\nMahdollisuus kaivertaa vakionumero tai sis\u00e4llytt\u00e4\u00e4 logo<br \/>\nPieni joustava etiketti, joka on luotettava ja ollut k\u00e4yt\u00f6ss\u00e4 pitk\u00e4\u00e4n.<br \/>\nLaaja valikoima siruvaihtoehtoja eri tarpeisiin ja aina varastossa.<\/p>","protected":false},"excerpt":{"rendered":"<p>&quot;Merkurius&quot; RFID-tunniste on joustava ja pieni tunniste, jonka mitat ovat 31x40x4,4 mm. Se on valmistettu kovasta ABS-materiaalista, jolla on mukava pinta, joka sopii t\u00e4ydellisesti sek\u00e4 kaiverrukseen ett\u00e4<\/p>","protected":false},"featured_media":141864,"template":"","meta":{"_acf_changed":false},"product_brand":[],"product_cat":[1324,2354],"product_tag":[2958],"class_list":{"0":"post-41464","1":"product","2":"type-product","3":"status-publish","4":"has-post-thumbnail","6":"product_cat-outlet","7":"product_cat-rfid-taggar","8":"product_tag-stonehouse-produkt","9":"product_shipping_class-postnord-varubrev","10":"pa_brands-stonehouse-security","11":"pa_chip-teknik-em4200","12":"pa_farg-bla","13":"tm-no-options","15":"first","16":"outofstock","17":"sale","18":"featured","19":"taxable","20":"shipping-taxable","21":"purchasable","22":"product-type-simple"},"acf":[],"_links":{"self":[{"href":"https:\/\/secureus.se\/fi\/wp-json\/wp\/v2\/product\/41464","targetHints":{"allow":["GET"]}}],"collection":[{"href":"https:\/\/secureus.se\/fi\/wp-json\/wp\/v2\/product"}],"about":[{"href":"https:\/\/secureus.se\/fi\/wp-json\/wp\/v2\/types\/product"}],"wp:featuredmedia":[{"embeddable":true,"href":"https:\/\/secureus.se\/fi\/wp-json\/wp\/v2\/media\/141864"}],"wp:attachment":[{"href":"https:\/\/secureus.se\/fi\/wp-json\/wp\/v2\/media?parent=41464"}],"wp:term":[{"taxonomy":"product_brand","embeddable":true,"href":"https:\/\/secureus.se\/fi\/wp-json\/wp\/v2\/product_brand?post=41464"},{"taxonomy":"product_cat","embeddable":true,"href":"https:\/\/secureus.se\/fi\/wp-json\/wp\/v2\/product_cat?post=41464"},{"taxonomy":"product_tag","embeddable":true,"href":"https:\/\/secureus.se\/fi\/wp-json\/wp\/v2\/product_tag?post=41464"}],"curies":[{"name":"wp","href":"https:\/\/api.w.org\/{rel}","templated":true}]}}