{"id":41469,"date":"2022-07-14T16:25:51","date_gmt":"2022-07-14T14:25:51","guid":{"rendered":"https:\/\/secureus.se\/produkt\/tagg-nyckelbricka-saturnus-em4200-std-nr\/"},"modified":"2025-12-31T20:24:24","modified_gmt":"2025-12-31T19:24:24","slug":"tagg-nyckelbricka-saturnus-em4200-std-nr","status":"publish","type":"product","link":"https:\/\/secureus.se\/fi\/tagg-nyckelbricka-saturnus-em4200-std-nr\/","title":{"rendered":"Tag\/Key fob Saturnus EM4200 Std"},"content":{"rendered":"<p>Saturnus on monipuolinen, joustavasta ABS-materiaalista valmistettu, hienopintainen tagi, joka sopii hyvin sek\u00e4 kaiverrukseen ett\u00e4 v\u00e4rilogoihin.<\/p>\n<p>Toinen puoli on valkoinen ja toiselle puolelle on kaiverrettu B-, R-, S- ja A-numerot.<\/p>\n<p>Toimii kaikissa EM-tekniikkaa k\u00e4ytt\u00e4viss\u00e4 j\u00e4rjestelmiss\u00e4, mukaan lukien RCO, Bewator\/Vanderbilt, Aptus, ASSA ARX ja muun tyyppisiss\u00e4 j\u00e4rjestelmiss\u00e4, esim. vierailijaj\u00e4rjestelm\u00e4t tai tietokoneisiin\/tulostimiin kirjautuminen.<\/p>\n<p>Lue lis\u00e4\u00e4 artikkelista tuoteselosteesta - Tuotelehti Saturnus<\/p>\n<p>Stonehouse Saturnus on halpa ja hyv\u00e4 tuote alkuper\u00e4isell\u00e4 sirulla kaikkiin k\u00e4ytt\u00f6tarkoituksiin.<\/p>","protected":false},"excerpt":{"rendered":"<p>Saturnus on joustavasta ABS-materiaalista valmistettu monipuolinen etiketti, jossa on tyylik\u00e4s pinta, joka sopii hyvin sek\u00e4 kaiverrukseen ett\u00e4 v\u00e4rilogoihin. Toinen puoli on valkoinen ja toinen puoli<\/p>","protected":false},"featured_media":147281,"template":"","meta":{"_acf_changed":false},"product_brand":[],"product_cat":[1324],"product_tag":[2958],"class_list":{"0":"post-41469","1":"product","2":"type-product","3":"status-publish","4":"has-post-thumbnail","6":"product_cat-outlet","7":"product_tag-stonehouse-produkt","8":"product_shipping_class-postnord-varubrev","9":"pa_brands-stonehouse-security","10":"pa_chip-teknik-em4200","11":"pa_farg-bla","12":"tm-no-options","14":"first","15":"outofstock","16":"sale","17":"featured","18":"taxable","19":"shipping-taxable","20":"purchasable","21":"product-type-simple"},"acf":[],"_links":{"self":[{"href":"https:\/\/secureus.se\/fi\/wp-json\/wp\/v2\/product\/41469","targetHints":{"allow":["GET"]}}],"collection":[{"href":"https:\/\/secureus.se\/fi\/wp-json\/wp\/v2\/product"}],"about":[{"href":"https:\/\/secureus.se\/fi\/wp-json\/wp\/v2\/types\/product"}],"wp:featuredmedia":[{"embeddable":true,"href":"https:\/\/secureus.se\/fi\/wp-json\/wp\/v2\/media\/147281"}],"wp:attachment":[{"href":"https:\/\/secureus.se\/fi\/wp-json\/wp\/v2\/media?parent=41469"}],"wp:term":[{"taxonomy":"product_brand","embeddable":true,"href":"https:\/\/secureus.se\/fi\/wp-json\/wp\/v2\/product_brand?post=41469"},{"taxonomy":"product_cat","embeddable":true,"href":"https:\/\/secureus.se\/fi\/wp-json\/wp\/v2\/product_cat?post=41469"},{"taxonomy":"product_tag","embeddable":true,"href":"https:\/\/secureus.se\/fi\/wp-json\/wp\/v2\/product_tag?post=41469"}],"curies":[{"name":"wp","href":"https:\/\/api.w.org\/{rel}","templated":true}]}}