{"id":41471,"date":"2022-07-14T16:25:50","date_gmt":"2022-07-14T14:25:50","guid":{"rendered":"https:\/\/secureus.se\/produkt\/tagg-nyckelbricka-saturnus-em4200\/"},"modified":"2026-01-06T20:47:49","modified_gmt":"2026-01-06T19:47:49","slug":"tagg-nyckelbricka-saturnus-em4200","status":"publish","type":"product","link":"https:\/\/secureus.se\/fi\/tagg-nyckelbricka-saturnus-em4200\/","title":{"rendered":"Tag\/avaimenper\u00e4 Saturnus EM4200"},"content":{"rendered":"<div>\n<p>Saturnus on monipuolinen, joustavasta ABS-materiaalista valmistettu, hienopintainen tagi, joka sopii hyvin sek\u00e4 kaiverrukseen ett\u00e4 v\u00e4rilogoihin.<\/p>\n<p>Toinen puoli on valkoinen esim. logoa varten ja toinen puoli sopii numeroiden kaiverrukseen.<\/p>\n<p>Jos olet valinnut tunnisteen, jossa on vain numero, voit valita, haluatko numerot tunnisteen valkoiselle etu- vai takapuolelle.<\/p>\n<p>Toimii kaikissa EM-tekniikkaa k\u00e4ytt\u00e4viss\u00e4 j\u00e4rjestelmiss\u00e4, mukaan lukien RCO, Bewator\/Vanderbilt, Aptus, ASSA ARX ja muun tyyppisiss\u00e4 j\u00e4rjestelmiss\u00e4, esim. vierailijaj\u00e4rjestelm\u00e4t tai tietokoneisiin\/tulostimiin kirjautuminen.<\/p>\n<p>Lue lis\u00e4\u00e4 artikkelista tuoteselosteesta - Tuotelehti Saturnus<\/p>\n<p>Stonehouse Saturnus on halpa ja hyv\u00e4 tuote alkuper\u00e4isell\u00e4 sirulla kaikkiin k\u00e4ytt\u00f6tarkoituksiin.<\/p>\n<p>&nbsp;<\/p>\n<\/div>","protected":false},"excerpt":{"rendered":"<p>Saturnus on monipuolinen, joustavasta ABS-materiaalista valmistettu, hienopintainen tagi, joka sopii hyvin sek\u00e4 kaiverrukseen ett\u00e4 v\u00e4rilogoihin. Toinen puoli on valkoinen esim. logo ja<\/p>","protected":false},"featured_media":142223,"template":"","meta":{"_acf_changed":false},"product_brand":[],"product_cat":[1324],"product_tag":[2958],"class_list":{"0":"post-41471","1":"product","2":"type-product","3":"status-publish","4":"has-post-thumbnail","6":"product_cat-outlet","7":"product_tag-stonehouse-produkt","8":"product_shipping_class-postnord-varubrev","9":"pa_brands-stonehouse-security","10":"pa_farg-bla","11":"tm-no-options","13":"first","14":"outofstock","15":"sale","16":"featured","17":"taxable","18":"shipping-taxable","19":"purchasable","20":"product-type-simple"},"acf":[],"_links":{"self":[{"href":"https:\/\/secureus.se\/fi\/wp-json\/wp\/v2\/product\/41471","targetHints":{"allow":["GET"]}}],"collection":[{"href":"https:\/\/secureus.se\/fi\/wp-json\/wp\/v2\/product"}],"about":[{"href":"https:\/\/secureus.se\/fi\/wp-json\/wp\/v2\/types\/product"}],"wp:featuredmedia":[{"embeddable":true,"href":"https:\/\/secureus.se\/fi\/wp-json\/wp\/v2\/media\/142223"}],"wp:attachment":[{"href":"https:\/\/secureus.se\/fi\/wp-json\/wp\/v2\/media?parent=41471"}],"wp:term":[{"taxonomy":"product_brand","embeddable":true,"href":"https:\/\/secureus.se\/fi\/wp-json\/wp\/v2\/product_brand?post=41471"},{"taxonomy":"product_cat","embeddable":true,"href":"https:\/\/secureus.se\/fi\/wp-json\/wp\/v2\/product_cat?post=41471"},{"taxonomy":"product_tag","embeddable":true,"href":"https:\/\/secureus.se\/fi\/wp-json\/wp\/v2\/product_tag?post=41471"}],"curies":[{"name":"wp","href":"https:\/\/api.w.org\/{rel}","templated":true}]}}