{"id":41479,"date":"2022-07-14T09:23:45","date_gmt":"2022-07-14T07:23:45","guid":{"rendered":"https:\/\/secureus.se\/produkt\/tagg-nyckelbricka-abs-plus-mifare1k-saltokod-och-salto-inskrift-vit\/"},"modified":"2026-04-13T15:06:33","modified_gmt":"2026-04-13T13:06:33","slug":"salto-tagg-vit-plus","status":"publish","type":"product","link":"https:\/\/secureus.se\/fi\/salto-tagg-vit-plus\/","title":{"rendered":"Salto Tag Mifare1k\u00ae Salto-koodi ja Salto-kaiverrus \u2013 Valkoinen Plus (vastaa Salto PCM04KB:t\u00e4)"},"content":{"rendered":"<h1>Somersault Tag Mifare1k Somersault Code \u2013 ABS Plus<\/h1>\n<p>&quot;ABS Plus&quot; RFID-tunnisteemme on luotu vastaamaan vaativimpiinkin turvallisuus- ja tunnistamistarpeisiin.<\/p>\n<p>Sen vankka rakenne, joka on valmistettu eritt\u00e4in vakaasta 3,9 mm ABS-materiaalista, tarjoaa t\u00e4ydellisen tasapainon kest\u00e4vyyden ja eleganssin v\u00e4lill\u00e4.<\/p>\n<p>Sen puhdas viimeistely tekee siit\u00e4 ihanteellisen vakionumeroiden kaiverrukseen tai logon sis\u00e4llytt\u00e4miseen joko kaiverretun tai v\u00e4rillisen viimeistelyn avulla.<\/p>\n<p>Tarvitsetpa luotettavan RFID-tunnisteen p\u00e4\u00e4syj\u00e4rjestelmiin, vierailijaj\u00e4rjestelmiin, varauksiin, h\u00e4lytyksiin tai muihin sovelluksiin, &quot;ABS Plus&quot; RFID -tunniste on t\u00e4ydellinen valinta.<\/p>\n<p>Laajan valikoiman siruvaihtoehtoja, EM4200, Mifare1k, Mifare1k ja EM4200 yhdistelm\u00e4, Mifare4k, Mifare4k ja EM4200 yhdistelm\u00e4 sek\u00e4 DESFire, voit r\u00e4\u00e4t\u00e4l\u00f6id\u00e4 ratkaisusi vastaamaan erityistarpeitasi.<\/p>\n<p>Ymm\u00e4rr\u00e4mme, kuinka t\u00e4rke\u00e4\u00e4 on toimittaa korkealaatuisia RFID-tunnisteita, jotka vastaavat t\u00e4m\u00e4n p\u00e4iv\u00e4n vaatimuksia ja odotuksia.<\/p>\n<p>Siksi pyrimme tarjoamaan parasta tekniikkaa ja yhteensopivuutta j\u00e4rjestelmienne turvallisuuden ja tehokkuuden parantamiseksi.<\/p>\n<h4><strong>Mukautettu RFID-tunniste ainutlaatuiselle projektin kuperkeikkatunnisteelle<\/strong><\/h4>\n<p>RFID-tunnisteemme etuja ovat yhteensopivuus eri j\u00e4rjestelmien\/teknologioiden kanssa sek\u00e4 kyky r\u00e4\u00e4t\u00e4l\u00f6id\u00e4 tunnisteet sopimaan ainutlaatuisiin projekteihin.<\/p>\n<p>Voimme ohjelmoida ja integroida erilaisia siruja vastaamaan erityisi\u00e4 sovellusvaatimuksia ja luoda r\u00e4\u00e4t\u00e4l\u00f6ityj\u00e4 ratkaisuja.<\/p>\n<p>Ota yhteytt\u00e4 jo t\u00e4n\u00e4\u00e4n keskustellaksesi projekti-ideoistasi ja saadaksesi r\u00e4\u00e4t\u00e4l\u00f6idyn RFID-tunnisteratkaisun tarpeisiisi.<\/p>\n<h5><strong>Nopea toimitus ja aina varastossa - kuperkeikkalappu<\/strong><\/h5>\n<p>\u201cABS Plus\u201d RFID-tunnisteita on aina varastossa yli 25 000 kappaletta 6 v\u00e4riss\u00e4 ja erilaisilla siruratkaisuilla.<\/p>\n<p>Laserkoneidemme ja ohjelmistojemme avulla voit valita logon ja yksil\u00f6llisen numeron kaiverrukseen toimituksen kanssa 1-3 p\u00e4iv\u00e4n sis\u00e4ll\u00e4.<\/p>\n<p>Tutustu &quot;ABS Plus&quot; RFID -tunnisteen etuihin ja vie tietoturvasi ja tunnistamisesi uudelle tasolle.<\/p>\n<p>Kuten aina meilt\u00e4, alkuper\u00e4inen siru NXP:lt\u00e4 ja EM Microelectronicilta.<\/p>\n<p>Kaikki, jotta RFID-tunnisteemme toimivat turvallisesti ja pitk\u00e4\u00e4n takuulla.<\/p>\n<ul>\n<li><strong>RFID:t\u00e4 voidaan k\u00e4ytt\u00e4\u00e4:<\/strong>\n<ul>\n<li>Pass-j\u00e4rjestelm\u00e4<\/li>\n<li>Vierailijaj\u00e4rjestelm\u00e4<\/li>\n<li>Varaus<\/li>\n<li>H\u00e4lytys ja turvallisuus<\/li>\n<\/ul>\n<\/li>\n<li><strong>&quot;ABS Plus&quot;:n edut:<\/strong>\n<ul>\n<li>Vankka rakenne ABS-materiaalista<\/li>\n<li>Eritt\u00e4in kest\u00e4v\u00e4 ABS 3,9 mm<\/li>\n<li>Mahdollisuus kaivertaa vakionumero tai sis\u00e4llytt\u00e4\u00e4 logo<\/li>\n<li>Laaja valikoima siruvaihtoehtoja eri tarpeisiin ja aina varastossa.<\/li>\n<\/ul>\n<\/li>\n<\/ul>","protected":false},"excerpt":{"rendered":"<p>Klassinen RFID-tunniste &quot;ABS Plus&quot; \u2013 t\u00e4ydellinen ratkaisu turva- ja tunnistusj\u00e4rjestelmiin. Mifare1k-siru ohjelmoitu SALTO-k\u00e4ytt\u00f6j\u00e4rjestelm\u00e4\u00e4n. Tunniste on valmistettu kovasta 3,9 mm paksusta ABS-materiaalista, jonka tyylik\u00e4s pinta sopii kaikkialle. T\u00e4ss\u00e4 tuotteessa on NXP\u00ae:n sertifioitu siru, joka on globaali teknologiayritys, jonka p\u00e4\u00e4konttori on Hollannissa. NXP\u00ae on erikoistunut RFID:hen ja NFC:hen ja tarjoaa valikoiman tuotteita tietoturvaan, liitett\u00e4vyyteen ja sulautettuihin ratkaisuihin.<\/p>","protected":false},"featured_media":146503,"template":"","meta":{"_acf_changed":false},"product_brand":[],"product_cat":[4791],"product_tag":[2074,2091,2151,2150,2958],"class_list":{"0":"post-41479","1":"product","2":"type-product","3":"status-publish","4":"has-post-thumbnail","6":"product_cat-salto-tagg","7":"product_tag-ej-lagerfraga","8":"product_tag-rfid-ordervara","9":"product_tag-rfid-salto","10":"product_tag-stonehouse-iloq-salto","11":"product_tag-stonehouse-produkt","12":"product_shipping_class-postnord-varubrev","13":"pa_chip-teknik-salto","14":"pa_color-vit","15":"pa_farg-vit","16":"pa_rfid-ovriga-system-salto","17":"tm-no-options","19":"first","20":"instock","21":"sale","22":"featured","23":"taxable","24":"shipping-taxable","25":"purchasable","26":"product-type-simple"},"acf":[],"_links":{"self":[{"href":"https:\/\/secureus.se\/fi\/wp-json\/wp\/v2\/product\/41479","targetHints":{"allow":["GET"]}}],"collection":[{"href":"https:\/\/secureus.se\/fi\/wp-json\/wp\/v2\/product"}],"about":[{"href":"https:\/\/secureus.se\/fi\/wp-json\/wp\/v2\/types\/product"}],"wp:featuredmedia":[{"embeddable":true,"href":"https:\/\/secureus.se\/fi\/wp-json\/wp\/v2\/media\/146503"}],"wp:attachment":[{"href":"https:\/\/secureus.se\/fi\/wp-json\/wp\/v2\/media?parent=41479"}],"wp:term":[{"taxonomy":"product_brand","embeddable":true,"href":"https:\/\/secureus.se\/fi\/wp-json\/wp\/v2\/product_brand?post=41479"},{"taxonomy":"product_cat","embeddable":true,"href":"https:\/\/secureus.se\/fi\/wp-json\/wp\/v2\/product_cat?post=41479"},{"taxonomy":"product_tag","embeddable":true,"href":"https:\/\/secureus.se\/fi\/wp-json\/wp\/v2\/product_tag?post=41479"}],"curies":[{"name":"wp","href":"https:\/\/api.w.org\/{rel}","templated":true}]}}