{"id":41489,"date":"2022-07-12T11:34:21","date_gmt":"2022-07-12T09:34:21","guid":{"rendered":"https:\/\/secureus.se\/produkt\/epoxy-em4200-mifare4k-std-nr\/"},"modified":"2025-12-31T21:38:12","modified_gmt":"2025-12-31T20:38:12","slug":"rfid-tagg-epoxy-em4200-mifare4k-std-nr","status":"publish","type":"product","link":"https:\/\/secureus.se\/fi\/rfid-tagg-epoxy-em4200-mifare4k-std-nr\/","title":{"rendered":"Merkitse Epoxy+ EM4200\/Mifare4k valinnaisilla numeroilla"},"content":{"rendered":"<h1>Merkitse Epoxy+ EM4200\/Mifare4k valinnaisilla numeroilla<\/h1>\n<h3><strong>Ainutlaatuinen ja tyylik\u00e4s muotoilu<\/strong><\/h3>\n<p>R\u00e4\u00e4t\u00e4l\u00f6idyt &quot;Epoxy&quot; RFID-tunnisteemme on r\u00e4\u00e4t\u00e4l\u00f6ity yksinomaan sinua varten, ja sen valmistusaika on noin 3 viikkoa. Tunnisteen perusmateriaali on PVC, jonka toimitamme epoksiliimalla, joka antaa sille kest\u00e4v\u00e4n ja luotettavan rakenteen. Vaikuttavan valokuvamaisen tulostustekniikan avulla voit verrata tulostetta luottokortin\/j\u00e4senkortin tulostukseen, ja kovan epoksiliiman ansiosta RFID-tunniste on ainutlaatuinen ja tyylik\u00e4s.<\/p>\n<p><span style=\"text-decoration: underline\"><strong>T\u00e4yt\u00e4 turvallisuus- ja tunnistustarpeesi<\/strong><\/span><\/p>\n<p>T\u00e4m\u00e4 mukautettu &quot;Epoksi&quot; RFID-tunniste sopii t\u00e4ydellisesti turvallisuus- ja tunnistustarpeihisi. Olipa kyseess\u00e4 p\u00e4\u00e4syj\u00e4rjestelm\u00e4t, vierailijoiden hallinta, pesulavaraukset, h\u00e4lytykset tai muut sovellukset, tunnisteemme on luotettava ratkaisu.<\/p>\n<p><span style=\"text-decoration: underline\"><strong>Laadukas valmistus laatua ja toimivuutta varten<\/strong><\/span><\/p>\n<p>Ymm\u00e4rr\u00e4mme, kuinka t\u00e4rke\u00e4\u00e4 on toimittaa korkealaatuisia tuotteita, jotka vastaavat odotuksiasi. Siksi pyrimme valmistamaan tunnisteen huolellisesti ja tarkasti varmistaaksemme sen laadun ja toimivuuden.<\/p>\n<p><span style=\"text-decoration: underline\"><strong>Tuotantoaika: Noin 3 viikkoa<\/strong><\/span><\/p>\n<p>Huomaa, ett\u00e4 jokaisen asiakkaan ainutlaatuisen valmistusprosessin vuoksi &quot;Epoxy&quot; RFID -tunnistettamme ei voida toimittaa nopeasti. Haluamme tarjota sinulle parhaan mahdollisen tuotteen, ja siksi mukautetun etiketin valmistaminen kest\u00e4\u00e4 noin 3 viikkoa.<\/p>\n<p><span style=\"text-decoration: underline\"><strong>Hintaan sis\u00e4ltyy: R\u00e4\u00e4t\u00e4l\u00f6inti ja kaiverrus<\/strong><\/span><\/p>\n<p>L\u00e4het\u00e4t meille valokuvan, logon tai tekstin ja teemme digitaalisen korjauksen kunnes olet tyytyv\u00e4inen, sitten kaiverramme j\u00e4rjestelm\u00e4numerosi kuluntoj\u00e4rjestelmillesi, h\u00e4lyttimillesi tai sarjanumerot toiveidesi mukaan - Kaikki sis\u00e4ltyy hintaan.<\/p>\n<h3>Kuten aina meilt\u00e4, alkuper\u00e4inen siru<a href=\"https:\/\/www.nxp.com\/\" rel=\"noopener\"> NXP<\/a> ja <a href=\"https:\/\/www.emmicroelectronic.com\/\" rel=\"noopener\">EM Microelectronics.<\/a><\/h3>\n<p><strong>Sopii kaikkeen ja kaikille!<\/strong><\/p>\n<ul>\n<li>Pass-j\u00e4rjestelm\u00e4<\/li>\n<li>Vierailijaj\u00e4rjestelm\u00e4<\/li>\n<li>Pyykin varaus<\/li>\n<li>H\u00e4lytys ja turvaj\u00e4rjestelm\u00e4<\/li>\n<\/ul>\n<p>&nbsp;<\/p>\n<p><strong>Ota yhteytt\u00e4 r\u00e4\u00e4t\u00e4l\u00f6ity\u00e4 ratkaisua varten<\/strong><\/p>\n<p>Ota yhteytt\u00e4 jo t\u00e4n\u00e4\u00e4n keskustellaksesi projekti-ideoistasi ja saadaksesi r\u00e4\u00e4t\u00e4l\u00f6ity RFID-tunnisteratkaisu, joka sopii tarpeisiisi. Odotamme innolla ainutlaatuisen ja tyylikk\u00e4\u00e4n RFID-tunnisteen luomista sinulle.<\/p>\n<p><strong>RFID-tunnisteet erilaisiin sovelluksiin<\/strong><\/p>\n<p><strong>Pass-j\u00e4rjestelm\u00e4<\/strong> - &quot;Epoxy&quot; RFID -tunnisteemme on t\u00e4ydellinen k\u00e4ytett\u00e4v\u00e4ksi kulunvalvontaj\u00e4rjestelmiss\u00e4 sujuvan ja turvallisen kulunvalvonnan varmistamiseksi.<\/p>\n<p><strong>Vierailijaj\u00e4rjestelm\u00e4<\/strong> - RFID-tunnisteemme avulla voit hallita k\u00e4vij\u00f6it\u00e4 tehokkaasti ja varmistaa sujuvan rekister\u00f6intiprosessin.<\/p>\n<p><strong>Pyykin varaus<\/strong> - K\u00e4yt\u00e4 RFID-tunnistettamme pyykinpesutilojen yksinkertaiseen ja k\u00e4tev\u00e4\u00e4n varaamiseen.<\/p>\n<p><strong>H\u00e4lytys ja turvallisuus<\/strong> - Paranna kotisi tai yrityksesi turvallisuutta luotettavalla RFID-tunnisteellamme, joka voidaan integroida h\u00e4lytys- ja turvaj\u00e4rjestelmiin.<\/p>\n<p><strong>&quot;Epoxy&quot; RFID-tunnisteiden edut<\/strong><\/p>\n<p><strong>T\u00e4ysin valinnainen suunnittelu ja ilmainen oikoluku, kunnes olet tyytyv\u00e4inen<\/strong> - Tarjoamme sinulle mahdollisuuden luoda ainutlaatuinen muotoilu RFID-tunnisteeseesi ja antaa sinulle mahdollisuuden tarkistaa ja hyv\u00e4ksy\u00e4 todiste ennen valmistusta.<\/p>\n<p><strong>Mahdollisuus kaivertaa vakionumero tai sis\u00e4llytt\u00e4\u00e4 logo<\/strong> - Voimme kaivertaa vakionumeroita tai sis\u00e4llytt\u00e4\u00e4 logosi RFID-tunnisteeseen antaaksemme sille henkil\u00f6kohtaisen ja ammattimaisen ilmeen.<\/p>\n<p><strong>Laaja valikoima siruvaihtoehtoja erilaisiin tarpeisiin ja aina varastossa<\/strong> - Tarjoamme laajan valikoiman siruvaihtoehtoja erilaisiin turvallisuus- ja tunnistustarpeisiin. Lis\u00e4ksi pid\u00e4mme aina RFID-tunnisteitamme varastossa nopeaa toimitusta varten.<\/p>\n<p>Olemme sitoutuneet tarjoamaan sinulle korkealaatuisia ja luotettavia RFID-tunnisteita, jotka vastaavat tarpeitasi. Asiantuntijatiimimme on k\u00e4ytett\u00e4viss\u00e4si tarjoamaan sinulle parasta mahdollista palvelua ja tukea. Ota yhteytt\u00e4 jo t\u00e4n\u00e4\u00e4n aloittaaksesi mukautetun &quot;Epoxy&quot; RFID -tunnisteen luomisen ja koe turvallisuuden ja tunnistamisen edut uudella tasolla.<\/p>","protected":false},"excerpt":{"rendered":"<p>T\u00e4ll\u00e4 tunnisteella voit valita mink\u00e4 tahansa ulkoasun, esimerkiksi logon tai miksei kuvan toiselle puolelle ja numeron tai logon toiselle puolelle.<\/p>\n<p>Ota yhteytt\u00e4, niin tuotamme digitaaliset kuvat valitsemastasi ulkoasusta maksutta.<\/p>\n<p>Ylellisin tunniste, joka on eritt\u00e4in suosittu.<\/p>\n<p>Se on valmistettu yksil\u00f6llisesti sinua varten, joten sen v\u00e4himm\u00e4istilausm\u00e4\u00e4r\u00e4 on 500 yksikk\u00f6\u00e4.<\/p>","protected":false},"featured_media":110564,"template":"","meta":{"_acf_changed":false},"product_brand":[],"product_cat":[2354],"product_tag":[2642,2074,2958,2991],"class_list":{"0":"post-41489","1":"product","2":"type-product","3":"status-publish","4":"has-post-thumbnail","6":"product_cat-rfid-taggar","7":"product_tag-500-moq-design-pvc","8":"product_tag-ej-lagerfraga","9":"product_tag-stonehouse-produkt","10":"product_tag-std-nr-taggar","11":"product_shipping_class-postnord-varubrev","12":"pa_brands-stonehouse-security","13":"pa_chip-teknik-kombi-em4200mifare4k","14":"pa_epoxy-med-eller-utan-ring-tagg-epoxy","15":"tm-has-options","17":"first","18":"instock","19":"sale","20":"featured","21":"taxable","22":"shipping-taxable","23":"purchasable","24":"product-type-simple"},"acf":[],"_links":{"self":[{"href":"https:\/\/secureus.se\/fi\/wp-json\/wp\/v2\/product\/41489","targetHints":{"allow":["GET"]}}],"collection":[{"href":"https:\/\/secureus.se\/fi\/wp-json\/wp\/v2\/product"}],"about":[{"href":"https:\/\/secureus.se\/fi\/wp-json\/wp\/v2\/types\/product"}],"wp:featuredmedia":[{"embeddable":true,"href":"https:\/\/secureus.se\/fi\/wp-json\/wp\/v2\/media\/110564"}],"wp:attachment":[{"href":"https:\/\/secureus.se\/fi\/wp-json\/wp\/v2\/media?parent=41489"}],"wp:term":[{"taxonomy":"product_brand","embeddable":true,"href":"https:\/\/secureus.se\/fi\/wp-json\/wp\/v2\/product_brand?post=41489"},{"taxonomy":"product_cat","embeddable":true,"href":"https:\/\/secureus.se\/fi\/wp-json\/wp\/v2\/product_cat?post=41489"},{"taxonomy":"product_tag","embeddable":true,"href":"https:\/\/secureus.se\/fi\/wp-json\/wp\/v2\/product_tag?post=41489"}],"curies":[{"name":"wp","href":"https:\/\/api.w.org\/{rel}","templated":true}]}}