{"id":41496,"date":"2022-07-12T11:26:52","date_gmt":"2022-07-12T09:26:52","guid":{"rendered":"https:\/\/secureus.se\/produkt\/tagg-nyckelbricka-droppen-mifare-1k-std-nr-7\/"},"modified":"2026-03-27T13:38:37","modified_gmt":"2026-03-27T12:38:37","slug":"mifare-tagg-1k-rod-droppen","status":"publish","type":"product","link":"https:\/\/secureus.se\/fi\/mifare-tagg-1k-rod-droppen\/","title":{"rendered":"Mifare 1k Droppen punainen avaimenper\u00e4 \u2013 Valmiit j\u00e4rjestelm\u00e4numerot (Mifare 13.56 MHz)"},"content":{"rendered":"<h1>Mifare 1k Classic Droppen Red \u2013 Avaimenper\u00e4 Valmiit j\u00e4rjestelm\u00e4numerot (Mifare 13.56 MHz)<\/h1>\n<p><strong>Ruotsin ostetuin avaimenper\u00e4 valmiilla Mifare-numeroilla - toimii suoraan 99:ss\u00e4 kaikista ruotsalaisista Mifare-j\u00e4rjestelmist\u00e4.<\/strong><br \/>\nValmiiksi kaiverrettu MFD-, MFR-, MFL- tai MFV-numeroilla, joten voit jakaa ne samana p\u00e4iv\u00e4n\u00e4, kun ne saapuvat. Voit silti lis\u00e4t\u00e4 oman logosi tai ylim\u00e4\u00e4r\u00e4isen sarjanumeron, jos haluat.<\/p>\n<p><strong>Onko sinulla eri Mifare-j\u00e4rjestelm\u00e4 vai haluatko t\u00e4sm\u00e4lleen saman numeron kaikkiin tunnisteisiin?<\/strong><br \/>\n\u00c4l\u00e4 huoli - tunniste toimii <u>kaikki<\/u> Mifare 13,56 MHz -j\u00e4rjestelm\u00e4 (silloin kaiverrettu numero j\u00e4tet\u00e4\u00e4n huomiotta).<br \/>\nHaluaisitko mieluummin <strong>t\u00e4ysin tyhji\u00e4 tunnisteita, joissa voit hallita kaikkea 100 %<\/strong>? Sitten valitset <a href=\"\/fi\/mifare1k-anpassningsbara\/\">r\u00e4\u00e4t\u00e4l\u00f6it\u00e4v\u00e4t Mifare-tunnisteet t\u00e4\u00e4ll\u00e4<\/a> - sama malli, t\u00e4ysin tyhj\u00e4 ja ohjelmoitu juuri haluamallasi tavalla.<\/p>\n<div style=\"background: #e8f5e8;border: 2px solid #2e7d32;border-radius: 12px;padding: 20px;margin: 30px 0;text-align: center\">\n<h3 style=\"margin: 0 0 12px 0;color: #1b5e20\">Oikeat Mifare-j\u00e4rjestelm\u00e4n numerot luetaan<\/h3>\n<p style=\"margin: 8px 0;font-size: 1.1em;line-height: 1.5\">MFD = Aptus \u2219 MFR = RCO (9 numeroa) \u2219 MFL = RCO (10 numeroa) \u2219 MFV = Axema VAKA<br \/>\n\u2192 Numerot luetaan ja testataan fyysisesti todellisissa tiloissa, ja ne kaiverretaan tunnisteeseen - taataan, ett\u00e4 ne toimivat heti.<\/p>\n<\/div>\n<div style=\"background: #fff3e0;border-left: 5px solid #ff9800;padding: 18px;margin: 30px 0\">\n<p style=\"margin: 0;font-size: 1.05em\"><strong>Haluatko tehd\u00e4 niist\u00e4 viel\u00e4 kauniimpia vai hankkia sarjanumerot?<\/strong><br \/>\nNapsauta sivun yl\u00e4reunassa olevaa \"Mukauta tuote\" -painiketta:<br \/>\n\u2713 Laserkaiverrettu logo<br \/>\n\u2713 Ylim\u00e4\u00e4r\u00e4inen sarjanumero vakionumeron p\u00e4\u00e4lle.<br \/>\n\u2713 Logon v\u00e4ritulostus (v\u00e4hint\u00e4\u00e4n 500 kpl)<br \/>\n\u2192 L\u00e4het\u00e4mme aina todisteet ennen tuotantoa<\/p>\n<\/div>\n<div style=\"background: #f4f9ff;border: 2px solid #0066cc;border-radius: 12px;padding: 20px;margin: 30px 0;text-align: center\">\n<h3 style=\"margin: 0 0 12px 0;color: #003366\">Etk\u00f6 ole varma EM- tai Mifare-j\u00e4rjestelm\u00e4st\u00e4?<\/h3>\n<p style=\"margin: 8px 0;font-size: 1.05em;color: #333\">Kokeile molempia tekniikoita kotona vain <strong>69 kr. Ilmainen toimitus<\/strong><br \/>\nRahat takaisin, kun ostat my\u00f6hemmin 100 tai enemm\u00e4n<\/p>\n<p><a style=\"display: inline-block;background: #0066cc;color: white;font-weight: bold;padding: 14px 32px;border-radius: 8px;text-decoration: none;margin: 15px 0;font-size: 1.1em\" href=\"\/fi\/testtagg-em-mifare\/\">Osta testilappu nyt - 69 kr<\/a><\/p>\n<\/div>\n<h2>Yhteensopivat j\u00e4rjestelm\u00e4t (jo valmiit)<\/h2>\n<ul>\n<li>Aptus (MFD)<\/li>\n<li>RCO-turvallisuus (MFR \/ MFL)<\/li>\n<li>Axema VAKA (MFA)<\/li>\n<li>ASSA ARX \/ Vanderbilt \/ Bewator (MFD)<\/li>\n<li>Pacom, Tidomat ja muut - ja kaikki muut Mifare-j\u00e4rjestelm\u00e4t.<\/li>\n<\/ul>\n<h2>Siksi kaikki valitsevat Droppenin valmiilla Mifare-numeroilla<\/h2>\n<ul>\n<li>Ruotsin tunnetuin avaimenper\u00e4 \u2013 kaikki tiet\u00e4v\u00e4t, milt\u00e4 se tuntuu<\/li>\n<li>Eritt\u00e4in kest\u00e4v\u00e4 ABS-muovi ja tukeva metallirengas<\/li>\n<li>Valmiit numerot - ei ohjelmointia tai avaimia, ei odottelua<\/li>\n<li>Aina tuhansia varastossa 7 v\u00e4riss\u00e4 \u2013 toimitus 1\u20132 p\u00e4iv\u00e4ss\u00e4<\/li>\n<\/ul>\n<h2>Tekniset tiedot<\/h2>\n<table style=\"width: 100%;border-collapse: collapse;margin: 20px 0\">\n<tbody>\n<tr>\n<td><strong>v\u00e4rit<\/strong><\/td>\n<td>Musta \u2219 Valkoinen \u2219 Sininen \u2219 Punainen \u2219 Vihre\u00e4 \u2219 Keltainen \u2219 Harmaa<\/td>\n<\/tr>\n<tr>\n<td><strong>siru<\/strong><\/td>\n<td>Mifare Classic 1k alkuper\u00e4inen (NXP)<\/td>\n<\/tr>\n<tr>\n<td><strong>Taajuus<\/strong><\/td>\n<td>13,56 MHz<\/td>\n<\/tr>\n<tr>\n<td><strong>Muisti<\/strong><\/td>\n<td>1 kB (16 sektoria)<\/td>\n<\/tr>\n<tr>\n<td><strong>Materiaali<\/strong><\/td>\n<td>Kest\u00e4v\u00e4 ABS + metallirengas<\/td>\n<\/tr>\n<tr>\n<td><strong>Lomake<\/strong><\/td>\n<td>Pisaranmuotoinen avaimenper\u00e4<\/td>\n<\/tr>\n<tr>\n<td><strong>Vakionumero<\/strong><\/td>\n<td>Kaiverrettu MFD\/MFR\/MFL\/MFV (sis\u00e4ltyy toimitukseen)<\/td>\n<\/tr>\n<tr>\n<td><strong>Lis\u00e4kaiverrus\/logo<\/strong><\/td>\n<td>Mahdollista - valitse yll\u00e4 oleva vaihtoehto<\/td>\n<\/tr>\n<\/tbody>\n<\/table>\n<h2>Toimitus<\/h2>\n<ul>\n<li><strong>1-2 p\u00e4iv\u00e4\u00e4<\/strong> varastotuotteesta<\/li>\n<li>Kaiverruksella\/logolla varustettuna: 2-4 p\u00e4iv\u00e4\u00e4 + todistusaineisto.<\/li>\n<li>Ilmainen toimitus yli 1000 kr<\/li>\n<\/ul>","protected":false},"excerpt":{"rendered":"<p><strong>Mifare 1k Classic Droppen - Valmiit j\u00e4rjestelm\u00e4numerot (Mifare 13,56 MHz)<\/strong><br \/>\nRuotsin tunnetuin avaimenper\u00e4 \u2219 jo kaiverrettu MFD\/MFR\/MFL\/MFV-numero<br \/>\nToimii suoraan Aptuksessa, RCO:ssa, Axema VAKA:ssa jne. \u2219 Voi lis\u00e4t\u00e4 logon\/juoksunumeron.<\/p>","protected":false},"featured_media":163665,"template":"","meta":{"_acf_changed":false},"product_brand":[],"product_cat":[1352,4784,2354],"product_tag":[2074,4146,2958,2991],"class_list":{"0":"post-41496","1":"product","2":"type-product","3":"status-publish","4":"has-post-thumbnail","6":"product_cat-rfid-tagg-droppen","7":"product_cat-mifare1k","8":"product_cat-rfid-taggar","9":"product_tag-ej-lagerfraga","10":"product_tag-nxp","11":"product_tag-stonehouse-produkt","12":"product_tag-std-nr-taggar","13":"product_shipping_class-postnord-varubrev","14":"pa_brands-stonehouse-security","15":"pa_chip-teknik-mifare1k","16":"pa_farg-rod","17":"tm-has-options","19":"first","20":"instock","21":"sale","22":"featured","23":"taxable","24":"shipping-taxable","25":"purchasable","26":"product-type-simple"},"acf":[],"_links":{"self":[{"href":"https:\/\/secureus.se\/fi\/wp-json\/wp\/v2\/product\/41496","targetHints":{"allow":["GET"]}}],"collection":[{"href":"https:\/\/secureus.se\/fi\/wp-json\/wp\/v2\/product"}],"about":[{"href":"https:\/\/secureus.se\/fi\/wp-json\/wp\/v2\/types\/product"}],"wp:featuredmedia":[{"embeddable":true,"href":"https:\/\/secureus.se\/fi\/wp-json\/wp\/v2\/media\/163665"}],"wp:attachment":[{"href":"https:\/\/secureus.se\/fi\/wp-json\/wp\/v2\/media?parent=41496"}],"wp:term":[{"taxonomy":"product_brand","embeddable":true,"href":"https:\/\/secureus.se\/fi\/wp-json\/wp\/v2\/product_brand?post=41496"},{"taxonomy":"product_cat","embeddable":true,"href":"https:\/\/secureus.se\/fi\/wp-json\/wp\/v2\/product_cat?post=41496"},{"taxonomy":"product_tag","embeddable":true,"href":"https:\/\/secureus.se\/fi\/wp-json\/wp\/v2\/product_tag?post=41496"}],"curies":[{"name":"wp","href":"https:\/\/api.w.org\/{rel}","templated":true}]}}