{"id":41504,"date":"2022-07-12T11:26:33","date_gmt":"2022-07-12T09:26:33","guid":{"rendered":"https:\/\/secureus.se\/produkt\/tagg-droppen-em4200-std-nr-7\/"},"modified":"2026-03-27T13:55:58","modified_gmt":"2026-03-27T12:55:58","slug":"tagg-em4200-gra-droppen-fardiga-systemnummer","status":"publish","type":"product","link":"https:\/\/secureus.se\/fi\/tagg-em4200-gra-droppen-fardiga-systemnummer\/","title":{"rendered":"EM4200 Droppen Grey \u2013 Avaimenper\u00e4valmiit j\u00e4rjestelm\u00e4numerot (EM 125 kHz)"},"content":{"rendered":"<h1>EM4200 Droppen Grey \u2013 Avaimenper\u00e4valmiit j\u00e4rjestelm\u00e4numerot (EM 125 kHz)<\/h1>\n<p><strong>Ruotsin ostetuin avaimenper\u00e4 valmiilla numeroilla - toimii suoraan 99:ss\u00e4 %-j\u00e4rjestelm\u00e4ss\u00e4 kaikista ruotsalaisista s\u00e4hk\u00f6magneettij\u00e4rjestelmist\u00e4.<\/strong><br \/>\nN\u00e4ihin on valmiiksi kaiverrettu A-, R-, S-, V- tai B-numerot, joten voit jakaa ne samana p\u00e4iv\u00e4n\u00e4, kun ne saapuvat. Voit silti lis\u00e4t\u00e4 oman logosi tai ylim\u00e4\u00e4r\u00e4isi\u00e4 sarjanumeroita, jos haluat.<\/p>\n<p><strong>Onko sinulla eri EM-j\u00e4rjestelm\u00e4 vai haluatko t\u00e4sm\u00e4lleen saman numeron kaikissa tunnisteissa?<\/strong><br \/>\n\u00c4l\u00e4 huoli - tunniste toimii <u>kaikki<\/u> EM 125 kHz -j\u00e4rjestelm\u00e4 (j\u00e4t\u00e4 sitten kaiverrettu numero huomiotta).<br \/>\nHaluaisitko mieluummin <strong>t\u00e4ysin tyhj\u00e4t tunnisteet, joissa voit hallita ulkoasua, lukum\u00e4\u00e4r\u00e4\u00e4 ja etuliitett\u00e4 jopa 100:aan asti %<\/strong>? Sitten valitset <a href=\"\/fi\/em4200-anpassningsbara\/\">muokattavia tunnisteita t\u00e4\u00e4ll\u00e4<\/a> \u2013 sama malli, mutta t\u00e4ysin tyhj\u00e4 ja ohjelmoitu juuri haluamallasi tavalla.<\/p>\n<div style=\"background: #e8f5e8;border: 2px solid #2e7d32;border-radius: 12px;padding: 20px;margin: 30px 0;text-align: center\">\n<h3 style=\"margin: 0 0 12px 0;color: #1b5e20\">Oikeat j\u00e4rjestelm\u00e4numerot luetaan<\/h3>\n<p style=\"margin: 8px 0;font-size: 1.1em;line-height: 1.5\">A = Aptus \u2219 R = RCO \u2219 S = ASSA\/ARX \u2219 V = VAKA \u2219 B = Bewator\/Vanderbilt<br \/>\n\u2192 Numerot luetaan fyysisesti ohjelmoimalla oikeista j\u00e4rjestelmist\u00e4 ja kaiverretaan tunnisteeseen \u2013 ne toimivat taatusti v\u00e4litt\u00f6m\u00e4sti<\/p>\n<\/div>\n<div style=\"background: #fff3e0;border-left: 5px solid #ff9800;padding: 18px;margin: 30px 0\">\n<p style=\"margin: 0;font-size: 1.05em\"><strong>Haluatko tehd\u00e4 niist\u00e4 viel\u00e4 kauniimpia vai hankkia sarjanumerot?<\/strong><br \/>\nNapsauta sivun yl\u00e4reunassa olevaa \"Mukauta tuote\" -painiketta:<br \/>\n\u2713 Laserkaiverrettu logo<br \/>\n\u2713 Ylim\u00e4\u00e4r\u00e4inen sarjanumero vakionumeron p\u00e4\u00e4lle.<br \/>\n\u2713 Logon v\u00e4ritulostus (v\u00e4hint\u00e4\u00e4n 500 kpl)<br \/>\n\u2192 L\u00e4het\u00e4mme aina todisteet ennen tuotantoa<\/p>\n<\/div>\n<div style=\"background: #f4f9ff;border: 2px solid #0066cc;border-radius: 12px;padding: 20px;margin: 30px 0;text-align: center\">\n<h3 style=\"margin: 0 0 12px 0;color: #003366\">Etk\u00f6 ole varma EM- tai Mifare-j\u00e4rjestelm\u00e4st\u00e4?<\/h3>\n<p style=\"margin: 8px 0;font-size: 1.05em;color: #333\">Kokeile molempia tekniikoita kotona vain <strong>69 kr. Ilmainen toimitus<\/strong><br \/>\nRahat takaisin, kun ostat my\u00f6hemmin 100 tai enemm\u00e4n<\/p>\n<p><a style=\"display: inline-block;background: #0066cc;color: white;font-weight: bold;padding: 14px 32px;border-radius: 8px;text-decoration: none;margin: 15px 0;font-size: 1.1em\" href=\"\/fi\/testtagg-em-mifare\/\">Osta testilappu nyt - 69 kr<\/a><\/p>\n<\/div>\n<h2>Yhteensopivat j\u00e4rjestelm\u00e4t (jo valmiit)<\/h2>\n<ul>\n<li>Aptus EM \u2219 RCO Security EM \u2219 ASSA ARX \/ Solid \/ Entro<\/li>\n<li>Axema &amp; Axema VAKA \u2219 Bewator \/ Vanderbilt EM<\/li>\n<li>Paxton \u2219 Tidomat \u2219 ja kaikki muut EM-j\u00e4rjestelm\u00e4t<\/li>\n<\/ul>\n<h2>Siksi kaikki valitsevat Droppenin valmiilla numeroilla<\/h2>\n<ul>\n<li>Ruotsin tunnetuin avaimenper\u00e4 \u2013 kaikki tiet\u00e4v\u00e4t, milt\u00e4 se tuntuu<\/li>\n<li>Eritt\u00e4in kest\u00e4v\u00e4 ABS-muovi ja tukeva metallirengas<\/li>\n<li>Valmiit numerot \u2013 ei ohjelmointia, ei odottelua<\/li>\n<li>Aina tuhansia varastossa 7 v\u00e4riss\u00e4 \u2013 toimitus 1\u20132 p\u00e4iv\u00e4ss\u00e4<\/li>\n<\/ul>\n<h2>Tekniset tiedot<\/h2>\n<table style=\"width: 100%;border-collapse: collapse;margin: 20px 0\">\n<tbody>\n<tr>\n<td><strong>siru<\/strong><\/td>\n<td>EM4200 alkuper\u00e4inen (EM Microelectronic)<\/td>\n<\/tr>\n<tr>\n<td><strong>Taajuus<\/strong><\/td>\n<td>125 kHz<\/td>\n<\/tr>\n<tr>\n<td><strong>Materiaali<\/strong><\/td>\n<td>Kest\u00e4v\u00e4 ABS + metallirengas<\/td>\n<\/tr>\n<tr>\n<td><strong>Lomake<\/strong><\/td>\n<td>Pisaranmuotoinen avaimenper\u00e4<\/td>\n<\/tr>\n<tr>\n<td><strong>Vakionumero<\/strong><\/td>\n<td>Kaiverrettu A\/R\/S\/V\/B (sis\u00e4ltyy toimitukseen)<\/td>\n<\/tr>\n<tr>\n<td><strong>Lis\u00e4kaiverrus\/logo<\/strong><\/td>\n<td>Mahdollista - valitse yll\u00e4 oleva vaihtoehto<\/td>\n<\/tr>\n<tr>\n<td><strong>v\u00e4rit<\/strong><\/td>\n<td>Musta \u2219 Valkoinen \u2219 Sininen \u2219 Punainen \u2219 Vihre\u00e4 \u2219 Keltainen \u2219 Harmaa<\/td>\n<\/tr>\n<\/tbody>\n<\/table>\n<h2>Toimitus<\/h2>\n<ul>\n<li><strong>1-2 p\u00e4iv\u00e4\u00e4<\/strong> varastotuotteesta<\/li>\n<li>Kaiverruksella\/logolla varustettuna: 2-4 p\u00e4iv\u00e4\u00e4 + todistusaineisto.<\/li>\n<li>Ilmainen toimitus yli 1000 kr<\/li>\n<\/ul>","protected":false},"excerpt":{"rendered":"<p><strong>EM4200 Droppen \u2013 Valmiit j\u00e4rjestelm\u00e4numerot (EM 125 kHz)<\/strong><\/p>\n<p>Ruotsin k\u00e4ytetyin avaimenper\u00e4 \u2219 Valmiiksi kaiverretut, luettavat A\/R\/S\/V\/B-numerot<br \/>\nToimii suoraan Aptus-, RCO-, ASSA-, Axema VAKA- jne. -ohjelmissa. \u2219 Voidaan lis\u00e4t\u00e4 logoon\/sarjanumeroon<\/p>\n<p style=\"color: #d32f2f;font-size: 0.95em;margin-top: 8px\">Ty\u00f6t <strong>ei<\/strong> Mifare-j\u00e4rjestelmiss\u00e4<\/p>","protected":false},"featured_media":163661,"template":"","meta":{"_acf_changed":false},"product_brand":[],"product_cat":[1352,4783,2354],"product_tag":[2074,2958,2991],"class_list":{"0":"post-41504","1":"product","2":"type-product","3":"status-publish","4":"has-post-thumbnail","6":"product_cat-rfid-tagg-droppen","7":"product_cat-em4200-tagg","8":"product_cat-rfid-taggar","9":"product_tag-ej-lagerfraga","10":"product_tag-stonehouse-produkt","11":"product_tag-std-nr-taggar","12":"product_shipping_class-postnord-varubrev","13":"pa_brands-stonehouse-security","14":"pa_chip-teknik-em4200-kompatibelt-med-4100-4102-och-4305","15":"pa_farg-gra","16":"tm-has-options","18":"first","19":"instock","20":"sale","21":"featured","22":"taxable","23":"shipping-taxable","24":"purchasable","25":"product-type-simple"},"acf":[],"_links":{"self":[{"href":"https:\/\/secureus.se\/fi\/wp-json\/wp\/v2\/product\/41504","targetHints":{"allow":["GET"]}}],"collection":[{"href":"https:\/\/secureus.se\/fi\/wp-json\/wp\/v2\/product"}],"about":[{"href":"https:\/\/secureus.se\/fi\/wp-json\/wp\/v2\/types\/product"}],"wp:featuredmedia":[{"embeddable":true,"href":"https:\/\/secureus.se\/fi\/wp-json\/wp\/v2\/media\/163661"}],"wp:attachment":[{"href":"https:\/\/secureus.se\/fi\/wp-json\/wp\/v2\/media?parent=41504"}],"wp:term":[{"taxonomy":"product_brand","embeddable":true,"href":"https:\/\/secureus.se\/fi\/wp-json\/wp\/v2\/product_brand?post=41504"},{"taxonomy":"product_cat","embeddable":true,"href":"https:\/\/secureus.se\/fi\/wp-json\/wp\/v2\/product_cat?post=41504"},{"taxonomy":"product_tag","embeddable":true,"href":"https:\/\/secureus.se\/fi\/wp-json\/wp\/v2\/product_tag?post=41504"}],"curies":[{"name":"wp","href":"https:\/\/api.w.org\/{rel}","templated":true}]}}