{"id":41515,"date":"2022-07-12T11:20:44","date_gmt":"2022-07-12T09:20:44","guid":{"rendered":"https:\/\/secureus.se\/produkt\/tagg-kombi-glasfiber-hd-em4200-mifare1k-std-nr\/"},"modified":"2026-03-09T14:43:58","modified_gmt":"2026-03-09T13:43:58","slug":"rfid-tagg-kombi-glasfiber-hd-std-nr","status":"publish","type":"product","link":"https:\/\/secureus.se\/fi\/rfid-tagg-kombi-glasfiber-hd-std-nr\/","title":{"rendered":"Tag Combi EM4200 + Mifare1k\u00ae \u2013 H\u00e4lytysj\u00e4rjestelm\u00e4 musta \u2013 Lasikuitu HD Ilkivallankest\u00e4v\u00e4"},"content":{"rendered":"<h1>Tag Combi EM4200\/Mifare1k Glass fiber HD<\/h1>\n<h3>Tunniste Alarm\/Passer-j\u00e4rjestelm\u00e4\u00e4n ja varaukseen.<\/h3>\n<p><strong>Olemme lis\u00e4nneet t\u00e4h\u00e4n oletusnumerot seuraaville j\u00e4rjestelmille:<\/strong><\/p>\n<p><span style=\"text-decoration: underline\"><strong>EM4200: ASSA (S), RCO Security (R), Axema VAKA (V), Bewator\/Vanderbilt (B)<\/strong><\/span><\/p>\n<p><span style=\"text-decoration: underline\"><strong>Mifare: MFR=RCO, MFV=Axema VAKA, MFD=desimaaliluku muille j\u00e4rjestelmille Ruotsin markkinoilla.<\/strong><\/span><\/p>\n<div>\n<p><span style=\"text-decoration: underline\"><strong><span style=\"font-size: 16px\">T\u00e4m\u00e4 innovatiivinen avaimenper\u00e4 on erityisesti suunniteltu t\u00e4ytt\u00e4m\u00e4\u00e4n turva- ja tunnistusj\u00e4rjestelm\u00e4tarpeesi. Tukevan rakenteensa ja vaikuttavan toiminnallisuuden ansiosta RFUD-tunniste &quot;Glasfiber HD&quot; tarjoaa luotettavan ja tehokkaan ratkaisun erilaisiin sovelluksiin.<\/span><\/strong><\/span><\/p>\n<\/div>\n<p>Tarjoamme useita eri versioita Glasfiber HD -tunnisteista vastaamaan erityisvaatimuksiasi.<\/p>\n<p>Valittavana on useita tuotteita: EM4200, Mifare1k, Mifare1k ja EM4200 yhdistelm\u00e4, Mifare4k sek\u00e4 Mifare4k ja EM4200 yhdistelm\u00e4.<\/p>\n<p>Jokaisella versiolla on omat ainutlaatuiset ominaisuudet ja toiminnot, jotka antavat sinulle joustavuutta ja monipuolisuutta.<\/p>\n<p>Avaimenper\u00e4n mukauttamista varten tarjoamme mahdollisuuden kaivertaa numeroita, kuten sarjanumeroita tai numeroita p\u00e4\u00e4syj\u00e4rjestelmist\u00e4si<\/p>\n<p>(RCO, Vanderbilt, Bewator, Axema Aptus ASSA jne.).<\/p>\n<p>T\u00e4m\u00e4 helpottaa tunnisteiden tunnistamista ja hallintaa, s\u00e4\u00e4st\u00e4\u00e4 aikaa ja tehostaa ty\u00f6nkulkua.<\/p>\n<p>Lasikuitu HD on saatavilla my\u00f6s valmiilla numeroilla kaiverrettuna myym\u00e4l\u00e4st\u00e4mme, voit my\u00f6s tilata 500 ja yl\u00f6sp\u00e4in omilla numeroillasi.<\/p>\n<h3>Kuten aina meilt\u00e4, alkuper\u00e4inen siru<a href=\"https:\/\/www.nxp.com\/\" rel=\"noopener\"> NXP<\/a> ja <a href=\"https:\/\/www.emmicroelectronic.com\/\" rel=\"noopener\">EM Microelectronics.<\/a><\/h3>\n<p><strong>Sopii kaikkeen ja kaikille!<\/strong><\/p>\n<ul>\n<li>Pass-j\u00e4rjestelm\u00e4<\/li>\n<li>Vierailijaj\u00e4rjestelm\u00e4<\/li>\n<li>Pyykin varaus<\/li>\n<li>H\u00e4lytys ja turvaj\u00e4rjestelm\u00e4<\/li>\n<\/ul>\n<p>&nbsp;<\/p>","protected":false},"excerpt":{"rendered":"<p>RFID-tunniste &quot;Glasfiber HD&quot; - Ilkivallankest\u00e4v\u00e4 ja vedenpit\u00e4v\u00e4 - t\u00e4ydellinen ratkaisu turva- ja tunnistusj\u00e4rjestelmiin. Yhdistelm\u00e4 EM4200\/Mifare1k-siru, jonka tunnisteeseen on kaiverrettu p\u00e4\u00e4syj\u00e4rjestelm\u00e4n numerot. T\u00e4ss\u00e4 tuotteessa on NXP\u00ae:n sertifioitu siru, jonka p\u00e4\u00e4konttori on Hollannissa. NXP\u00ae on erikoistunut RFID:hen ja NFC:hen ja tarjoaa valikoiman tuotteita tietoturvaan, liitett\u00e4vyyteen ja sulautettuihin ratkaisuihin.<\/p>","protected":false},"featured_media":133942,"template":"","meta":{"_acf_changed":false},"product_brand":[],"product_cat":[1349,4786],"product_tag":[2436,2074,4146,2958],"class_list":{"0":"post-41515","1":"product","2":"type-product","3":"status-publish","4":"has-post-thumbnail","6":"product_cat-rfid-tag-glasfiber","7":"product_cat-mifare1kem4200-tagg","8":"product_tag-250-moq-hd","9":"product_tag-ej-lagerfraga","10":"product_tag-nxp","11":"product_tag-stonehouse-produkt","12":"product_shipping_class-postnord-varubrev","13":"pa_brands-stonehouse-security","14":"pa_chip-teknik-kombi-em4200mifare1k","15":"pa_farg-svart","16":"pa_tagg-glasfiber-tagg-glasfiber-hd","17":"tm-has-options","19":"first","20":"instock","21":"sale","22":"featured","23":"taxable","24":"shipping-taxable","25":"purchasable","26":"product-type-simple"},"acf":[],"_links":{"self":[{"href":"https:\/\/secureus.se\/fi\/wp-json\/wp\/v2\/product\/41515","targetHints":{"allow":["GET"]}}],"collection":[{"href":"https:\/\/secureus.se\/fi\/wp-json\/wp\/v2\/product"}],"about":[{"href":"https:\/\/secureus.se\/fi\/wp-json\/wp\/v2\/types\/product"}],"wp:featuredmedia":[{"embeddable":true,"href":"https:\/\/secureus.se\/fi\/wp-json\/wp\/v2\/media\/133942"}],"wp:attachment":[{"href":"https:\/\/secureus.se\/fi\/wp-json\/wp\/v2\/media?parent=41515"}],"wp:term":[{"taxonomy":"product_brand","embeddable":true,"href":"https:\/\/secureus.se\/fi\/wp-json\/wp\/v2\/product_brand?post=41515"},{"taxonomy":"product_cat","embeddable":true,"href":"https:\/\/secureus.se\/fi\/wp-json\/wp\/v2\/product_cat?post=41515"},{"taxonomy":"product_tag","embeddable":true,"href":"https:\/\/secureus.se\/fi\/wp-json\/wp\/v2\/product_tag?post=41515"}],"curies":[{"name":"wp","href":"https:\/\/api.w.org\/{rel}","templated":true}]}}