{"id":41519,"date":"2022-07-12T11:19:42","date_gmt":"2022-07-12T09:19:42","guid":{"rendered":"https:\/\/secureus.se\/produkt\/tagg-kombi-abs-plus-em4200-mifare1k-std-nr\/"},"modified":"2026-04-07T15:25:24","modified_gmt":"2026-04-07T13:25:24","slug":"kombi-em4200-mifare1k-abs-plus-fardiga-systemnummer-svart","status":"publish","type":"product","link":"https:\/\/secureus.se\/fi\/kombi-em4200-mifare1k-abs-plus-fardiga-systemnummer-svart\/","title":{"rendered":"Yhdistelm\u00e4 EM4200 + Mifare 1k ABS PLUS musta \u2013 3,9 mm Valmiit j\u00e4rjestelm\u00e4numerot (kaksois)"},"content":{"rendered":"<h1>Yhdistelm\u00e4 EM4200 + Mifare 1k ABS PLUS musta \u2013 3,9 mm Valmiit j\u00e4rjestelm\u00e4numerot (kaksois)<\/h1>\n<p><strong>Kest\u00e4vin yhdistelm\u00e4tunniste, jossa on valmiit numerot molemmilla puolilla \u2013 toimii suoraan kaikista ruotsalaisista j\u00e4rjestelmist\u00e4 99 %:ss\u00e4.<\/strong><br \/>\nValmiiksi kaiverretut numerot sek\u00e4 EM:lle (A\/R\/S\/V\/B) ett\u00e4 Mifarelle (MFD\/MFR\/MFV) \u2013 toimitus samana p\u00e4iv\u00e4n\u00e4!<\/p>\n<p><strong>Onko sinulla toinen j\u00e4rjestelm\u00e4?<\/strong><br \/>\nEi ongelmaa \u2013 toimii kaikissa EM- ja Mifare-j\u00e4rjestelmiss\u00e4 (\u00e4l\u00e4 v\u00e4lit\u00e4 kaiverretusta numerosta).<br \/>\nHaluatko mieluummin t\u00e4ysin tyhj\u00e4n yhdistelm\u00e4tunnisteen? Valitse <a href=\"\/fi\/kombi-em4200-mifare1k-abs-plus-vit-3-9mm\/\">tyhj\u00e4 versio t\u00e4\u00e4ll\u00e4<\/a>.<\/p>\n<div style=\"background: #e8f5e8; border: 2px solid #2e7d32; border-radius: 12px; padding: 20px; margin: 30px 0; text-align: center;\">\n<h3 style=\"margin: 0 0 12px 0; color: #1b5e20;\">Oikeat numerot luetaan \u2013 molemmat teknologiat<\/h3>\n<p style=\"margin: 8px 0; font-size: 1.1em; line-height: 1.6;\">EY-puoli: A = Aptus \u2219 R = RCO \u2219 S = ASSA\/ARX \u2219 V = VAKA \u2219 B = Bewator\/Vanderbilt<br \/>\nMifare puoli: MFD = Aptus\/ASSA \u2219 MFR = RCO \u2219 MFV = Axema VAKA<br \/>\n\u2192 Fyysisesti luettu ja testattu oikeissa tiloissa \u2013 toimii taatusti v\u00e4litt\u00f6m\u00e4sti<\/p>\n<\/div>\n<div style=\"background: #fff3e0; border-left: 5px solid #ff9800; padding: 18px; margin: 30px 0;\">\n<p style=\"margin: 0; font-size: 1.05em;\"><strong>Haluatko tehd\u00e4 niist\u00e4 viel\u00e4kin kauniimpia vai hankkia omat numerosi?<\/strong><br \/>\nKlikkaa &quot;Muokkaa tuotetta&quot; -painiketta ylemp\u00e4n\u00e4:<br \/>\n\u2713 Laserkaiverrettu logo<br \/>\n\u2713 Ylim\u00e4\u00e4r\u00e4inen sarjanumero mill\u00e4 tahansa sivulla<br \/>\n\u2713 V\u00e4rillinen logo (v\u00e4h. 500 kpl)<br \/>\n\u2192 Oikolue aina ennen tuotantoa<\/p>\n<\/div>\n<div style=\"background: #f4f9ff; border: 2px solid #0066cc; border-radius: 12px; padding: 20px; margin: 30px 0; text-align: center;\">\n<h3 style=\"margin: 0 0 12px 0; color: #003366;\">Etk\u00f6 ole varma EM- tai Mifare-j\u00e4rjestelm\u00e4st\u00e4?<\/h3>\n<p style=\"margin: 8px 0; font-size: 1.05em; color: #333;\">T\u00e4m\u00e4n tunnisteen kanssa sinun ei tarvitse valita \u2013 se toimii molemmissa!<br \/>\nVoit vapaasti testata testitunnisteellamme \u2013 69 SEK (rahat takaisin yli 100 kappaleen ostoksista)<\/p>\n<p><a style=\"display: inline-block; background: #0066cc; color: white; font-weight: bold; padding: 14px 32px; border-radius: 8px; text-decoration: none; margin: 15px 0; font-size: 1.1em;\" href=\"\/fi\/testtagg-em-mifare\/\">Osta testitunniste \u2013 69 kr<\/a><\/p>\n<\/div>\n<h2>Siksi kaikki valitsevat ABS PLUS -yhdistelm\u00e4tunnisteen valmiilla numeroilla<\/h2>\n<ul>\n<li>Yksi tunniste \u2013 kaksi teknologiaa (EM + Mifare) \u2013 toimii kaikkialla<\/li>\n<li>Valmiit numerot molemmilla puolilla \u2013 ei ohjelmointia lainkaan<\/li>\n<li>Eritt\u00e4in kest\u00e4v\u00e4 <strong>3,9 mm<\/strong> kova ABS + suuri kaiverrusalue<\/li>\n<li>Aina tuhansia varastossa 6 v\u00e4riss\u00e4<\/li>\n<\/ul>\n<h2>Tekniset tiedot<\/h2>\n<table style=\"width: 100%; border-collapse: collapse; margin: 20px 0;\">\n<tbody>\n<tr>\n<td><strong>siru<\/strong><\/td>\n<td>EM4200 + Mifare Classic 1k alkuper\u00e4inen<\/td>\n<\/tr>\n<tr>\n<td><strong>Taajuus<\/strong><\/td>\n<td>125 kHz + 13,56 MHz (kaksois)<\/td>\n<\/tr>\n<tr>\n<td><strong>Mifare-muisti<\/strong><\/td>\n<td>1 kB (16 sektoria)<\/td>\n<\/tr>\n<tr>\n<td><strong>Materiaali<\/strong><\/td>\n<td>Eritt\u00e4in kova ABS-muovi<\/td>\n<\/tr>\n<tr>\n<td><strong>Paksuus<\/strong><\/td>\n<td>3,9 mm<\/td>\n<\/tr>\n<tr>\n<td><strong>v\u00e4rit<\/strong><\/td>\n<td>Musta \u2219 Valkoinen \u2219 Sininen \u2219 Punainen \u2219 Vihre\u00e4 \u2219 Keltainen \u2219 Oranssi<\/td>\n<\/tr>\n<tr>\n<td><strong>Vakionumero<\/strong><\/td>\n<td>Kaiverrettu toiselle puolelle (sis\u00e4ltyy)<\/td>\n<\/tr>\n<\/tbody>\n<\/table>\n<h2>Toimitus<\/h2>\n<ul>\n<li><strong>1\u20133 p\u00e4iv\u00e4\u00e4<\/strong> \u2013 aina varastossa<\/li>\n<li>Ilmainen toimitus yli 1000 kr<\/li>\n<\/ul>","protected":false},"excerpt":{"rendered":"<p><strong>Combi EM4200 + Mifare 1k ABS PLUS - Valmiin j\u00e4rjestelm\u00e4n numerot<\/strong><br \/>\nEritt\u00e4in kest\u00e4v\u00e4 3,9 mm \u2219 Kaksoissiru \u2219 Jo kaiverretut numerot molemmilla puolilla.<br \/>\nToimii suoraan sek\u00e4 EM- ett\u00e4 Mifare-j\u00e4rjestelmiss\u00e4.<\/p>","protected":false},"featured_media":146504,"template":"","meta":{"_acf_changed":false},"product_brand":[],"product_cat":[1337,4786,2354],"product_tag":[2074,4146,2958,2991],"class_list":{"0":"post-41519","1":"product","2":"type-product","3":"status-publish","4":"has-post-thumbnail","6":"product_cat-rfid-tagg-abs-plus","7":"product_cat-mifare1kem4200-tagg","8":"product_cat-rfid-taggar","9":"product_tag-ej-lagerfraga","10":"product_tag-nxp","11":"product_tag-stonehouse-produkt","12":"product_tag-std-nr-taggar","13":"product_shipping_class-postnord-varubrev","14":"pa_brands-stonehouse-security","15":"pa_chip-teknik-kombi-em4200mifare1k","16":"pa_color-svart","17":"pa_farg-svart","18":"tm-has-options","20":"first","21":"instock","22":"sale","23":"featured","24":"taxable","25":"shipping-taxable","26":"purchasable","27":"product-type-simple"},"acf":[],"_links":{"self":[{"href":"https:\/\/secureus.se\/fi\/wp-json\/wp\/v2\/product\/41519","targetHints":{"allow":["GET"]}}],"collection":[{"href":"https:\/\/secureus.se\/fi\/wp-json\/wp\/v2\/product"}],"about":[{"href":"https:\/\/secureus.se\/fi\/wp-json\/wp\/v2\/types\/product"}],"wp:featuredmedia":[{"embeddable":true,"href":"https:\/\/secureus.se\/fi\/wp-json\/wp\/v2\/media\/146504"}],"wp:attachment":[{"href":"https:\/\/secureus.se\/fi\/wp-json\/wp\/v2\/media?parent=41519"}],"wp:term":[{"taxonomy":"product_brand","embeddable":true,"href":"https:\/\/secureus.se\/fi\/wp-json\/wp\/v2\/product_brand?post=41519"},{"taxonomy":"product_cat","embeddable":true,"href":"https:\/\/secureus.se\/fi\/wp-json\/wp\/v2\/product_cat?post=41519"},{"taxonomy":"product_tag","embeddable":true,"href":"https:\/\/secureus.se\/fi\/wp-json\/wp\/v2\/product_tag?post=41519"}],"curies":[{"name":"wp","href":"https:\/\/api.w.org\/{rel}","templated":true}]}}