{"id":41524,"date":"2022-07-12T11:19:16","date_gmt":"2022-07-12T09:19:16","guid":{"rendered":"https:\/\/secureus.se\/produkt\/tagg-nyckelbricka-abs-plus-mifare1k-std-nr-5\/"},"modified":"2026-03-31T13:27:02","modified_gmt":"2026-03-31T11:27:02","slug":"mifare1k-abs-plus-gron-fardiga-systemnummer","status":"publish","type":"product","link":"https:\/\/secureus.se\/fi\/mifare1k-abs-plus-gron-fardiga-systemnummer\/","title":{"rendered":"Mifare 1k ABS PLUS Vihre\u00e4 \u2013 3,9 mm Valmiit j\u00e4rjestelm\u00e4numerot (Mifare 13,56 MHz)"},"content":{"rendered":"<h1>Mifare 1k ABS PLUS Vihre\u00e4 \u2013 3,9 mm Valmiit j\u00e4rjestelm\u00e4numerot (Mifare 13,56 MHz)<\/h1>\n<p><strong>Ruotsin suosituin eritt\u00e4in kest\u00e4v\u00e4 Mifare-tunniste, jossa on valmiit numerot - toimii suoraan 99 %:ss\u00e4 kaikissa ruotsalaisissa Mifare-j\u00e4rjestelmiss\u00e4.<\/strong><br \/>\nKaiverrettu valmiiksi MFD-, MFR- ja MFV-numeroilla, joten voit jakaa ne heti niiden saapumisp\u00e4iv\u00e4n\u00e4. Voit halutessasi lis\u00e4t\u00e4 oman logosi tai ylim\u00e4\u00e4r\u00e4isen sarjanumeron.<\/p>\n<p><strong>Onko sinulla eri Mifare-j\u00e4rjestelm\u00e4 vai haluatko t\u00e4sm\u00e4lleen saman numeron kaikkiin tunnisteisiin?<\/strong><br \/>\n\u00c4l\u00e4 huoli - tunniste toimii <u>kaikki<\/u> Mifare 13,56 MHz -j\u00e4rjestelm\u00e4 (silloin kaiverrettu numero j\u00e4tet\u00e4\u00e4n huomiotta).<br \/>\nHaluaisitko mieluummin <strong>t\u00e4ysin tyhji\u00e4 tunnisteita, joissa voit hallita kaikkea 100 %<\/strong>? Sitten valitset <a href=\"\/fi\/mifare1k-abs-plus-blank\/\">tyhj\u00e4 ABS PLUS t\u00e4\u00e4ll\u00e4<\/a>.<\/p>\n<div style=\"background: #e8f5e8;border: 2px solid #2e7d32;border-radius: 12px;padding: 20px;margin: 30px 0;text-align: center\">\n<h3 style=\"margin: 0 0 12px 0;color: #1b5e20\">Oikeat Mifare-j\u00e4rjestelm\u00e4n numerot luetaan<\/h3>\n<p style=\"margin: 8px 0;font-size: 1.1em;line-height: 1.5\">MFD = Aptus \u2219 MFR = RCO (9-numeroinen) \u2219 MFV = Axema VAKA<br \/>\n\u2192 Numerot luetaan fyysisesti ja testataan todellisissa tiloissa - taataan, ett\u00e4 ne toimivat heti.<\/p>\n<\/div>\n<div style=\"background: #fff3e0;border-left: 5px solid #ff9800;padding: 18px;margin: 30px 0\">\n<p style=\"margin: 0;font-size: 1.05em\"><strong>Haluatko tehd\u00e4 niist\u00e4 viel\u00e4 kauniimpia vai hankkia sarjanumerot?<\/strong><br \/>\nNapsauta sivun yl\u00e4reunassa olevaa \"Mukauta tuote\" -painiketta:<br \/>\n\u2713 Laserkaiverrettu logo<br \/>\n\u2713 Ylim\u00e4\u00e4r\u00e4inen sarjanumero vakionumeron p\u00e4\u00e4lle.<br \/>\n\u2713 Logon v\u00e4ritulostus (v\u00e4hint\u00e4\u00e4n 500 kpl)<br \/>\n\u2192 L\u00e4het\u00e4mme aina todisteet ennen tuotantoa<\/p>\n<\/div>\n<div style=\"background: #f4f9ff;border: 2px solid #0066cc;border-radius: 12px;padding: 20px;margin: 30px 0;text-align: center\">\n<h3 style=\"margin: 0 0 12px 0;color: #003366\">Etk\u00f6 ole varma EM- tai Mifare-j\u00e4rjestelm\u00e4st\u00e4?<\/h3>\n<p style=\"margin: 8px 0;font-size: 1.05em;color: #333\">Kokeile molempia tekniikoita kotona vain <strong>69 kr. Ilmainen toimitus<\/strong><br \/>\nRahat takaisin, kun ostat my\u00f6hemmin 100 tai enemm\u00e4n<\/p>\n<p><a style=\"display: inline-block;background: #0066cc;color: white;font-weight: bold;padding: 14px 32px;border-radius: 8px;text-decoration: none;margin: 15px 0;font-size: 1.1em\" href=\"\/fi\/testtagg-em-mifare\/\">Osta testilappu nyt - 69 kr<\/a><\/p>\n<\/div>\n<h2>Yhteensopivat j\u00e4rjestelm\u00e4t (jo valmiit)<\/h2>\n<ul>\n<li>Aptus (MFD)<\/li>\n<li>RCO Security (MFR)<\/li>\n<li>Axema VAKA (MFA)<\/li>\n<li>ASSA ARX \/ Vanderbilt \/ Bewator (MFD)<\/li>\n<li>Pacom, Tidomat ja muut - ja kaikki muut Mifare-j\u00e4rjestelm\u00e4t.<\/li>\n<\/ul>\n<h2>Siksi asunto-osakeyhti\u00f6t, is\u00e4nn\u00f6itsij\u00e4t ja lukkosep\u00e4t valitsevat ABS PLUS:n, jossa on valmiit numerot.<\/h2>\n<ul>\n<li>Eritt\u00e4in kest\u00e4v\u00e4 <strong>3,9 mm<\/strong> sitke\u00e4 ABS, joka kest\u00e4\u00e4 vuosikymmeni\u00e4<\/li>\n<li>Suurempi hauta-alue - t\u00e4ydellinen v\u00e4rilliselle logolle.<\/li>\n<li>Valmiit numerot - ei ohjelmointia tai avaimia, ei odottelua<\/li>\n<li>Aina tuhansia varastossa 8 v\u00e4ri\u00e4 - toimitus 1-2 p\u00e4iv\u00e4\u00e4<\/li>\n<\/ul>\n<h2>Tekniset tiedot<\/h2>\n<table style=\"width: 100%;border-collapse: collapse;margin: 20px 0\">\n<tbody>\n<tr>\n<td><strong>v\u00e4rit<\/strong><\/td>\n<td>Musta \u2219 valkoinen \u2219 sininen \u2219 punainen \u2219 vihre\u00e4 \u2219 keltainen \u2219 oranssi \u2219 harmaa<\/td>\n<\/tr>\n<tr>\n<td><strong>siru<\/strong><\/td>\n<td>Mifare Classic 1k alkuper\u00e4inen (NXP)<\/td>\n<\/tr>\n<tr>\n<td><strong>Taajuus<\/strong><\/td>\n<td>13,56 MHz<\/td>\n<\/tr>\n<tr>\n<td><strong>Muisti<\/strong><\/td>\n<td>1 kB (16 sektoria)<\/td>\n<\/tr>\n<tr>\n<td><strong>Materiaali<\/strong><\/td>\n<td>Eritt\u00e4in kova ABS-muovi<\/td>\n<\/tr>\n<tr>\n<td><strong>Paksuus<\/strong><\/td>\n<td>3,9 mm<\/td>\n<\/tr>\n<tr>\n<td><strong>Vakionumero<\/strong><\/td>\n<td>Kaiverrettu MFD\/MFR\/MFV (sis\u00e4ltyy)<\/td>\n<\/tr>\n<tr>\n<td><strong>Lis\u00e4kaiverrus\/logo<\/strong><\/td>\n<td>Mahdollista - valitse yll\u00e4 oleva vaihtoehto<\/td>\n<\/tr>\n<\/tbody>\n<\/table>\n<h2>Toimitus<\/h2>\n<ul>\n<li><strong>1-2 p\u00e4iv\u00e4\u00e4<\/strong> varastotuotteesta<\/li>\n<li>Kaiverruksella\/logolla varustettuna: 2-4 p\u00e4iv\u00e4\u00e4 + todistusaineisto.<\/li>\n<li>Ilmainen toimitus yli 1000 kr<\/li>\n<\/ul>","protected":false},"excerpt":{"rendered":"<p><strong>Mifare 1k ABS PLUS - Lopulliset j\u00e4rjestelm\u00e4numerot (Mifare 13,56 MHz)<\/strong><br \/>\nEritt\u00e4in kest\u00e4v\u00e4 3,9 mm \u2219 Jo kaiverretut MFD\/MFR\/MFV-numerot.<br \/>\nToimii suoraan Aptuksessa, RCO:ssa, Axema VAKA:ssa jne. \u2219 Voi lis\u00e4t\u00e4 logon\/juoksunumeron.<\/p>","protected":false},"featured_media":163699,"template":"","meta":{"_acf_changed":false},"product_brand":[],"product_cat":[1337,4784,2354],"product_tag":[2074,4146,2958,2991],"class_list":{"0":"post-41524","1":"product","2":"type-product","3":"status-publish","4":"has-post-thumbnail","6":"product_cat-rfid-tagg-abs-plus","7":"product_cat-mifare1k","8":"product_cat-rfid-taggar","9":"product_tag-ej-lagerfraga","10":"product_tag-nxp","11":"product_tag-stonehouse-produkt","12":"product_tag-std-nr-taggar","13":"product_shipping_class-postnord-varubrev","14":"pa_brands-stonehouse-security","15":"pa_chip-teknik-mifare1k","16":"pa_color-gron","17":"pa_farg-gron","18":"tm-has-options","20":"first","21":"instock","22":"sale","23":"featured","24":"taxable","25":"shipping-taxable","26":"purchasable","27":"product-type-simple"},"acf":[],"_links":{"self":[{"href":"https:\/\/secureus.se\/fi\/wp-json\/wp\/v2\/product\/41524","targetHints":{"allow":["GET"]}}],"collection":[{"href":"https:\/\/secureus.se\/fi\/wp-json\/wp\/v2\/product"}],"about":[{"href":"https:\/\/secureus.se\/fi\/wp-json\/wp\/v2\/types\/product"}],"wp:featuredmedia":[{"embeddable":true,"href":"https:\/\/secureus.se\/fi\/wp-json\/wp\/v2\/media\/163699"}],"wp:attachment":[{"href":"https:\/\/secureus.se\/fi\/wp-json\/wp\/v2\/media?parent=41524"}],"wp:term":[{"taxonomy":"product_brand","embeddable":true,"href":"https:\/\/secureus.se\/fi\/wp-json\/wp\/v2\/product_brand?post=41524"},{"taxonomy":"product_cat","embeddable":true,"href":"https:\/\/secureus.se\/fi\/wp-json\/wp\/v2\/product_cat?post=41524"},{"taxonomy":"product_tag","embeddable":true,"href":"https:\/\/secureus.se\/fi\/wp-json\/wp\/v2\/product_tag?post=41524"}],"curies":[{"name":"wp","href":"https:\/\/api.w.org\/{rel}","templated":true}]}}