{"id":41549,"date":"2022-07-12T11:17:29","date_gmt":"2022-07-12T09:17:29","guid":{"rendered":"https:\/\/secureus.se\/produkt\/tagg-nyckelbricka-abs-pro-em4200-std-nr-2\/"},"modified":"2026-03-27T15:02:54","modified_gmt":"2026-03-27T14:02:54","slug":"tagg-em4200-vit-abs-pro-fardiga-systemnummer","status":"publish","type":"product","link":"https:\/\/secureus.se\/fi\/tagg-em4200-vit-abs-pro-fardiga-systemnummer\/","title":{"rendered":"EM4200 ABS Pro White - 2,9 mm Valmiit j\u00e4rjestelm\u00e4numerot (EM 125 kHz)"},"content":{"rendered":"<h1>EM4200 ABS Pro White - 2,9 mm Valmiit j\u00e4rjestelm\u00e4numerot (EM 125 kHz)<\/h1>\n<p><strong>Ruotsin ostetuin &quot;valmis&quot; tunniste - toimii suoraan 99:ss\u00e4 %:ss\u00e4 kaikista ruotsalaisista s\u00e4hk\u00f6magneettij\u00e4rjestelmist\u00e4.<\/strong><br \/>\nValmiiksi kaiverrettu A-, R-, S-, AX-, V- tai B-numeroilla, joten voit jakaa ne samana p\u00e4iv\u00e4n\u00e4, kun ne saapuvat. Voit silti lis\u00e4t\u00e4 oman logosi tai ylim\u00e4\u00e4r\u00e4isi\u00e4 sarjanumeroita, jos haluat.<\/p>\n<p><strong>Onko sinulla eri EM-j\u00e4rjestelm\u00e4 vai haluatko t\u00e4sm\u00e4lleen saman numeron kaikissa tunnisteissa?<\/strong><br \/>\n\u00c4l\u00e4 huoli - tunniste toimii <u>kaikki<\/u> EM 125 kHz -j\u00e4rjestelm\u00e4 (j\u00e4t\u00e4 sitten kaiverrettu numero huomiotta).<br \/>\nHaluaisitko mieluummin <strong>t\u00e4ysin tyhj\u00e4t tunnisteet, joissa voit hallita ulkoasua, lukum\u00e4\u00e4r\u00e4\u00e4 ja etuliitett\u00e4 jopa 100:aan asti %<\/strong>? Sitten valitset <a href=\"\/fi\/em4200-anpassningsbara\/\">muokattavia tunnisteita t\u00e4\u00e4ll\u00e4<\/a> \u2013 sama malli, mutta t\u00e4ysin tyhj\u00e4 ja ohjelmoitu juuri haluamallasi tavalla.<\/p>\n<div style=\"background: #e8f5e8;border: 2px solid #2e7d32;border-radius: 12px;padding: 20px;margin: 30px 0;text-align: center\">\n<h3 style=\"margin: 0 0 12px 0;color: #1b5e20\">Oikeat j\u00e4rjestelm\u00e4numerot luetaan<\/h3>\n<p style=\"margin: 8px 0;font-size: 1.1em;line-height: 1.5\">A = Aptus \u2219 R = RCO \u2219 S = ASSA\/ARX \u2219 AX = Axema \u2219 V = VAKA \u2219 B = Bewator\/Vanderbilt<br \/>\n\u2192 Numerot luetaan fyysisesti ohjelmoimalla oikeista j\u00e4rjestelmist\u00e4 ja kaiverretaan tunnisteeseen \u2013 ne toimivat taatusti v\u00e4litt\u00f6m\u00e4sti<\/p>\n<\/div>\n<div style=\"background: #fff3e0;border-left: 5px solid #ff9800;padding: 18px;margin: 30px 0\">\n<p style=\"margin: 0;font-size: 1.05em\"><strong>Haluatko tehd\u00e4 niist\u00e4 viel\u00e4 kauniimpia vai hankkia sarjanumerot?<\/strong><br \/>\nNapsauta sivun yl\u00e4reunassa olevaa \"Mukauta tuote\" -painiketta:<br \/>\n\u2713 Laserkaiverrettu logo<br \/>\n\u2713 Ylim\u00e4\u00e4r\u00e4inen sarjanumero vakionumeron p\u00e4\u00e4lle.<br \/>\n\u2713 Logon v\u00e4ritulostus (v\u00e4hint\u00e4\u00e4n 500 kpl)<br \/>\n\u2192 L\u00e4het\u00e4mme aina todisteet ennen tuotantoa<\/p>\n<\/div>\n<div style=\"background: #f4f9ff;border: 2px solid #0066cc;border-radius: 12px;padding: 20px;margin: 30px 0;text-align: center\">\n<h3 style=\"margin: 0 0 12px 0;color: #003366\">Etk\u00f6 ole varma EM- tai Mifare-j\u00e4rjestelm\u00e4st\u00e4?<\/h3>\n<p style=\"margin: 8px 0;font-size: 1.05em;color: #333\">Kokeile molempia tekniikoita kotona vain <strong>69 kr. Ilmainen toimitus<\/strong><br \/>\nRahat takaisin, kun ostat my\u00f6hemmin 100 tai enemm\u00e4n<\/p>\n<p><a style=\"display: inline-block;background: #0066cc;color: white;font-weight: bold;padding: 14px 32px;border-radius: 8px;text-decoration: none;margin: 15px 0;font-size: 1.1em\" href=\"\/fi\/testtagg-em-mifare\/\">Osta testilappu nyt - 69 kr<\/a><\/p>\n<\/div>\n<h2>Yhteensopivat j\u00e4rjestelm\u00e4t (jo valmiit)<\/h2>\n<ul>\n<li>Aptusin Euroopan mestaruuskilpailut<\/li>\n<li>RCO Security EM<\/li>\n<li>ASSA ARX \/ Solid \/ Entro<\/li>\n<li>Axema &amp; Axema KATSO<\/li>\n<li>Bewatorin \/ Vanderbiltin Euroopan mestaruuskilpailut<\/li>\n<li>Paxton, Tidomat ja muut \u2013 ja kaikki muut EM-j\u00e4rjestelm\u00e4t<\/li>\n<\/ul>\n<h2>Siksi BRF:t, talonmiehet ja lukkosep\u00e4t valitsevat t\u00e4m\u00e4n<\/h2>\n<ul>\n<li>Valmiit numerot \u2013 ei ohjelmointia tai s\u00e4\u00e4t\u00f6\u00e4, ei odottelua<\/li>\n<li>2,9 mm:n eritt\u00e4in luja ABS, joka on kest\u00e4v\u00e4 ja joustava.<\/li>\n<li>Alkuper\u00e4inen siru EM Microelectronicilta<\/li>\n<li>Aina tuhansia varastossa - toimitus 1-2 p\u00e4iv\u00e4\u00e4<\/li>\n<\/ul>\n<h2>Tekniset tiedot<\/h2>\n<table style=\"width: 100%;border-collapse: collapse;margin: 20px 0\">\n<tbody>\n<tr>\n<td><strong>v\u00e4rit<\/strong><\/td>\n<td>Musta \u2219 Valkoinen \u2219 Punainen \u2219 Sininen \u2219 Vihre\u00e4 \u2219 Keltainen<\/td>\n<\/tr>\n<tr>\n<td><strong>siru<\/strong><\/td>\n<td>EM4200 alkuper\u00e4inen (EM Microelectronic)<\/td>\n<\/tr>\n<tr>\n<td><strong>Taajuus<\/strong><\/td>\n<td>125 kHz<\/td>\n<\/tr>\n<tr>\n<td><strong>Materiaali<\/strong><\/td>\n<td>Kest\u00e4v\u00e4 ABS-muovi<\/td>\n<\/tr>\n<tr>\n<td><strong>Paksuus<\/strong><\/td>\n<td>2,9 mm<\/td>\n<\/tr>\n<tr>\n<td><strong>Vakionumero<\/strong><\/td>\n<td>Kaiverrettu A\/R\/S\/AX\/V\/B (sis\u00e4ltyy toimitukseen)<\/td>\n<\/tr>\n<tr>\n<td><strong>Lis\u00e4kaiverrus\/logo<\/strong><\/td>\n<td>Mahdollista - valitse yll\u00e4 oleva vaihtoehto<\/td>\n<\/tr>\n<\/tbody>\n<\/table>\n<h2>Toimitus<\/h2>\n<ul>\n<li><strong>1-2 p\u00e4iv\u00e4\u00e4<\/strong> varastotuotteesta<\/li>\n<li>Kaiverruksella\/logolla varustettuna: 2-4 p\u00e4iv\u00e4\u00e4 + todistusaineisto.<\/li>\n<li>Ilmainen toimitus yli 1000 kr<\/li>\n<\/ul>","protected":false},"excerpt":{"rendered":"<p><strong>EM4200 ABS Pro - Lopulliset j\u00e4rjestelm\u00e4numerot (EM 125 kHz)<\/strong><\/p>\n<p>2,9 mm kest\u00e4v\u00e4 ABS \u2219 Jo kaiverrettu A\/R\/S\/AX\/V\/B-numerot.<br \/>\nToimii heti + mahdollisuus lis\u00e4t\u00e4 oma logo tai sarjanumero<\/p>\n<p style=\"color: #d32f2f;font-size: 0.95em;margin-top: 8px\">Vain EM-j\u00e4rjestelm\u00e4t - ei Mifare<\/p>","protected":false},"featured_media":163684,"template":"","meta":{"_acf_changed":false},"product_brand":[],"product_cat":[1340,4783,2354],"product_tag":[2074,2405,2958,2991,2964],"class_list":{"0":"post-41549","1":"product","2":"type-product","3":"status-publish","4":"has-post-thumbnail","6":"product_cat-rfid-tagg-abs-pro","7":"product_cat-em4200-tagg","8":"product_cat-rfid-taggar","9":"product_tag-ej-lagerfraga","10":"product_tag-rel-rfid","11":"product_tag-stonehouse-produkt","12":"product_tag-std-nr-taggar","13":"product_tag-utvalda-taggar-em4200-4102","14":"product_shipping_class-postnord-varubrev","15":"pa_brands-stonehouse-security","16":"pa_chip-teknik-em4200-kompatibelt-med-4100-4102-och-4305","17":"pa_farg-vit","18":"tm-has-options","20":"first","21":"instock","22":"sale","23":"featured","24":"taxable","25":"shipping-taxable","26":"purchasable","27":"product-type-simple"},"acf":[],"_links":{"self":[{"href":"https:\/\/secureus.se\/fi\/wp-json\/wp\/v2\/product\/41549","targetHints":{"allow":["GET"]}}],"collection":[{"href":"https:\/\/secureus.se\/fi\/wp-json\/wp\/v2\/product"}],"about":[{"href":"https:\/\/secureus.se\/fi\/wp-json\/wp\/v2\/types\/product"}],"wp:featuredmedia":[{"embeddable":true,"href":"https:\/\/secureus.se\/fi\/wp-json\/wp\/v2\/media\/163684"}],"wp:attachment":[{"href":"https:\/\/secureus.se\/fi\/wp-json\/wp\/v2\/media?parent=41549"}],"wp:term":[{"taxonomy":"product_brand","embeddable":true,"href":"https:\/\/secureus.se\/fi\/wp-json\/wp\/v2\/product_brand?post=41549"},{"taxonomy":"product_cat","embeddable":true,"href":"https:\/\/secureus.se\/fi\/wp-json\/wp\/v2\/product_cat?post=41549"},{"taxonomy":"product_tag","embeddable":true,"href":"https:\/\/secureus.se\/fi\/wp-json\/wp\/v2\/product_tag?post=41549"}],"curies":[{"name":"wp","href":"https:\/\/api.w.org\/{rel}","templated":true}]}}