{"id":41574,"date":"2022-07-12T10:33:21","date_gmt":"2022-07-12T08:33:21","guid":{"rendered":"https:\/\/secureus.se\/produkt\/kombi-abs-hd-em4200-mifare1k-std-nr\/"},"modified":"2026-03-09T14:45:25","modified_gmt":"2026-03-09T13:45:25","slug":"rfid-tagg-kombi-glasfiber-hd-std-nr-2","status":"publish","type":"product","link":"https:\/\/secureus.se\/fi\/rfid-tagg-kombi-glasfiber-hd-std-nr-2\/","title":{"rendered":"Tag Combi EM4200 + Mifare4k\u00ae \u2013 H\u00e4lytysj\u00e4rjestelm\u00e4 musta \u2013 Lasikuitu HD Ilkivallankest\u00e4v\u00e4"},"content":{"rendered":"<h1>Tag Combi EM4200\/Mifare4k Glass fiber HD<\/h1>\n<h3>Tunniste Alarm\/Passer-j\u00e4rjestelm\u00e4\u00e4n ja varaukseen.<\/h3>\n<p><span style=\"text-decoration: underline\"><strong>T\u00e4ss\u00e4 tarraan kaiverretut vakionumerot periaatteessa kaikille turvaj\u00e4rjestelmille.<\/strong><\/span><\/p>\n<div>\n<p><span style=\"text-decoration: underline\"><strong>RCO (MFR), Axema VAKA (MFV)<\/strong><\/span><\/p>\n<p><span style=\"text-decoration: underline\"><strong>(MFD) ASSA, Aptus, Bewator, Axema, Axema VAKA, Vanderbilt<\/strong><\/span><\/p>\n<p><span style=\"text-decoration: underline\"><strong>A = Aptus, R = RCO, AX = Axema, S = ASSA<\/strong><\/span><\/p>\n<p><span style=\"text-decoration: underline\"><strong>V = Axema VAKA ja B = Bewator\/Vanderbilt.<\/strong><\/span><\/p>\n<\/div>\n<p>&quot;Tagg Fiberglass HD&quot; ei ole vain teknisesti edistynyt, vaan se on my\u00f6s eritt\u00e4in kest\u00e4v\u00e4 ja luotettava.<\/p>\n<p>Valmistettu erityisen vahvistetusta lasikuitu-\/epoksimateriaalista ja vain 1,6 mm ohut, se kest\u00e4\u00e4 kovia ymp\u00e4rist\u00f6j\u00e4 ja rasituksia suorituskyvyst\u00e4 tinkim\u00e4tt\u00e4.<\/p>\n<p>Lis\u00e4ksi tarra on vedenpit\u00e4v\u00e4, mik\u00e4 suojaa kosteudelta ja kosteudelta ja tekee siit\u00e4 sopivan k\u00e4ytett\u00e4v\u00e4ksi sek\u00e4 sis\u00e4ll\u00e4 ett\u00e4 ulkona.<\/p>\n<p>T\u00e4m\u00e4 innovatiivinen avaimenper\u00e4 on erityisesti suunniteltu t\u00e4ytt\u00e4m\u00e4\u00e4n turva- ja tunnistusj\u00e4rjestelm\u00e4tarpeesi.<\/p>\n<p>Tukevan rakenteensa ja vaikuttavan toiminnallisuutensa ansiosta RFID-tunniste &quot;Glasfiber HD&quot; tarjoaa luotettavan ja tehokkaan ratkaisun erilaisiin sovelluksiin.<\/p>\n<p>Tarjoamme useita &quot;Fiberglass HD&quot; -versioita vastaamaan erityisvaatimuksiasi.<\/p>\n<p>Valittavana on useita tuotteita: EM4200, Mifare1k, Mifare1k ja EM4200 yhdistelm\u00e4, Mifare4k sek\u00e4 Mifare4k ja EM4200 yhdistelm\u00e4.<\/p>\n<p>Jokaisella versiolla on omat ainutlaatuiset ominaisuudet ja toiminnot, jotka antavat sinulle joustavuutta ja monipuolisuutta.<\/p>\n<p>Avaimenper\u00e4n mukauttamiseksi edelleen tarjoamme mahdollisuuden kaivertaa numeroita, kuten sarjanumeroita,<\/p>\n<p>tai numeroita p\u00e4\u00e4syj\u00e4rjestelmist\u00e4si (RCO, Vanderbilt, Bewator, Axema Aptus ASSA jne.).<\/p>\n<p>T\u00e4m\u00e4 helpottaa tunnisteiden tunnistamista ja hallintaa, s\u00e4\u00e4st\u00e4\u00e4 aikaa ja tehostaa ty\u00f6nkulkua.<\/p>\n<h3>Kuten aina meilt\u00e4, alkuper\u00e4inen siru<a href=\"https:\/\/www.nxp.com\/\" rel=\"noopener\"> NXP<\/a> ja <a href=\"https:\/\/www.emmicroelectronic.com\/\" rel=\"noopener\">EM Microelectronics.<\/a><\/h3>\n<p><strong>Sopii kaikkeen ja kaikille!<\/strong><\/p>\n<ul>\n<li>Pass-j\u00e4rjestelm\u00e4<\/li>\n<li>Vierailijaj\u00e4rjestelm\u00e4<\/li>\n<li>Pyykin varaus<\/li>\n<li>H\u00e4lytys ja turvaj\u00e4rjestelm\u00e4<\/li>\n<\/ul>\n<p>&nbsp;<\/p>","protected":false},"excerpt":{"rendered":"<p>Tagg Glasfiber HD \u2013 Ilkivallankest\u00e4v\u00e4 ja vedenpit\u00e4v\u00e4 \u2013 t\u00e4ydellinen ratkaisu turva- ja tunnistusj\u00e4rjestelmiin.<br \/>\nCombi EM4200\/Mifare4k -siru, jonka tunnisteeseen on kaiverrettu p\u00e4\u00e4syj\u00e4rjestelm\u00e4n numerot. T\u00e4ss\u00e4 tuotteessa on NXP\u00ae:n sertifioitu siru, jonka p\u00e4\u00e4konttori on Hollannissa. NXP\u00ae on erikoistunut RFID:hen ja NFC:hen ja tarjoaa valikoiman tuotteita tietoturvaan, liitett\u00e4vyyteen ja sulautettuihin ratkaisuihin.<\/p>","protected":false},"featured_media":133942,"template":"","meta":{"_acf_changed":false},"product_brand":[],"product_cat":[1349,4787],"product_tag":[2436,2074,4146,2958],"class_list":{"0":"post-41574","1":"product","2":"type-product","3":"status-publish","4":"has-post-thumbnail","6":"product_cat-rfid-tag-glasfiber","7":"product_cat-mifare4kem4200-tagg","8":"product_tag-250-moq-hd","9":"product_tag-ej-lagerfraga","10":"product_tag-nxp","11":"product_tag-stonehouse-produkt","12":"product_shipping_class-postnord-varubrev","13":"pa_brands-stonehouse-security","14":"pa_chip-teknik-kombi-em4200mifare1k","15":"pa_farg-svart","16":"pa_tagg-glasfiber-tagg-glasfiber-hd","17":"tm-no-options","19":"first","20":"instock","21":"sale","22":"featured","23":"taxable","24":"shipping-taxable","25":"purchasable","26":"product-type-simple"},"acf":[],"_links":{"self":[{"href":"https:\/\/secureus.se\/fi\/wp-json\/wp\/v2\/product\/41574","targetHints":{"allow":["GET"]}}],"collection":[{"href":"https:\/\/secureus.se\/fi\/wp-json\/wp\/v2\/product"}],"about":[{"href":"https:\/\/secureus.se\/fi\/wp-json\/wp\/v2\/types\/product"}],"wp:featuredmedia":[{"embeddable":true,"href":"https:\/\/secureus.se\/fi\/wp-json\/wp\/v2\/media\/133942"}],"wp:attachment":[{"href":"https:\/\/secureus.se\/fi\/wp-json\/wp\/v2\/media?parent=41574"}],"wp:term":[{"taxonomy":"product_brand","embeddable":true,"href":"https:\/\/secureus.se\/fi\/wp-json\/wp\/v2\/product_brand?post=41574"},{"taxonomy":"product_cat","embeddable":true,"href":"https:\/\/secureus.se\/fi\/wp-json\/wp\/v2\/product_cat?post=41574"},{"taxonomy":"product_tag","embeddable":true,"href":"https:\/\/secureus.se\/fi\/wp-json\/wp\/v2\/product_tag?post=41574"}],"curies":[{"name":"wp","href":"https:\/\/api.w.org\/{rel}","templated":true}]}}