{"id":52102,"date":"2022-06-29T13:06:27","date_gmt":"2022-06-29T11:06:27","guid":{"rendered":"https:\/\/secureus.se\/produkt\/byglingspl-2x-1-5-par-sl\/"},"modified":"2026-03-26T11:40:14","modified_gmt":"2026-03-26T10:40:14","slug":"byglingspl-2x-1-5-par-sl","status":"publish","type":"product","link":"https:\/\/secureus.se\/fi\/byglingspl-2x-1-5-par-sl\/","title":{"rendered":"Byglingpl. 2X 1-5 Par Sl"},"content":{"rendered":"<p>Hyppyliitin erillisell\u00e4 liit\u00e4nt\u00e4liittimell\u00e4 tulonsy\u00f6tt\u00f6kaapelille, joka on kytketty rinnan erillisell\u00e4 liit\u00e4nt\u00e4liittimell\u00e4 l\u00e4hteville jakelukaapeleille. Yksi pari sis\u00e4\u00e4n 10 pariin ulos tai 1 pari sis\u00e4\u00e4n 5 pariin 2 jaksoa. Erillinen liitin n\u00e4yt\u00f6lle.<\/p>","protected":false},"excerpt":{"rendered":"<p>Hyppyliitin erillisell\u00e4 liit\u00e4nt\u00e4liittimell\u00e4 tulonsy\u00f6tt\u00f6kaapelille, joka on kytketty rinnan erillisell\u00e4 liit\u00e4nt\u00e4liittimell\u00e4 l\u00e4hteville jakelukaapeleille. Yksi pari sis\u00e4\u00e4n 10 pariin ulos tai 1 pari sis\u00e4\u00e4n 5 pariin ulos 2<\/p>","protected":false},"featured_media":142519,"template":"","meta":{"_acf_changed":false},"product_brand":[],"product_cat":[1547],"product_tag":[2212],"class_list":{"0":"post-52102","1":"product","2":"type-product","3":"status-publish","4":"has-post-thumbnail","6":"product_cat-plint-larm-telebox","7":"product_tag-box-bygling-buss","8":"product_shipping_class-postnord-varubrev","9":"pa_brands-alarmtech","10":"tm-no-options","12":"first","13":"outofstock","14":"sale","15":"taxable","16":"shipping-taxable","17":"purchasable","18":"product-type-simple"},"acf":[],"_links":{"self":[{"href":"https:\/\/secureus.se\/fi\/wp-json\/wp\/v2\/product\/52102","targetHints":{"allow":["GET"]}}],"collection":[{"href":"https:\/\/secureus.se\/fi\/wp-json\/wp\/v2\/product"}],"about":[{"href":"https:\/\/secureus.se\/fi\/wp-json\/wp\/v2\/types\/product"}],"wp:featuredmedia":[{"embeddable":true,"href":"https:\/\/secureus.se\/fi\/wp-json\/wp\/v2\/media\/142519"}],"wp:attachment":[{"href":"https:\/\/secureus.se\/fi\/wp-json\/wp\/v2\/media?parent=52102"}],"wp:term":[{"taxonomy":"product_brand","embeddable":true,"href":"https:\/\/secureus.se\/fi\/wp-json\/wp\/v2\/product_brand?post=52102"},{"taxonomy":"product_cat","embeddable":true,"href":"https:\/\/secureus.se\/fi\/wp-json\/wp\/v2\/product_cat?post=52102"},{"taxonomy":"product_tag","embeddable":true,"href":"https:\/\/secureus.se\/fi\/wp-json\/wp\/v2\/product_tag?post=52102"}],"curies":[{"name":"wp","href":"https:\/\/api.w.org\/{rel}","templated":true}]}}