{"id":52130,"date":"2022-06-29T12:49:00","date_gmt":"2022-06-29T10:49:00","guid":{"rendered":"https:\/\/secureus.se\/produkt\/karmoverforing-dl-6\/"},"modified":"2026-03-26T11:47:52","modified_gmt":"2026-03-26T10:47:52","slug":"karmoverforing-dl-6","status":"publish","type":"product","link":"https:\/\/secureus.se\/fi\/karmoverforing-dl-6\/","title":{"rendered":"Runkosiirto Dl 6 spiraalilla"},"content":{"rendered":"<p>Runkovaihteisto kierrejohdolla, jossa on modulaariset liittimet vaihteiston molemmissa p\u00e4iss\u00e4 asennuksen helpottamiseksi. Mukana toimitetuissa kytkent\u00e4rasioissa on oikeat ruuviliittimet turvallisen ja siistin asennuksen takaamiseksi.<\/p>","protected":false},"excerpt":{"rendered":"<p>Runkovaihteisto kierrejohdolla, jossa on modulaariset liittimet vaihteiston molemmissa p\u00e4iss\u00e4 asennuksen helpottamiseksi. Mukana toimitetuissa kytkent\u00e4rasioissa on oikeat ruuviliittimet turvallisen ja siistin asennuksen takaamiseksi.<\/p>","protected":false},"featured_media":142727,"template":"","meta":{"_acf_changed":false},"product_brand":[],"product_cat":[1546],"product_tag":[],"class_list":{"0":"post-52130","1":"product","2":"type-product","3":"status-publish","4":"has-post-thumbnail","6":"product_cat-kabeloverforing","7":"product_shipping_class-postnord-varubrev","8":"pa_farg-vit","9":"tm-no-options","11":"first","12":"instock","13":"sale","14":"taxable","15":"shipping-taxable","16":"purchasable","17":"product-type-simple"},"acf":[],"_links":{"self":[{"href":"https:\/\/secureus.se\/fi\/wp-json\/wp\/v2\/product\/52130","targetHints":{"allow":["GET"]}}],"collection":[{"href":"https:\/\/secureus.se\/fi\/wp-json\/wp\/v2\/product"}],"about":[{"href":"https:\/\/secureus.se\/fi\/wp-json\/wp\/v2\/types\/product"}],"wp:featuredmedia":[{"embeddable":true,"href":"https:\/\/secureus.se\/fi\/wp-json\/wp\/v2\/media\/142727"}],"wp:attachment":[{"href":"https:\/\/secureus.se\/fi\/wp-json\/wp\/v2\/media?parent=52130"}],"wp:term":[{"taxonomy":"product_brand","embeddable":true,"href":"https:\/\/secureus.se\/fi\/wp-json\/wp\/v2\/product_brand?post=52130"},{"taxonomy":"product_cat","embeddable":true,"href":"https:\/\/secureus.se\/fi\/wp-json\/wp\/v2\/product_cat?post=52130"},{"taxonomy":"product_tag","embeddable":true,"href":"https:\/\/secureus.se\/fi\/wp-json\/wp\/v2\/product_tag?post=52130"}],"curies":[{"name":"wp","href":"https:\/\/api.w.org\/{rel}","templated":true}]}}