{"id":52160,"date":"2022-06-29T13:06:43","date_gmt":"2022-06-29T11:06:43","guid":{"rendered":"https:\/\/secureus.se\/produkt\/bussplint-3x-1-3-par-avsak\/"},"modified":"2026-04-08T16:50:47","modified_gmt":"2026-04-08T14:50:47","slug":"bussplint-3x-1-3-par-avsak","status":"publish","type":"product","link":"https:\/\/secureus.se\/fi\/bussplint-3x-1-3-par-avsak\/","title":{"rendered":"V\u00e4yl\u00e4liitin 3X 1-3 Pair Dep"},"content":{"rendered":"<p>V\u00e4yl\u00e4p\u00e4\u00e4te 6-napainen: 3 \u00d7 1 pari tulokaapelia, joka on jaettu 3 x 3 pariin ulos. Kolmas pari varmistetaan kahdessa paikassa, joissa kaksi viimeist\u00e4 l\u00e4htev\u00e4\u00e4 paria (08+09) on varmistettu. Rakoliittimet (LSA) 0,4\u20130,7 mm:n johdon halkaisijalle (pinta-ala 0,12\u20130,4 mm2). Erillinen liitin n\u00e4yt\u00f6n liit\u00e4nt\u00e4\u00e4 varten. Mukana allekirjoitusp\u00e4\u00e4te 3131.01 (enr. 5015386). Sokkeli sopii Fatumin muovi- ja peltiohjelmaan.<\/p>","protected":false},"excerpt":{"rendered":"<p>V\u00e4yl\u00e4liitin 6-napainen: 3 \u00d7 1 pari sis\u00e4\u00e4ntulokaapelia, joka on jaettu 3 x 3 pariin ulos. Kolmas pari on varmistettu kahdessa paikassa, joissa kaksi viimeist\u00e4 l\u00e4htev\u00e4\u00e4 paria (08+09)<\/p>","protected":false},"featured_media":142514,"template":"","meta":{"_acf_changed":false},"product_brand":[],"product_cat":[1547],"product_tag":[2212],"class_list":{"0":"post-52160","1":"product","2":"type-product","3":"status-publish","4":"has-post-thumbnail","6":"product_cat-plint-larm-telebox","7":"product_tag-box-bygling-buss","8":"product_shipping_class-postnord-varubrev","9":"pa_brands-alarmtech","10":"tm-no-options","12":"first","13":"outofstock","14":"sale","15":"taxable","16":"shipping-taxable","17":"purchasable","18":"product-type-simple"},"acf":[],"_links":{"self":[{"href":"https:\/\/secureus.se\/fi\/wp-json\/wp\/v2\/product\/52160","targetHints":{"allow":["GET"]}}],"collection":[{"href":"https:\/\/secureus.se\/fi\/wp-json\/wp\/v2\/product"}],"about":[{"href":"https:\/\/secureus.se\/fi\/wp-json\/wp\/v2\/types\/product"}],"wp:featuredmedia":[{"embeddable":true,"href":"https:\/\/secureus.se\/fi\/wp-json\/wp\/v2\/media\/142514"}],"wp:attachment":[{"href":"https:\/\/secureus.se\/fi\/wp-json\/wp\/v2\/media?parent=52160"}],"wp:term":[{"taxonomy":"product_brand","embeddable":true,"href":"https:\/\/secureus.se\/fi\/wp-json\/wp\/v2\/product_brand?post=52160"},{"taxonomy":"product_cat","embeddable":true,"href":"https:\/\/secureus.se\/fi\/wp-json\/wp\/v2\/product_cat?post=52160"},{"taxonomy":"product_tag","embeddable":true,"href":"https:\/\/secureus.se\/fi\/wp-json\/wp\/v2\/product_tag?post=52160"}],"curies":[{"name":"wp","href":"https:\/\/api.w.org\/{rel}","templated":true}]}}