{"id":52161,"date":"2022-06-29T13:06:05","date_gmt":"2022-06-29T11:06:05","guid":{"rendered":"https:\/\/secureus.se\/produkt\/kopplingsbox-19-utdragb\/"},"modified":"2026-04-23T10:45:07","modified_gmt":"2026-04-23T08:45:07","slug":"kopplingsbox-19-utdragb","status":"publish","type":"product","link":"https:\/\/secureus.se\/fi\/kopplingsbox-19-utdragb\/","title":{"rendered":"Kytkent\u00e4rasia 19\u2033 Ulosvedett\u00e4v\u00e4"},"content":{"rendered":"<p>Mahdollistaa riviliittimien k\u00e4tev\u00e4n asennuksen vaakasuoraan, tilaa jopa 10 Fatum-moduuliliittimelle. Metallilaatikon koko 44x485x220mm (KxLxS), valkoiseksi pulverimaalattu kansi. Kaapelin ulostulot takana. Mukana liitinv\u00e4likkeet ja kaapelisuoja. Vaihtoehtoisesti t\u00e4ydennetty sein\u00e4merkint\u00e4levyll\u00e4 3132.01 (5015560) tai useammalla liitinv\u00e4likkeell\u00e4, esim. tuotenro. 2591.12 tai 2591.15 (nro 5015374, 5015376). Saatavilla my\u00f6s Lenel-kortille, katso 3310.021 (enr 5010292).<\/p>","protected":false},"excerpt":{"rendered":"<p>Mahdollistaa riviliittimien k\u00e4tev\u00e4n asennuksen vaakasuoraan, tilaa jopa 10 Fatum-moduuliliittimelle. Metallilaatikon koko 44x485x220mm (KxLxS), valkoiseksi pulverimaalattu kansi. Kaapelin ulostulot takana. Mukana liitinv\u00e4likkeet ja kaapelisuoja.<\/p>","protected":false},"featured_media":142528,"template":"","meta":{"_acf_changed":false},"product_brand":[],"product_cat":[1547],"product_tag":[2213],"class_list":{"0":"post-52161","1":"product","2":"type-product","3":"status-publish","4":"has-post-thumbnail","6":"product_cat-plint-larm-telebox","7":"product_tag-box-19-med-tillbehor","8":"product_shipping_class-postnord-varubrev","9":"pa_brands-alarmtech","10":"tm-no-options","12":"first","13":"outofstock","14":"sale","15":"taxable","16":"shipping-taxable","17":"purchasable","18":"product-type-simple"},"acf":[],"_links":{"self":[{"href":"https:\/\/secureus.se\/fi\/wp-json\/wp\/v2\/product\/52161","targetHints":{"allow":["GET"]}}],"collection":[{"href":"https:\/\/secureus.se\/fi\/wp-json\/wp\/v2\/product"}],"about":[{"href":"https:\/\/secureus.se\/fi\/wp-json\/wp\/v2\/types\/product"}],"wp:featuredmedia":[{"embeddable":true,"href":"https:\/\/secureus.se\/fi\/wp-json\/wp\/v2\/media\/142528"}],"wp:attachment":[{"href":"https:\/\/secureus.se\/fi\/wp-json\/wp\/v2\/media?parent=52161"}],"wp:term":[{"taxonomy":"product_brand","embeddable":true,"href":"https:\/\/secureus.se\/fi\/wp-json\/wp\/v2\/product_brand?post=52161"},{"taxonomy":"product_cat","embeddable":true,"href":"https:\/\/secureus.se\/fi\/wp-json\/wp\/v2\/product_cat?post=52161"},{"taxonomy":"product_tag","embeddable":true,"href":"https:\/\/secureus.se\/fi\/wp-json\/wp\/v2\/product_tag?post=52161"}],"curies":[{"name":"wp","href":"https:\/\/api.w.org\/{rel}","templated":true}]}}