{"id":52179,"date":"2022-06-29T13:01:12","date_gmt":"2022-06-29T11:01:12","guid":{"rendered":"https:\/\/secureus.se\/produkt\/larmset-k-dosa-16pol-sk-sk\/"},"modified":"2026-04-08T16:49:35","modified_gmt":"2026-04-08T14:49:35","slug":"larmset-k-dosa-16pol-sk-sk","status":"publish","type":"product","link":"https:\/\/secureus.se\/fi\/larmset-k-dosa-16pol-sk-sk\/","title":{"rendered":"H\u00e4lytinsarja K-Dosa 16Pol Sk\/Sk"},"content":{"rendered":"<p>Liit\u00e4nt\u00e4liitin asennusta varten upotettuna kytkent\u00e4rasiaan (ulkomitat 82mm) c\/c 67mm reik\u00e4v\u00e4lill\u00e4. Riviliitin ruuviliittimill\u00e4 ja nostotoiminnolla 0,14-1 mm2 monijohtimelle. 16 kpl tulokaapelille ja 16 kpl l\u00e4htev\u00e4lle kaapelille. Mukana nelikulmainen kansi 92\u00d792 mm valkoista UL94-V0 muovia.<\/p>","protected":false},"excerpt":{"rendered":"<p>Liit\u00e4nt\u00e4liitin asennusta varten upotettuna kytkent\u00e4rasiaan (ulkomitat 82mm) c\/c 67mm reik\u00e4v\u00e4lill\u00e4. Riviliitin ruuviliittimill\u00e4 ja nostotoiminnolla 0,14-1 mm2 monijohtimelle. 16 kpl tulokaapelille ja 16 kpl kaapelille<\/p>","protected":false},"featured_media":142355,"template":"","meta":{"_acf_changed":false},"product_brand":[],"product_cat":[1545],"product_tag":[2216,2222],"class_list":{"0":"post-52179","1":"product","2":"type-product","3":"status-publish","4":"has-post-thumbnail","6":"product_cat-kopplingsdosa-larmdosa","7":"product_tag-dosa-16-polig","8":"product_tag-dosa-for-kopplingsdosa-k-dosa","9":"product_shipping_class-postnord-varubrev","10":"pa_brands-alarmtech","11":"pa_farg-ovrigt","12":"tm-no-options","14":"first","15":"instock","16":"sale","17":"taxable","18":"shipping-taxable","19":"purchasable","20":"product-type-simple"},"acf":[],"_links":{"self":[{"href":"https:\/\/secureus.se\/fi\/wp-json\/wp\/v2\/product\/52179","targetHints":{"allow":["GET"]}}],"collection":[{"href":"https:\/\/secureus.se\/fi\/wp-json\/wp\/v2\/product"}],"about":[{"href":"https:\/\/secureus.se\/fi\/wp-json\/wp\/v2\/types\/product"}],"wp:featuredmedia":[{"embeddable":true,"href":"https:\/\/secureus.se\/fi\/wp-json\/wp\/v2\/media\/142355"}],"wp:attachment":[{"href":"https:\/\/secureus.se\/fi\/wp-json\/wp\/v2\/media?parent=52179"}],"wp:term":[{"taxonomy":"product_brand","embeddable":true,"href":"https:\/\/secureus.se\/fi\/wp-json\/wp\/v2\/product_brand?post=52179"},{"taxonomy":"product_cat","embeddable":true,"href":"https:\/\/secureus.se\/fi\/wp-json\/wp\/v2\/product_cat?post=52179"},{"taxonomy":"product_tag","embeddable":true,"href":"https:\/\/secureus.se\/fi\/wp-json\/wp\/v2\/product_tag?post=52179"}],"curies":[{"name":"wp","href":"https:\/\/api.w.org\/{rel}","templated":true}]}}