{"id":52180,"date":"2022-06-29T13:00:43","date_gmt":"2022-06-29T11:00:43","guid":{"rendered":"https:\/\/secureus.se\/produkt\/kk-lada-for-20-plint\/"},"modified":"2026-03-26T11:40:48","modified_gmt":"2026-03-26T10:40:48","slug":"kk-lada-for-20-plint","status":"publish","type":"product","link":"https:\/\/secureus.se\/fi\/kk-lada-for-20-plint\/","title":{"rendered":"Kk Box 20 terminaalille"},"content":{"rendered":"<p>Tukeva kotelo galvanoitua pelti\u00e4, jossa on lakattu valkoinen kansi ja valmiiksi rei&#039;itetyt kaapelin ulostulot, jotka on peitetty muovitulpilla. Mitat 422x528x38mm. Sopii kaikkiin Fatum-ohjelman moduuliliittimiin ja on valmistettu 20 moduulille. T\u00e4ydennet\u00e4\u00e4n kylttikilvell\u00e4 sein\u00e4lle 3132.01 (5015560), lis\u00e4pistokkeella 0905.18 (5015540) ja sein\u00e4kiinnikkeill\u00e4 2590.04 (5015360) tai moduulin kyltill\u00e4 nro 3131.01 (5015386).<\/p>","protected":false},"excerpt":{"rendered":"<p>Tukeva laatikko galvanoitua pelti\u00e4, jossa on lakattu valkoinen kansi ja valmiiksi rei&#039;itetyt kaapelin ulostulot, jotka on peitetty muovitulpilla. Mitat 422x528x38mm. Sopii kaikkiin Fatum-ohjelman moduuliliittimiin ja on valmistettu 20 moduulille. Mukana allekirjoituskilpi<\/p>","protected":false},"featured_media":142934,"template":"","meta":{"_acf_changed":false},"product_brand":[],"product_cat":[1547],"product_tag":[],"class_list":{"0":"post-52180","1":"product","2":"type-product","3":"status-publish","4":"has-post-thumbnail","6":"product_cat-plint-larm-telebox","7":"product_shipping_class-postnord-varubrev","8":"pa_brands-alarmtech","9":"tm-no-options","11":"first","12":"outofstock","13":"sale","14":"taxable","15":"shipping-taxable","16":"purchasable","17":"product-type-simple"},"acf":[],"_links":{"self":[{"href":"https:\/\/secureus.se\/fi\/wp-json\/wp\/v2\/product\/52180","targetHints":{"allow":["GET"]}}],"collection":[{"href":"https:\/\/secureus.se\/fi\/wp-json\/wp\/v2\/product"}],"about":[{"href":"https:\/\/secureus.se\/fi\/wp-json\/wp\/v2\/types\/product"}],"wp:featuredmedia":[{"embeddable":true,"href":"https:\/\/secureus.se\/fi\/wp-json\/wp\/v2\/media\/142934"}],"wp:attachment":[{"href":"https:\/\/secureus.se\/fi\/wp-json\/wp\/v2\/media?parent=52180"}],"wp:term":[{"taxonomy":"product_brand","embeddable":true,"href":"https:\/\/secureus.se\/fi\/wp-json\/wp\/v2\/product_brand?post=52180"},{"taxonomy":"product_cat","embeddable":true,"href":"https:\/\/secureus.se\/fi\/wp-json\/wp\/v2\/product_cat?post=52180"},{"taxonomy":"product_tag","embeddable":true,"href":"https:\/\/secureus.se\/fi\/wp-json\/wp\/v2\/product_tag?post=52180"}],"curies":[{"name":"wp","href":"https:\/\/api.w.org\/{rel}","templated":true}]}}