{"id":52185,"date":"2022-06-29T12:59:18","date_gmt":"2022-06-29T10:59:18","guid":{"rendered":"https:\/\/secureus.se\/produkt\/larmbox-16-pol-10-kohm\/"},"modified":"2026-04-08T16:47:48","modified_gmt":"2026-04-08T14:47:48","slug":"larmbox-16-pol-10-kohm","status":"publish","type":"product","link":"https:\/\/secureus.se\/fi\/larmbox-16-pol-10-kohm\/","title":{"rendered":"H\u00e4lytinlaatikko 16 napa 1,0 Kohm"},"content":{"rendered":"<p>Johdinliit\u00e4nt\u00e4 halkaisijaltaan 0,4-0,7 mm:n johdolle. Erillinen riviliitin tulo- ja l\u00e4ht\u00f6kaapeleille. T\u00e4ydellinen tuote pieness\u00e4 valkoisessa laatikossa, joka on valmistettu UL94-V0-muovista (tulenkest\u00e4v\u00e4 ja halogeeniton) vakaassa paksuudessa. Jakorasiaa voidaan t\u00e4ydent\u00e4\u00e4 pinotettavilla sein\u00e4v\u00e4likkeill\u00e4, joiden pituus on 6 mm tai 13 mm, katso 2581.06 (nro 5015236) tai 2581.13 (nro 5015238) ja pienell\u00e4 sein\u00e4kyltill\u00e4, katso 3132.01 (nro 5015560).<\/p>","protected":false},"excerpt":{"rendered":"<p>Johdinliit\u00e4nt\u00e4 halkaisijaltaan 0,4-0,7 mm:n johdolle. Erillinen riviliitin tulo- ja l\u00e4ht\u00f6kaapeleille. T\u00e4ydellinen tuote pieness\u00e4 valkoisessa laatikossa, joka on valmistettu UL94-V0-muovista (tulenkest\u00e4v\u00e4 ja halogeeniton) vakaassa paksuudessa. Kytkent\u00e4rasiaa voidaan t\u00e4ydent\u00e4\u00e4<\/p>","protected":false},"featured_media":142395,"template":"","meta":{"_acf_changed":false},"product_brand":[],"product_cat":[1545],"product_tag":[2216],"class_list":{"0":"post-52185","1":"product","2":"type-product","3":"status-publish","4":"has-post-thumbnail","6":"product_cat-kopplingsdosa-larmdosa","7":"product_tag-dosa-16-polig","8":"product_shipping_class-postnord-varubrev","9":"pa_brands-alarmtech","10":"pa_farg-vit","11":"tm-no-options","13":"first","14":"outofstock","15":"sale","16":"taxable","17":"shipping-taxable","18":"purchasable","19":"product-type-simple"},"acf":[],"_links":{"self":[{"href":"https:\/\/secureus.se\/fi\/wp-json\/wp\/v2\/product\/52185","targetHints":{"allow":["GET"]}}],"collection":[{"href":"https:\/\/secureus.se\/fi\/wp-json\/wp\/v2\/product"}],"about":[{"href":"https:\/\/secureus.se\/fi\/wp-json\/wp\/v2\/types\/product"}],"wp:featuredmedia":[{"embeddable":true,"href":"https:\/\/secureus.se\/fi\/wp-json\/wp\/v2\/media\/142395"}],"wp:attachment":[{"href":"https:\/\/secureus.se\/fi\/wp-json\/wp\/v2\/media?parent=52185"}],"wp:term":[{"taxonomy":"product_brand","embeddable":true,"href":"https:\/\/secureus.se\/fi\/wp-json\/wp\/v2\/product_brand?post=52185"},{"taxonomy":"product_cat","embeddable":true,"href":"https:\/\/secureus.se\/fi\/wp-json\/wp\/v2\/product_cat?post=52185"},{"taxonomy":"product_tag","embeddable":true,"href":"https:\/\/secureus.se\/fi\/wp-json\/wp\/v2\/product_tag?post=52185"}],"curies":[{"name":"wp","href":"https:\/\/api.w.org\/{rel}","templated":true}]}}