{"id":52194,"date":"2022-06-29T12:56:35","date_gmt":"2022-06-29T10:56:35","guid":{"rendered":"https:\/\/secureus.se\/produkt\/kopplingsbox-plat-2-plint\/"},"modified":"2026-04-08T16:54:48","modified_gmt":"2026-04-08T14:54:48","slug":"kopplingsbox-plat-2-plint","status":"publish","type":"product","link":"https:\/\/secureus.se\/fi\/kopplingsbox-plat-2-plint\/","title":{"rendered":"Kytkent\u00e4rasia, levy 2, liitin"},"content":{"rendered":"<p>Tukeva kotelo galvanoidusta levyst\u00e4, jossa on lakattu valkoinen kansi ja valmiiksi rei&#039;itetyt kaapelil\u00e4hd\u00f6t, jotka on peitetty muovipistokkeilla. Mitat 128x126x38mm. Sopii kaikkiin Fatum-ohjelmamoduuliliittimiin ja on valmistettu kahdelle moduulille. Laatikko on saatavana my\u00f6s samankokoisena, mutta allekirjoituksella varustettuna, katso 3202.03 (5015257). T\u00e4ydennet\u00e4\u00e4n allekirjoituskilvell\u00e4 sein\u00e4lle tuotenumero 3132.01 (5015560), lis\u00e4pistokkeella 0905.18 (5015540) ja sein\u00e4kiinnikkeill\u00e4 2590.04 (5015360)<\/p>","protected":false},"excerpt":{"rendered":"<p>Tukeva kotelo galvanoitua pelti\u00e4, jossa on lakattu valkoinen kansi ja valmiiksi rei&#039;itetyt kaapelin ulostulot, jotka on peitetty muovitulpilla. Mitat 128x126x38mm. Sopii kaikkiin Fatum-ohjelman moduuliliittimiin ja on valmistettu kahdelle moduulille. Laatikko l\u00f6ytyy my\u00f6s<\/p>","protected":false},"featured_media":142945,"template":"","meta":{"_acf_changed":false},"product_brand":[],"product_cat":[1547],"product_tag":[2210],"class_list":{"0":"post-52194","1":"product","2":"type-product","3":"status-publish","4":"has-post-thumbnail","6":"product_cat-plint-larm-telebox","7":"product_tag-box-plat","8":"product_shipping_class-postnord-varubrev","9":"pa_brands-alarmtech","10":"tm-no-options","12":"first","13":"instock","14":"sale","15":"taxable","16":"shipping-taxable","17":"purchasable","18":"product-type-simple"},"acf":[],"_links":{"self":[{"href":"https:\/\/secureus.se\/fi\/wp-json\/wp\/v2\/product\/52194","targetHints":{"allow":["GET"]}}],"collection":[{"href":"https:\/\/secureus.se\/fi\/wp-json\/wp\/v2\/product"}],"about":[{"href":"https:\/\/secureus.se\/fi\/wp-json\/wp\/v2\/types\/product"}],"wp:featuredmedia":[{"embeddable":true,"href":"https:\/\/secureus.se\/fi\/wp-json\/wp\/v2\/media\/142945"}],"wp:attachment":[{"href":"https:\/\/secureus.se\/fi\/wp-json\/wp\/v2\/media?parent=52194"}],"wp:term":[{"taxonomy":"product_brand","embeddable":true,"href":"https:\/\/secureus.se\/fi\/wp-json\/wp\/v2\/product_brand?post=52194"},{"taxonomy":"product_cat","embeddable":true,"href":"https:\/\/secureus.se\/fi\/wp-json\/wp\/v2\/product_cat?post=52194"},{"taxonomy":"product_tag","embeddable":true,"href":"https:\/\/secureus.se\/fi\/wp-json\/wp\/v2\/product_tag?post=52194"}],"curies":[{"name":"wp","href":"https:\/\/api.w.org\/{rel}","templated":true}]}}