{"id":52198,"date":"2022-06-29T12:55:34","date_gmt":"2022-06-29T10:55:34","guid":{"rendered":"https:\/\/secureus.se\/produkt\/box-19-2x-lnl-2-modul\/"},"modified":"2026-04-23T10:46:02","modified_gmt":"2026-04-23T08:46:02","slug":"box-19-2x-lnl-2-modul","status":"publish","type":"product","link":"https:\/\/secureus.se\/fi\/box-19-2x-lnl-2-modul\/","title":{"rendered":"Laatikko 19\u2033 2X Lnl + 2 moduuli"},"content":{"rendered":"<p>Mahdollistaa riviliittimien ja Lenel-korttien k\u00e4tev\u00e4n asennuksen vaakasuoraan, tilaa jopa 2 suurelle Lenel-kortille. P\u00e4\u00e4tev\u00e4likkeet on sijoitettu Lenel-korteille sopivaksi ja ne sis\u00e4ltyv\u00e4t tuotteen mukana. Metallilaatikon koko 44x485x220mm (KxLxS), valkoiseksi pulverimaalattu kansi. Kaapelin ulostulot takana. Mukana liitinv\u00e4likkeet ja kaapelisuoja. Valinnaisesti t\u00e4ydennetty sein\u00e4merkint\u00e4levyll\u00e4 3132.01 (5015560) tai muilla liitinv\u00e4likkeill\u00e4, esim. tuotenro. 2591.12 tai 2591.15 (nro 5015374, 5015376)<\/p>","protected":false},"excerpt":{"rendered":"<p>Mahdollistaa riviliittimien ja Lenel-korttien k\u00e4tev\u00e4n asennuksen vaakasuoraan, tilaa jopa 2 suurelle Lenel-kortille. P\u00e4\u00e4tev\u00e4likkeet on sijoitettu Lenel-korteille sopivaksi ja ne sis\u00e4ltyv\u00e4t tuotteen mukana. Koko<\/p>","protected":false},"featured_media":142578,"template":"","meta":{"_acf_changed":false},"product_brand":[],"product_cat":[1547],"product_tag":[2213],"class_list":{"0":"post-52198","1":"product","2":"type-product","3":"status-publish","4":"has-post-thumbnail","6":"product_cat-plint-larm-telebox","7":"product_tag-box-19-med-tillbehor","8":"product_shipping_class-postnord-varubrev","9":"pa_brands-alarmtech","10":"tm-no-options","12":"first","13":"instock","14":"sale","15":"taxable","16":"shipping-taxable","17":"purchasable","18":"product-type-simple"},"acf":[],"_links":{"self":[{"href":"https:\/\/secureus.se\/fi\/wp-json\/wp\/v2\/product\/52198","targetHints":{"allow":["GET"]}}],"collection":[{"href":"https:\/\/secureus.se\/fi\/wp-json\/wp\/v2\/product"}],"about":[{"href":"https:\/\/secureus.se\/fi\/wp-json\/wp\/v2\/types\/product"}],"wp:featuredmedia":[{"embeddable":true,"href":"https:\/\/secureus.se\/fi\/wp-json\/wp\/v2\/media\/142578"}],"wp:attachment":[{"href":"https:\/\/secureus.se\/fi\/wp-json\/wp\/v2\/media?parent=52198"}],"wp:term":[{"taxonomy":"product_brand","embeddable":true,"href":"https:\/\/secureus.se\/fi\/wp-json\/wp\/v2\/product_brand?post=52198"},{"taxonomy":"product_cat","embeddable":true,"href":"https:\/\/secureus.se\/fi\/wp-json\/wp\/v2\/product_cat?post=52198"},{"taxonomy":"product_tag","embeddable":true,"href":"https:\/\/secureus.se\/fi\/wp-json\/wp\/v2\/product_tag?post=52198"}],"curies":[{"name":"wp","href":"https:\/\/api.w.org\/{rel}","templated":true}]}}