{"id":52200,"date":"2022-06-29T12:55:13","date_gmt":"2022-06-29T10:55:13","guid":{"rendered":"https:\/\/secureus.se\/produkt\/larmbox-mini-10-pol-skruv\/"},"modified":"2026-03-26T11:41:49","modified_gmt":"2026-03-26T10:41:49","slug":"larmbox-mini-10-pol-skruv","status":"publish","type":"product","link":"https:\/\/secureus.se\/fi\/larmbox-mini-10-pol-skruv\/","title":{"rendered":"H\u00e4lytinlaatikko Mini 10 napainen ruuvi"},"content":{"rendered":"<p>Ruuviliitin hissitoiminnolla ja 0,14-1mm2 johdolle. T\u00e4ydellinen tuote pieness\u00e4 valkoisessa laatikossa, joka on valmistettu UL94-V0-muovista (tulenkest\u00e4v\u00e4 ja halogeeniton) vakaassa paksuudessa. Jakorasiaa voidaan t\u00e4ydent\u00e4\u00e4 pinotettavilla 6 mm tai 13 mm pituisilla sein\u00e4v\u00e4likkeill\u00e4, katso 2581.06, Enr 5015236 tai 2581.13 Enr 5015238, sek\u00e4 pienell\u00e4 sein\u00e4kyltill\u00e4 katso 3132.01 Enr 5015560.<\/p>","protected":false},"excerpt":{"rendered":"<p>Ruuviliitin hissitoiminnolla ja 0,14-1mm2 johdolle. T\u00e4ydellinen tuote pieness\u00e4 valkoisessa laatikossa, joka on valmistettu UL94-V0-muovista (tulenkest\u00e4v\u00e4 ja halogeeniton) vakaassa paksuudessa. Jakorasiaa voidaan t\u00e4ydent\u00e4\u00e4 pinotettavilla sein\u00e4v\u00e4likkeill\u00e4 i<\/p>","protected":false},"featured_media":142962,"template":"","meta":{"_acf_changed":false},"product_brand":[],"product_cat":[1545],"product_tag":[2219],"class_list":{"0":"post-52200","1":"product","2":"type-product","3":"status-publish","4":"has-post-thumbnail","6":"product_cat-kopplingsdosa-larmdosa","7":"product_tag-dosa-10-polig","8":"product_shipping_class-postnord-varubrev","9":"pa_brands-alarmtech","10":"pa_farg-vit","11":"tm-no-options","13":"first","14":"instock","15":"sale","16":"taxable","17":"shipping-taxable","18":"purchasable","19":"product-type-simple"},"acf":[],"_links":{"self":[{"href":"https:\/\/secureus.se\/fi\/wp-json\/wp\/v2\/product\/52200","targetHints":{"allow":["GET"]}}],"collection":[{"href":"https:\/\/secureus.se\/fi\/wp-json\/wp\/v2\/product"}],"about":[{"href":"https:\/\/secureus.se\/fi\/wp-json\/wp\/v2\/types\/product"}],"wp:featuredmedia":[{"embeddable":true,"href":"https:\/\/secureus.se\/fi\/wp-json\/wp\/v2\/media\/142962"}],"wp:attachment":[{"href":"https:\/\/secureus.se\/fi\/wp-json\/wp\/v2\/media?parent=52200"}],"wp:term":[{"taxonomy":"product_brand","embeddable":true,"href":"https:\/\/secureus.se\/fi\/wp-json\/wp\/v2\/product_brand?post=52200"},{"taxonomy":"product_cat","embeddable":true,"href":"https:\/\/secureus.se\/fi\/wp-json\/wp\/v2\/product_cat?post=52200"},{"taxonomy":"product_tag","embeddable":true,"href":"https:\/\/secureus.se\/fi\/wp-json\/wp\/v2\/product_tag?post=52200"}],"curies":[{"name":"wp","href":"https:\/\/api.w.org\/{rel}","templated":true}]}}