{"id":52203,"date":"2022-06-29T12:54:14","date_gmt":"2022-06-29T10:54:14","guid":{"rendered":"https:\/\/secureus.se\/produkt\/larmbox-k-dosa-20-pol-skr\/"},"modified":"2026-03-26T11:44:08","modified_gmt":"2026-03-26T10:44:08","slug":"larmbox-k-dosa-20-pol-skr","status":"publish","type":"product","link":"https:\/\/secureus.se\/fi\/larmbox-k-dosa-20-pol-skr\/","title":{"rendered":"H\u00e4lytinlaatikko K-Dosa 20 Pol Skr"},"content":{"rendered":"<p>Liit\u00e4nt\u00e4liitin asennusta varten upotettuna kytkent\u00e4rasiaan (ulkomitat n. 82mm ja c\/c 67mm reik\u00e4et\u00e4isyydell\u00e4). Soveltuu helposti liitt\u00e4m\u00e4\u00e4n oheislaitteita, kuten magneettikoskettimet ja lasinrikkoilmaisimet jne. Mukana riviliitin, liitinpidike ja neli\u00f6m\u00e4inen kansi 92 x 92 mm valkoista UL94-V0 muovia.<\/p>","protected":false},"excerpt":{"rendered":"<p>Liit\u00e4nt\u00e4liitin asennusta varten upotettuna kytkent\u00e4rasiaan (ulkomitat n. 82mm ja c\/c 67mm reik\u00e4et\u00e4isyydell\u00e4). Soveltuu helposti liitt\u00e4m\u00e4\u00e4n oheislaitteita, kuten magneettikoskettimet ja lasinrikkoilmaisimet jne. Mukana riviliitin, liitinpidike<\/p>","protected":false},"featured_media":142590,"template":"","meta":{"_acf_changed":false},"product_brand":[],"product_cat":[1545],"product_tag":[2217],"class_list":{"0":"post-52203","1":"product","2":"type-product","3":"status-publish","4":"has-post-thumbnail","6":"product_cat-kopplingsdosa-larmdosa","7":"product_tag-dosa-20-polig","8":"product_shipping_class-postnord-varubrev","9":"pa_brands-alarmtech","10":"pa_farg-ovrigt","11":"tm-no-options","13":"first","14":"instock","15":"sale","16":"taxable","17":"shipping-taxable","18":"purchasable","19":"product-type-simple"},"acf":[],"_links":{"self":[{"href":"https:\/\/secureus.se\/fi\/wp-json\/wp\/v2\/product\/52203","targetHints":{"allow":["GET"]}}],"collection":[{"href":"https:\/\/secureus.se\/fi\/wp-json\/wp\/v2\/product"}],"about":[{"href":"https:\/\/secureus.se\/fi\/wp-json\/wp\/v2\/types\/product"}],"wp:featuredmedia":[{"embeddable":true,"href":"https:\/\/secureus.se\/fi\/wp-json\/wp\/v2\/media\/142590"}],"wp:attachment":[{"href":"https:\/\/secureus.se\/fi\/wp-json\/wp\/v2\/media?parent=52203"}],"wp:term":[{"taxonomy":"product_brand","embeddable":true,"href":"https:\/\/secureus.se\/fi\/wp-json\/wp\/v2\/product_brand?post=52203"},{"taxonomy":"product_cat","embeddable":true,"href":"https:\/\/secureus.se\/fi\/wp-json\/wp\/v2\/product_cat?post=52203"},{"taxonomy":"product_tag","embeddable":true,"href":"https:\/\/secureus.se\/fi\/wp-json\/wp\/v2\/product_tag?post=52203"}],"curies":[{"name":"wp","href":"https:\/\/api.w.org\/{rel}","templated":true}]}}