{"id":52206,"date":"2022-06-29T12:53:04","date_gmt":"2022-06-29T10:53:04","guid":{"rendered":"https:\/\/secureus.se\/produkt\/sabotageplint-2-pol\/"},"modified":"2026-04-08T16:48:26","modified_gmt":"2026-04-08T14:48:26","slug":"sabotageplint-2-pol","status":"publish","type":"product","link":"https:\/\/secureus.se\/fi\/sabotageplint-2-pol\/","title":{"rendered":"Peukalointiliitin 2 napa"},"content":{"rendered":"<p>Pieni mikroliitin, jossa kaksi ruuviliitint\u00e4 hissitoiminnolla. Asennetaan lis\u00e4varusteena, jos asennuksesta puuttuu peukalointikosketin tai irrotussuoja. Kiinnitet\u00e4\u00e4n suoraan et\u00e4isyydelle 6 mm ruuvilla tai vaihtoehtoisesti olemassa olevan liittimen p\u00e4\u00e4lle (esimerkiksi allekirjoitusliittimen sijaan). Pakattu ruuvilla ja mutterilla ja noin 12 mm pitk\u00e4ll\u00e4 jousella. Koko 15x29x10mm.<\/p>","protected":false},"excerpt":{"rendered":"<p>Pieni mikroliitin, jossa kaksi ruuviliitint\u00e4 hissitoiminnolla. Asennetaan lis\u00e4varusteena, jos asennuksesta puuttuu peukalointikosketin tai irrotussuoja. Kiinnitet\u00e4\u00e4n suoraan et\u00e4isyydelle 6 mm ruuvilla tai vaihtoehtoisesti olemassa olevan p\u00e4\u00e4lle<\/p>","protected":false},"featured_media":142124,"template":"","meta":{"_acf_changed":false},"product_brand":[],"product_cat":[1545],"product_tag":[2225],"class_list":{"0":"post-52206","1":"product","2":"type-product","3":"status-publish","4":"has-post-thumbnail","6":"product_cat-kopplingsdosa-larmdosa","7":"product_tag-sabplint-utomhus-ovr","8":"product_shipping_class-postnord-varubrev","9":"pa_brands-alarmtech","10":"pa_farg-vit","11":"tm-no-options","13":"first","14":"instock","15":"sale","16":"taxable","17":"shipping-taxable","18":"purchasable","19":"product-type-simple"},"acf":[],"_links":{"self":[{"href":"https:\/\/secureus.se\/fi\/wp-json\/wp\/v2\/product\/52206","targetHints":{"allow":["GET"]}}],"collection":[{"href":"https:\/\/secureus.se\/fi\/wp-json\/wp\/v2\/product"}],"about":[{"href":"https:\/\/secureus.se\/fi\/wp-json\/wp\/v2\/types\/product"}],"wp:featuredmedia":[{"embeddable":true,"href":"https:\/\/secureus.se\/fi\/wp-json\/wp\/v2\/media\/142124"}],"wp:attachment":[{"href":"https:\/\/secureus.se\/fi\/wp-json\/wp\/v2\/media?parent=52206"}],"wp:term":[{"taxonomy":"product_brand","embeddable":true,"href":"https:\/\/secureus.se\/fi\/wp-json\/wp\/v2\/product_brand?post=52206"},{"taxonomy":"product_cat","embeddable":true,"href":"https:\/\/secureus.se\/fi\/wp-json\/wp\/v2\/product_cat?post=52206"},{"taxonomy":"product_tag","embeddable":true,"href":"https:\/\/secureus.se\/fi\/wp-json\/wp\/v2\/product_tag?post=52206"}],"curies":[{"name":"wp","href":"https:\/\/api.w.org\/{rel}","templated":true}]}}