{"id":52208,"date":"2022-06-29T12:52:41","date_gmt":"2022-06-29T10:52:41","guid":{"rendered":"https:\/\/secureus.se\/produkt\/sak-box-10-30v-dc-ac-skruv\/"},"modified":"2026-04-23T11:07:41","modified_gmt":"2026-04-23T09:07:41","slug":"sak-box-10-30v-dc-ac-skruv","status":"publish","type":"product","link":"https:\/\/secureus.se\/fi\/sak-box-10-30v-dc-ac-skruv\/","title":{"rendered":"Tallelokero 10-30V DC\/AC ruuvi"},"content":{"rendered":"<p>Virransy\u00f6t\u00f6n hajauttamiseen 10A 5 osaan. 2-napainen sulake max 2A. Rele sarjassa LEDin kanssa ilmaisemaan sulakkeen t\u00e4yteen, koskee sek\u00e4 + ett\u00e4 -. T\u00e4ydellinen h\u00e4lytys sulkemisesta tai rikkoutumisesta. Kannessa on allekirjoitusaukko (allekirjoitusp\u00e4\u00e4te sis\u00e4ltyy tuotteeseen). Laatikkoa voidaan t\u00e4ydent\u00e4\u00e4 pinoavilla sein\u00e4v\u00e4likkeill\u00e4 6mm tai 13mm pituuksilla 2581.06 (5015236), 2581.13 (5015238) ja my\u00f6s sein\u00e4kyltill\u00e4\/merkint\u00e4kilvell\u00e4 3132.01 (5015560).<\/p>","protected":false},"excerpt":{"rendered":"<p>Virransy\u00f6t\u00f6n hajauttamiseen 10A 5 osaan. 2-napainen sulake max 2A. Sarjassa oleva rele LEDin kanssa t\u00e4yden sulakkeen ilmaisemiseksi, koskee sek\u00e4 + ett\u00e4 -. T\u00e4ysh\u00e4lytys pois p\u00e4\u00e4lt\u00e4<\/p>","protected":false},"featured_media":142488,"template":"","meta":{"_acf_changed":false},"product_brand":[],"product_cat":[1545],"product_tag":[2223],"class_list":{"0":"post-52208","1":"product","2":"type-product","3":"status-publish","4":"has-post-thumbnail","6":"product_cat-kopplingsdosa-larmdosa","7":"product_tag-dosa-med-rela-sokring","8":"product_shipping_class-postnord-varubrev","9":"pa_brands-alarmtech","10":"pa_farg-vit","11":"tm-no-options","13":"first","14":"instock","15":"sale","16":"taxable","17":"shipping-taxable","18":"purchasable","19":"product-type-simple"},"acf":[],"_links":{"self":[{"href":"https:\/\/secureus.se\/fi\/wp-json\/wp\/v2\/product\/52208","targetHints":{"allow":["GET"]}}],"collection":[{"href":"https:\/\/secureus.se\/fi\/wp-json\/wp\/v2\/product"}],"about":[{"href":"https:\/\/secureus.se\/fi\/wp-json\/wp\/v2\/types\/product"}],"wp:featuredmedia":[{"embeddable":true,"href":"https:\/\/secureus.se\/fi\/wp-json\/wp\/v2\/media\/142488"}],"wp:attachment":[{"href":"https:\/\/secureus.se\/fi\/wp-json\/wp\/v2\/media?parent=52208"}],"wp:term":[{"taxonomy":"product_brand","embeddable":true,"href":"https:\/\/secureus.se\/fi\/wp-json\/wp\/v2\/product_brand?post=52208"},{"taxonomy":"product_cat","embeddable":true,"href":"https:\/\/secureus.se\/fi\/wp-json\/wp\/v2\/product_cat?post=52208"},{"taxonomy":"product_tag","embeddable":true,"href":"https:\/\/secureus.se\/fi\/wp-json\/wp\/v2\/product_tag?post=52208"}],"curies":[{"name":"wp","href":"https:\/\/api.w.org\/{rel}","templated":true}]}}