{"id":52209,"date":"2022-06-29T12:51:49","date_gmt":"2022-06-29T10:51:49","guid":{"rendered":"https:\/\/secureus.se\/produkt\/kk-lada-19-linjal-m-lock\/"},"modified":"2026-04-08T16:41:40","modified_gmt":"2026-04-08T14:41:40","slug":"kk-lada-19-linjal-m-lock","status":"publish","type":"product","link":"https:\/\/secureus.se\/fi\/kk-lada-19-linjal-m-lock\/","title":{"rendered":"Kk-laatikko 19\u2033 viivain M kansi"},"content":{"rendered":"<p>Kannella varustettu viivain 19&quot; FATUM Module -liittimien telineasennukseen. Mukana valmiiksi kootut liitinv\u00e4likkeet ja valkoinen jauhemaalattu kansi, jonka vasemmassa kulmassa on reik\u00e4 allekirjoitusp\u00e4\u00e4tett\u00e4 varten. Mukana kaapelisuojus 0901.21 kaapelien johtamiseksi viivaimen rei\u00e4n l\u00e4pi ja liittimen allekirjoitus 3131.01 (nro 5015386), joka napsautetaan ensimm\u00e4iseen liitinkohtaan tai vaihtoehtoisesti 3132.01 (nro 5015560) sein\u00e4n allekirjoituskyltti.<\/p>","protected":false},"excerpt":{"rendered":"<p>Kannella varustettu viivain 19&quot; FATUM Module -liittimien telineasennukseen. Mukana valmiiksi kootut liitinv\u00e4likkeet ja valkoinen jauhemaalattu kansi, jonka vasemmassa kulmassa on reik\u00e4 allekirjoitusp\u00e4\u00e4tett\u00e4 varten. Mukana kaapelisuoja 0901.21 for<\/p>","protected":false},"featured_media":142414,"template":"","meta":{"_acf_changed":false},"product_brand":[],"product_cat":[1547],"product_tag":[2213],"class_list":{"0":"post-52209","1":"product","2":"type-product","3":"status-publish","4":"has-post-thumbnail","6":"product_cat-plint-larm-telebox","7":"product_tag-box-19-med-tillbehor","8":"product_shipping_class-tunga-paket","9":"pa_brands-alarmtech","10":"tm-no-options","12":"first","13":"instock","14":"sale","15":"taxable","16":"shipping-taxable","17":"purchasable","18":"product-type-simple"},"acf":[],"_links":{"self":[{"href":"https:\/\/secureus.se\/fi\/wp-json\/wp\/v2\/product\/52209","targetHints":{"allow":["GET"]}}],"collection":[{"href":"https:\/\/secureus.se\/fi\/wp-json\/wp\/v2\/product"}],"about":[{"href":"https:\/\/secureus.se\/fi\/wp-json\/wp\/v2\/types\/product"}],"wp:featuredmedia":[{"embeddable":true,"href":"https:\/\/secureus.se\/fi\/wp-json\/wp\/v2\/media\/142414"}],"wp:attachment":[{"href":"https:\/\/secureus.se\/fi\/wp-json\/wp\/v2\/media?parent=52209"}],"wp:term":[{"taxonomy":"product_brand","embeddable":true,"href":"https:\/\/secureus.se\/fi\/wp-json\/wp\/v2\/product_brand?post=52209"},{"taxonomy":"product_cat","embeddable":true,"href":"https:\/\/secureus.se\/fi\/wp-json\/wp\/v2\/product_cat?post=52209"},{"taxonomy":"product_tag","embeddable":true,"href":"https:\/\/secureus.se\/fi\/wp-json\/wp\/v2\/product_tag?post=52209"}],"curies":[{"name":"wp","href":"https:\/\/api.w.org\/{rel}","templated":true}]}}