{"id":52210,"date":"2022-06-29T12:51:16","date_gmt":"2022-06-29T10:51:16","guid":{"rendered":"https:\/\/secureus.se\/produkt\/sakringsplint-10-30v-dc-ac\/"},"modified":"2026-04-27T15:54:04","modified_gmt":"2026-04-27T13:54:04","slug":"sakringsplint-10-30v-dc-ac","status":"publish","type":"product","link":"https:\/\/secureus.se\/fi\/sakringsplint-10-30v-dc-ac\/","title":{"rendered":"Sulakeliitin 10-30V DC\/AC"},"content":{"rendered":"<p>Virransy\u00f6t\u00f6n jakamiseen 10A 5 lohkoon. 2-napainen sulake max 2A. Sarjassa oleva rele LEDin kanssa t\u00e4yden sulakkeen ilmaisemiseksi, koskee sek\u00e4 + ett\u00e4 -. T\u00e4ydellinen h\u00e4lytys sulkemisesta tai rikkoutumisesta. Erillinen liitin n\u00e4ytt\u00f6\u00f6n liitt\u00e4mist\u00e4 varten. Mukana allekirjoitusjako 3131.01 (enr 5015386). Sokkeli on kooltaan 116x80x16mm ja sopii muovilaatikkoon 4103.02, 4103.03 tai hieman suurempiin metallilaatikoihin. Saatavana my\u00f6s valmiina muovilaatikossa, katso tuotenumero 4103.7103 (Nro 5015329).<\/p>","protected":false},"excerpt":{"rendered":"<p>Virransy\u00f6t\u00f6n jakamiseen 10A 5 lohkoon. 2-napainen sulake max 2A. Sarjassa oleva rele LEDin kanssa t\u00e4yden sulakkeen ilmaisemiseksi, koskee sek\u00e4 + ett\u00e4 -. Totaalinen h\u00e4lytys<\/p>","protected":false},"featured_media":142619,"template":"","meta":{"_acf_changed":false},"product_brand":[],"product_cat":[4153,1548],"product_tag":[2427,2232],"class_list":{"0":"post-52210","1":"product","2":"type-product","3":"status-publish","4":"has-post-thumbnail","6":"product_cat-sakringsmodul","7":"product_cat-relaer-elektronik","8":"product_tag-rel-relaelektonik","9":"product_tag-rela-sakringsmodul","10":"product_shipping_class-postnord-varubrev","11":"pa_brands-alarmtech","12":"pa_farg-ovrigt","13":"tm-no-options","15":"first","16":"instock","17":"sale","18":"taxable","19":"shipping-taxable","20":"purchasable","21":"product-type-simple"},"acf":[],"_links":{"self":[{"href":"https:\/\/secureus.se\/fi\/wp-json\/wp\/v2\/product\/52210","targetHints":{"allow":["GET"]}}],"collection":[{"href":"https:\/\/secureus.se\/fi\/wp-json\/wp\/v2\/product"}],"about":[{"href":"https:\/\/secureus.se\/fi\/wp-json\/wp\/v2\/types\/product"}],"wp:featuredmedia":[{"embeddable":true,"href":"https:\/\/secureus.se\/fi\/wp-json\/wp\/v2\/media\/142619"}],"wp:attachment":[{"href":"https:\/\/secureus.se\/fi\/wp-json\/wp\/v2\/media?parent=52210"}],"wp:term":[{"taxonomy":"product_brand","embeddable":true,"href":"https:\/\/secureus.se\/fi\/wp-json\/wp\/v2\/product_brand?post=52210"},{"taxonomy":"product_cat","embeddable":true,"href":"https:\/\/secureus.se\/fi\/wp-json\/wp\/v2\/product_cat?post=52210"},{"taxonomy":"product_tag","embeddable":true,"href":"https:\/\/secureus.se\/fi\/wp-json\/wp\/v2\/product_tag?post=52210"}],"curies":[{"name":"wp","href":"https:\/\/api.w.org\/{rel}","templated":true}]}}