{"id":52211,"date":"2022-06-29T12:50:58","date_gmt":"2022-06-29T10:50:58","guid":{"rendered":"https:\/\/secureus.se\/produkt\/karmoverforing-14mm-rostfri\/"},"modified":"2026-04-08T16:49:18","modified_gmt":"2026-04-08T14:49:18","slug":"karmoverforing-14mm-rostfri","status":"publish","type":"product","link":"https:\/\/secureus.se\/fi\/karmoverforing-14mm-rostfri\/","title":{"rendered":"Rungon siirto 14 mm ruostumatonta"},"content":{"rendered":"<p>Rungon siirto ruostumattomalla letkulla, jossa molemmissa p\u00e4iss\u00e4 kaapelisuojaus suojaamaan kaapelia siirrett\u00e4ess\u00e4 ovelta runkoon. Pituus 40 cm, ulkohalkaisija 14 mm, sis\u00e4halkaisija 10,5 mm. Kaapelin maksimi halkaisija 8,8 mm. Sein\u00e4kiinnikkeiden mitat ovat 36 x 36 x 17,7 mm, ja niiss\u00e4 on uria, jotka lukitsevat letkun turvalliseen kiinnitykseen. Sein\u00e4kiinnike hopeasta ja ruostumattomasta ter\u00e4ksest\u00e4 valmistettua letkua. Sein\u00e4kiinnike saatavana my\u00f6s irtonaisena, DL H14 (hopea). Muut v\u00e4rit (valkoinen ja ruskea) voidaan tilata erikoistilauksesta.<\/p>","protected":false},"excerpt":{"rendered":"<p>Rungon siirto ruostumattomalla letkulla, jossa molemmissa p\u00e4iss\u00e4 kaapelisuojaus suojaamaan kaapelia siirrett\u00e4ess\u00e4 ovelta runkoon. Pituus 40 cm, ulkohalkaisija 14 mm, sis\u00e4halkaisija 10,5 mm. Max kaapelin halkaisija<\/p>","protected":false},"featured_media":142139,"template":"","meta":{"_acf_changed":false},"product_brand":[],"product_cat":[1546],"product_tag":[],"class_list":{"0":"post-52211","1":"product","2":"type-product","3":"status-publish","4":"has-post-thumbnail","6":"product_cat-kabeloverforing","7":"product_shipping_class-postnord-varubrev","8":"tm-no-options","10":"first","11":"instock","12":"sale","13":"taxable","14":"shipping-taxable","15":"purchasable","16":"product-type-simple"},"acf":[],"_links":{"self":[{"href":"https:\/\/secureus.se\/fi\/wp-json\/wp\/v2\/product\/52211","targetHints":{"allow":["GET"]}}],"collection":[{"href":"https:\/\/secureus.se\/fi\/wp-json\/wp\/v2\/product"}],"about":[{"href":"https:\/\/secureus.se\/fi\/wp-json\/wp\/v2\/types\/product"}],"wp:featuredmedia":[{"embeddable":true,"href":"https:\/\/secureus.se\/fi\/wp-json\/wp\/v2\/media\/142139"}],"wp:attachment":[{"href":"https:\/\/secureus.se\/fi\/wp-json\/wp\/v2\/media?parent=52211"}],"wp:term":[{"taxonomy":"product_brand","embeddable":true,"href":"https:\/\/secureus.se\/fi\/wp-json\/wp\/v2\/product_brand?post=52211"},{"taxonomy":"product_cat","embeddable":true,"href":"https:\/\/secureus.se\/fi\/wp-json\/wp\/v2\/product_cat?post=52211"},{"taxonomy":"product_tag","embeddable":true,"href":"https:\/\/secureus.se\/fi\/wp-json\/wp\/v2\/product_tag?post=52211"}],"curies":[{"name":"wp","href":"https:\/\/api.w.org\/{rel}","templated":true}]}}