{"id":52212,"date":"2022-06-29T12:50:38","date_gmt":"2022-06-29T10:50:38","guid":{"rendered":"https:\/\/secureus.se\/produkt\/kopplingsplint-20-p-25-sk-sk\/"},"modified":"2026-04-23T11:07:42","modified_gmt":"2026-04-23T09:07:42","slug":"kopplingsplint-20-p-25-sk-sk","status":"publish","type":"product","link":"https:\/\/secureus.se\/fi\/kopplingsplint-20-p-25-sk-sk\/","title":{"rendered":"Liit\u00e4nt\u00e4liitin 20-P 2,5 Sk\/Sk"},"content":{"rendered":"<p>P\u00e4\u00e4te sopii Fatumin UL94-V0-muovista valmistettuihin modulaarisiin koteloihin, joissa on tai ei ole punaisen tai valkoisen allekirjoitusaukkoa ja jotka t\u00e4ytt\u00e4v\u00e4t IP55:n. Saatavana yhdelle moduulille 4101.0x tai kolmelle moduulille 4103.0x, allekirjoitusaukolla tai ilman. Vaihtoehtoisesti yksi Fatumin peltilaatikoista 1-20 liittimest\u00e4, katso tuotenumero 3201.02-3210.02 (5015241-5015251). Laatikot voidaan t\u00e4ydent\u00e4\u00e4 sein\u00e4kyltill\u00e4 3132.01 (5015560).<\/p>","protected":false},"excerpt":{"rendered":"<p>P\u00e4\u00e4te sopii Fatumin UL94-V0-muovista valmistettuihin modulaarisiin laatikoihin, joissa on tai ei ole punaisen tai valkoisen allekirjoitusaukkoa ja jotka t\u00e4ytt\u00e4v\u00e4t IP55. Saatavana yhdelle moduulille 4101.0x tai kolmelle moduulille 4103.0x, tai<\/p>","protected":false},"featured_media":142428,"template":"","meta":{"_acf_changed":false},"product_brand":[],"product_cat":[1547],"product_tag":[],"class_list":{"0":"post-52212","1":"product","2":"type-product","3":"status-publish","4":"has-post-thumbnail","6":"product_cat-plint-larm-telebox","7":"product_shipping_class-postnord-varubrev","8":"pa_brands-alarmtech","9":"pa_farg-ovrigt","10":"tm-no-options","12":"first","13":"instock","14":"sale","15":"taxable","16":"shipping-taxable","17":"purchasable","18":"product-type-simple"},"acf":[],"_links":{"self":[{"href":"https:\/\/secureus.se\/fi\/wp-json\/wp\/v2\/product\/52212","targetHints":{"allow":["GET"]}}],"collection":[{"href":"https:\/\/secureus.se\/fi\/wp-json\/wp\/v2\/product"}],"about":[{"href":"https:\/\/secureus.se\/fi\/wp-json\/wp\/v2\/types\/product"}],"wp:featuredmedia":[{"embeddable":true,"href":"https:\/\/secureus.se\/fi\/wp-json\/wp\/v2\/media\/142428"}],"wp:attachment":[{"href":"https:\/\/secureus.se\/fi\/wp-json\/wp\/v2\/media?parent=52212"}],"wp:term":[{"taxonomy":"product_brand","embeddable":true,"href":"https:\/\/secureus.se\/fi\/wp-json\/wp\/v2\/product_brand?post=52212"},{"taxonomy":"product_cat","embeddable":true,"href":"https:\/\/secureus.se\/fi\/wp-json\/wp\/v2\/product_cat?post=52212"},{"taxonomy":"product_tag","embeddable":true,"href":"https:\/\/secureus.se\/fi\/wp-json\/wp\/v2\/product_tag?post=52212"}],"curies":[{"name":"wp","href":"https:\/\/api.w.org\/{rel}","templated":true}]}}